{"id":10,"date":"2010-02-07T21:29:39","date_gmt":"2010-02-07T20:29:39","guid":{"rendered":"http:\/\/gps.hillclimb.de\/?page_id=10"},"modified":"2023-12-06T22:12:43","modified_gmt":"2023-12-06T21:12:43","slug":"google-maps-und-google-earth","status":"publish","type":"page","link":"https:\/\/gps.hillclimb.de\/?page_id=10","title":{"rendered":"Google Earth und Google Maps"},"content":{"rendered":"<p style=\"margin-top: -12px;margin-bottom: 26px;font-size:0.7em;\">Stand 16.11.2019<\/p>\n<p style=\"margin-top: 0px;margin-bottom: 8px;\">Eigentlich gibt es sehr viele M\u00f6glichkeiten, sich die GPS-Daten aus GPS-Logs, die auf Touren gewonnen wurden, anzusehen.<br \/>Sehr bekannt und besonders gut verf\u00fcgbar sind<\/p>\n<p style=\"margin-top: 0px;margin-bottom: 2px;\">&nbsp;&nbsp;Google Maps &#8211;<br \/>&nbsp;&nbsp;&nbsp;allgemeiner \u00dcberblick: <a href=\"https:\/\/de.wikipedia.org\/wiki\/GoogleMaps\" target=\"_blank\" rel=\"noopener\">https:\/\/de.wikipedia.org\/wiki\/GoogleMaps<\/a><br \/>&nbsp;&nbsp;&nbsp;ausf\u00fchrlicher in der <a href=\"https:\/\/support.google.com\/maps\/?hl=de#topic=3092425\" target=\"_blank\" rel=\"noopener\">Google Maps-Hilfe<\/a>&nbsp;(bitte Anmerkung <a href=\"#tote_links\" ><sup><b>Anm&#160;1<\/b><\/sup><\/a> beachten)<br \/> und<\/p>\n<p style=\"margin-top: 0px;margin-bottom: 2px;margin-left:8px;\">Google Earth &#8211;<\/p>\n<p style=\"margin-top: 0px;margin-bottom: 2px;margin-left:12px\"> siehe <a href=\"https:\/\/de.wikipedia.org\/wiki\/Googleearth\" target=\"_blank\" rel=\"noopener\">http:\/\/de.wikipedia.org\/wiki\/Googleearth<\/a>, <\/p>\n<p style=\"margin-top: 0px;margin-bottom: 6px;margin-left:12px;\">\nausf\u00fchrlicher direkt in der <a href=\"https:\/\/www.google.com\/intl\/de\/earth\/about\/resources\/\" target=\"_blank\" rel=\"noopener\">Hilfe von Google&#160;Earth<\/a> mit gesonderten Abschnitten sowohl f\u00fcr den Desktop als auch f\u00fcr das Mobilger\u00e4t oder im<\/p>\n<p style=\"margin-top: 0px;margin-bottom: 2px;margin-left:12px;\"> <a href=\"http:\/\/static.googleusercontent.com\/media\/earth.google.com\/de\/\/userguide\/v5\/google_earth_user_guide.pdf\" target=\"_blank\" rel=\"noopener\">Google Earth Anwenderhandbuch<\/a> (PDF-Datei, allerdings in Englisch: &#34;Google Earth User Guide&#34;).<\/p>\n<p class=\"para-header\">Google Maps <\/p>\n<p style=\"margin-top: 0px;margin-bottom: 6px;\">Google Maps beruht auf HTML &#8211; eine Google Maps-Ansicht l\u00e4sst sich also anders als Google Earth, f\u00fcr das man ein eigenes Programm installieren muss, mit jedem beliebigen Webbrowser \u00f6ffnen.<\/p>\n<p style=\"margin-top: 0px;margin-bottom: 4px;\">Google Maps erlaubt sehr vielf\u00e4ltige Gestaltungsvarianten des Erscheinungsbilds der Log-Daten. Dazu geh\u00f6ren einerseits die Auswahlm\u00f6glichkeiten f\u00fcr das geografische Layout zwischen z.&#160;B.<\/p>\n<ul>\n<li>der Kartenansicht (Schwerpunkt Stra\u00dfen\/Stadtplan),<\/li>\n<li>der Satellitenansicht (\u00e4hnlich der 2D-Ansicht von Google Earth),<\/li>\n<li>der Hybridansicht (Kombination aus der Kartenansicht und der<br \/>Satellitenansicht),<\/li>\n<\/ul>\n<p style=\"margin-top: 0px;margin-bottom: 4px;\">die Google f\u00fcr Google Maps zur Verf\u00fcgung stellt,<\/p>\n<ul>\n<li>das Navigieren und Zoomen in der Fenster-Ansicht<\/li>\n<\/ul>\n<p style=\"margin-top: 0px;margin-bottom: 4px;\">\nund andererseits die<\/p>\n<ul>\n<li>anwendungsseitig mit Scripten gesteuerten<br \/>Gestaltungs-M\u00f6glichkeiten der eigentlichen GPS-Informationen<br \/>aus dem Logger (ausf\u00fchrlich &#8211; u.&#160;a. mit Codebeispielen &#8211; <a href=\"https:\/\/developers.google.com\/maps\/documentation\/javascript\/overview?hl=de-DE\" target=\"_blank\" rel=\"noopener\">hier<\/a>)<\/li>\n<\/ul>\n<p style=\"margin-top: 0px;margin-bottom: 4px;\">\nwie auch<\/p>\n<ul>\n<li>das Einbeziehen weiterer geografisch orientierter Einzelheiten.<\/li>\n<\/ul>\n<p style=\"margin-top: 10px;margin-bottom: 20px;\">Dabei obliegt diese Gestaltung dem Programmierer. Dem Betrachter einer solchen HTML-Seite verbleiben au\u00dfer den vorgegebenen Auswahlm\u00f6glichkeiten und dem Navigieren im Maps-Fenster sowie der Aktivierung der vorgesehenen Einzelheiten des Maps-Fensters keine Variationsm\u00f6glichkeiten. Das betrifft auch die Platzaufteilung zwischen den im Browser-Fenster sichtbaren Bereichen auf dem Bildschirm und damit die anteilige Gr\u00f6\u00dfe der Kartenfenster.<\/p>\n<p class=\"para-header\">Google Earth <\/p>\n<p style=\"margin-top: 0px;margin-bottom: 6px;\">Bezogen auf die Anwendung f\u00fcr GPS-Logger-Daten sind bei Google Earth <a href=\"#ge_version\" ><sup><b>Anm&#160;2<\/b><\/sup><\/a> einige zu nennende M\u00f6glichkeiten:<\/p>\n<ul style=\"margin-top: 0px;margin-bottom: 6px;\">\n<li>der beliebige Wechsel zwischen 2D-Ansicht und 3D-Ansicht mit vielf\u00e4ltiger Einstellbarkeit,<\/li>\n<\/ul>\n<p style=\"margin-top: 0px;margin-bottom: 6px;\">die dem Anwender von haus aus zur Verf\u00fcgung stehende<\/p>\n<ul style=\"margin-top: 0px;margin-bottom: 6px;\">\n<li>\u00e4u\u00dferst umfangreiche geografische Datenbasis<\/li>\n<\/ul>\n<p style=\"margin-top: 0px;margin-bottom: 6px;\">wie auch z. B. als eine Wiedergabeart<\/p>\n<ul style=\"margin-top: 0px;margin-bottom: 8px;\">\n<li>das Abfliegen der geloggten Strecke.<\/li>\n<\/ul>\n<p style=\"margin-top: 0px;margin-bottom: 6px;\">Und schlie\u00dflich:<\/p>\n<ul style=\"margin-top: 0px;margin-bottom: 8px;\">\n<li>Google Earth hat im Menuepunkt &#34;Datei&#34; <br \/>den Balken &#34;In Google Maps ansehen &#8211; (ALT+M)&#34; <a href=\"#gmap\" ><sup><b>Anm&#160;3<\/b><\/sup><\/a>.<\/li>\n<\/ul>\n<p style=\"margin-top: 0px;margin-bottom: 8px;\">Aufgrund der auf Fotoansichten \/ Luftbildern beruhenden Darstellung ist Google Earth besonders auch f\u00fcr Wanderer, mehr noch f\u00fcr Bergwanderer, interessant: Dort wo in Google Maps abseits von Stra\u00dfen nur noch leere Fl\u00e4chen angezeigt werden, sind &#8211; gerade in offenen Bergregionen &#8211; viel begangene Pfade sehr gut zu sehen. Sehr hilfreich kann das bei st\u00e4rkerer Streuung der Logpunkte sein, zu der es aufgrund schwieriger GPS-Empfangssituation leicht kommen kann. Schon mit lediglich der Google Earth-Anwendung ist es m\u00f6glich, abweichende Wegpunkte auf den sichtbaren Wegverlauf zu verschieben, v\u00f6llig verf\u00e4lschte auch zu entfernen &#8211; eine sch\u00f6ne M\u00f6glichkeit, besonders, falls der Verlauf, vielleicht auch mit georeferenzierten Foto erg\u00e4nzt, ver\u00f6ffentlicht werden soll <a href=\"#track_korrektur\" ><sup><b>Anm&#160;4<\/b><\/sup><\/a>. <\/p>\n<p style=\"margin-top: 0px;margin-bottom: 8px;\">Kaum zu \u00fcbertreffen ist Google Earth auch hinsichtlich weiterer Einstellm\u00f6glichkeiten, die dem Nutzer zur Verf\u00fcgung stehen:<\/p>\n<p style=\"margin-top: 0px;margin-bottom: 8px;\">Es kann bequem eine gro\u00dfe Anzahl von Dateien vorgehalten werden, und mittels Klick auf die Auswahl-\/Check-Boxen sind sowohl deren schnelles Hin- bzw. Wegschalten wie auch das Ein- und Ausschalten der jeweils sichtbaren Einzelheiten in den Darstellungen der ausgew\u00e4hlten Dateien m\u00f6glich. Dar\u00fcberhinaus gibt es die &#8211; oben bereits angedeutete, wenn auch nicht sehr komfortable &#8211; M\u00f6glichkeit, Objekte zu editieren und anschlie\u00dfend zu speichern &#8211; siehe im <a href=\"https:\/\/support.google.com\/earth\/answer\/148142?hl=de&#038;topic=2376990&#038;parent=2376989&#038;rd=1\" target=\"_blank\" rel=\"noopener\">Nutzerhandbuch f&uuml;r Fortgeschrittene<\/a>. Dar\u00fcberhinaus kann der Anwender mit der Maus oder der Tastatur die Fenstergr\u00f6\u00dfe einstellen, in der (linken) Seitenleiste die Gr\u00f6\u00dfenaufteilung zwischen dem Such-, dem Orte- und dem Ebenenfenster &auml;ndern, zugunsten einer gr\u00f6\u00dferen Darstellung die Seitenleiste verstecken oder gar den 3D-Viewer im Vollbildmodus betreiben.  <\/p>\n<p style=\"margin-top: 0px;margin-bottom: 8px;\">Als ganz entscheidende Eigenschaft von Google&#160;Earth, auf die bereits die Bezeichnung des Kartenfensters &#34;3D-Viewer&#34; hinweist, muss aber der Modus &#34;Dreidimensionale Darstellung&#34; genannt werden. Er ist bereits f\u00fcr das vom Kartenfenster erfasste Gel\u00e4nde wirksam, sobald man im <em>Ebenen<\/em>-Fenster die <em>Gel\u00e4nde<\/em>-Darstellung aktiviert hat. Mit &#34;3D&#34; ist auch hier &#8211; wie stets bei Karten-Darstellungen &#8211; nicht etwa eine Darstellung f\u00fcr binokulares Betrachten (wie etwa im Fall des 3D-Fernsehens) gemeint, sondern das r\u00e4umlich-perspektivische Bild, entsprechend einer Vogelperspektive. Das schlie\u00dft (intern) mit H\u00f6henangaben versehene Objekte &#8211; Pfade, Ortsmarken &#8211; ein. Pfadverl\u00e4ufe, die am Boden gewonnen wurden (von Fu\u00dfg\u00e4ngern oder im Fahrzeug) schmiegen sich an dieses r\u00e4umlich dargestellte Gel\u00e4nde an. Besonders interessant ist der 3D-Modus allerdings f\u00fcr die Darstellung r\u00e4umlicher Wegverl\u00e4ufe &#8211; von Flugobjekten (Segelflug, Paragliding, Drohnen) oder von mit GPS-Sensoren ausgestatteten Tieren.  <\/p>\n<p style=\"margin-top: 0px;margin-bottom: 8px;\">Trotz dieser langen Reihe interessanter M\u00f6glichkeiten der Visualisierung von Logger-Daten erfreut sich Google Earth meistens nicht der Beliebtheit, die Google Maps entgegengebracht wird. Nicht zu untersch&auml;tzen ist dabei, dass Google Earth eine eigene Anwendung ist, also auf dem Rechner installiert sein muss. Im Unterschied dazu begegnet der Internet-Nutzer dem Fenster von Google Maps innerhalb von html-Seiten am PC bzw. wohl h&auml;ufiger mobil als App &#8211; immer weitgehend automatisch f&uuml;r ihn. <\/p>\n<p style=\"margin-top: 0px;margin-bottom: 8px;\">Bei mobiler Anwendung ist allerdings bei Google Earth, aber auch bei Google Maps im Fall der Satelliten-Ansicht, das beachtliche Datenaufkommen f\u00fcr die hochaufgel\u00f6sten Satelliten-Gel\u00e4ndedaten \u00fcber die Funkverbindung durchaus nicht unproblematisch. Hier kann f\u00fcr Google Earth in manchen F\u00e4llen &#8211; soweit verf\u00fcgbar &#8211; <em>die Nutzung der Cache-Funktion<\/em> f\u00fcr den <a href=\"https:\/\/www.giga.de\/downloads\/google-earth\/tipps\/google-earth-offline-verwenden-so-wirds-gemacht\/\" target=\"_blank\" rel=\"noopener\">Offline-Betrieb von Google Earth<\/a> Abhilfe bringen (im PC werden, in den Optionen einstellbar, innerhalb des Dateisystems angelegt, bis zu 2&#160;GByte unterst\u00fctzt).<\/p>\n<p style=\"margin-top: 0px;margin-bottom: 8px;\">Einzur&auml;umen ist au\u00dferdem, dass man die nicht immer sofort gel&auml;ufigen Bedienvorg&auml;nge des Google Earth-Viewers erst einmal kennen muss. Hierzu gibt es bei <em>Google<\/em> jedoch ein vielf\u00e4ltiges Angebot an Anleitungen bzw. Tutorials (in Textform, auch in Deutsch, wie zum <a href=\"http:\/\/www.google.com\/earth\/outreach\/learn\/annotating-google-earth\/\" target=\"_blank\" rel=\"noopener\">Beispiel<\/a> f\u00fcr das Einbringen von geografischen Zusatzelementen wie eigenst\u00e4ndige Ortsmarkierungen, Pfade &#8211; weitere Themen auch <a href=\"https:\/\/support.google.com\/earth\/?visit_id=0-636105673494988479-878514179&amp;hl=de&amp;rd=2#topic=4363013\" target=\"_blank\" rel=\"noopener\">von hier aus<\/a>) und als YouTube-Videos (in Englisch; erreichbar &#8211; zusammen mit den deutschsprachigen Beschreibungen der vorgenannten Art &#8211; \u00fcber eine <a href=\"https:\/\/www.google.com\/earth\/outreach\/learn\/\" target=\"_blank\" rel=\"noopener\">umfassende \u00dcbersicht zu Google Earth-Anleitungen<\/a>.  <\/p>\n<p class=\"para-header\">Anmerkungen <\/p>\n<p style=\"margin-top: 0px;margin-bottom: 8px;margin-left: 15px;text-indent: -15px;\"><a id=\"tote_links\"><\/a><sup>1<\/sup>&#160; Weiterentwicklungen bei Google bringen es mit sich, dass Links gelegentlich veraltet sind bevor sie in diesen Eintr\u00e4gen aktualisiert werden konnten; dann ggf. mit dem jeweiligen Begriff ausgehend von der <a href=\"https:\/\/support.google.com\/earth\/?hl=de\" target=\"_blank\" rel=\"noopener\">Startseite der Google Earth- Hilfe<\/a> (in Deutsch) suchen. Oder, falls dieser Link eben auch Probleme bereiten sollte, die <em>Google Earth-Hilfe<\/em> in der ge\u00f6ffneten Google Earth-Anwendung selbst mit den Maus-Klicks &#8221;Men\u00fcleiste &gt; Hilfe &gt; Hilferesourcen&#8221; \u00f6ffnen, und ggf. den Suchbegriff oben bei &#8221;Google Earth-Hilfe&#8221; eingeben. <\/p>\n<p style=\"margin-top: 0px;margin-bottom: 8px;margin-left: 15px;text-indent: -15px;\"><a id=\"ge_version\"><\/a><sup>2<\/sup>&#160; Betrifft die freie Basis-Version: <a href=\"https:\/\/www.google.com\/intl\/de\/earth\/about\/\" target=\"_blank\" rel=\"noopener\">http:\/\/www.google.com\/intl\/de\/earth\/<\/a> ; im November 2010 aktuell: Version 5.2.1.1588 vom 1.9.2010; seit Oktober&#160;2016 &#8211; beginnend mit Version&#160;7.1.7.2606 &#8211; gibt es Google&#160;Earth nun auch als kostenlose Pro-Version. <\/p>\n<p style=\"margin-top: 0px;margin-bottom: 8px;margin-left: 15px;text-indent: -15px;\"><a id=\"gmap\"><\/a><sup>3<\/sup>&#160; &#8230; mit der M\u00f6glichkeit zwischen der Satellitenansicht und der Kartenansicht von Google&#160;Maps zu wechseln. Wegen des v\u00f6llig anderen internen Formats eines Pfadverlaufs in Google Maps werden dabei die aktuellen Darstellungen in Google&#160;Earth allerdings nicht \u00fcbernommen. Sie bleiben jedoch im Google-Earth-Viewer-Fenster, an dessen Stelle das Google-Maps-Fenster tritt, erhalten, so dass sie nach der R\u00fcckkehr mittels eines Klicks auf die Zeile &#34;Zur\u00fcck zu Google&#160;Earth&#34; am oberen Bildschirmrand (oberhalb des Google-Maps-Fensters) wieder erscheinen.<\/p>\n<p style=\"margin-top: 0px;margin-bottom: 8px;margin-left: 15px;text-indent: -15px;\"><a id=\"track_korrektur\"><\/a><sup>4<\/sup>&#160; Um die Weglinie, den Path, im Browserfenster zu editieren und so den Verlauf zu korrigieren, aktiviert man &#8211; jeweils mit &#34;Kontext-Men\u00fc&#160;&gt;&#160;Eigenschaften&#34; &#8211; <\/p>\n<p style=\"margin-top: 0px;margin-bottom: 8px;margin-left: 15px\">&#160;&#160;im Browser-Fenster die zuvor angeklickte Pfad-Linie  <\/p>\n<p style=\"margin-top: 0px;margin-bottom: 8px;margin-left: 15px\"> oder   <\/p>\n<p style=\"margin-top: 0px;margin-bottom: 8px;margin-left: 15px\">&#160;&#160;im Orte-Fenster deren Folder.   <\/p>\n<p style=\"margin-top: 0px;margin-bottom: 8px;margin-left: 15px\">In neueren Versionen von Google Earth zeigen sich die Weg-Points als kleine rote Quadrate entlang der Pfadlinie, die sich bequem bearbeiten lassen, indem man mit der Maus an ihnen zieht. Das gilt auch f\u00fcr Punkte, die man nachtr\u00e4glich einf\u00fcgen kann. Sehr weit abliegende werden am besten einfach gel\u00f6scht. Abschlie\u00dfend l\u00e4sst sich der korrigierte Google Earth-Punktefolder als kml-\/kmz-Datei speichern (&#34;Ortefenster&#160;&gt;&#160;Kontextmen\u00fc&#160;&gt;&#160;Speichern&#160;unter&#34;). <\/p>\n<p style=\"margin-top: 0px;margin-bottom: 8px;margin-left: 15px\">Mit geeigneten Umsetztools lassen sich aus diesen Files auch andere Dateiformate herstellen.  <\/p>\n<hr style=\"margin-top: 24px;margin-bottom: 6px;text-align:left;margin-left:0;width:30%;\">\n<p style=\"margin-top: 0px;margin-bottom: 12px;\">Klaus Dannowski &#8211; <a href=\"https:\/\/gps.hillclimb.de\/?page_id=9788\">Klaus&#8216; GPS-Ecke<\/a> <br \/><small>22.O6.2OO9<\/small> <\/p>\n","protected":false},"excerpt":{"rendered":"<p>Stand 16.11.2019 Eigentlich gibt es sehr viele M\u00f6glichkeiten, sich die GPS-Daten aus GPS-Logs, die auf Touren gewonnen wurden, anzusehen.Sehr bekannt und besonders gut verf\u00fcgbar sind &nbsp;&nbsp;Google Maps &#8211;&nbsp;&nbsp;&nbsp;allgemeiner \u00dcberblick: https:\/\/de.wikipedia.org\/wiki\/GoogleMaps&nbsp;&nbsp;&nbsp;ausf\u00fchrlicher in der Google Maps-Hilfe&nbsp;(bitte Anmerkung Anm&#160;1 beachten) und Google Earth &#8211; siehe http:\/\/de.wikipedia.org\/wiki\/Googleearth, ausf\u00fchrlicher direkt in der Hilfe von Google&#160;Earth mit gesonderten Abschnitten sowohl f\u00fcr [&hellip;]<\/p>\n","protected":false},"author":2,"featured_media":0,"parent":701,"menu_order":5,"comment_status":"closed","ping_status":"open","template":"","meta":{"footnotes":""},"class_list":["post-10","page","type-page","status-publish","hentry"],"_links":{"self":[{"href":"https:\/\/gps.hillclimb.de\/index.php?rest_route=\/wp\/v2\/pages\/10","targetHints":{"allow":["GET"]}}],"collection":[{"href":"https:\/\/gps.hillclimb.de\/index.php?rest_route=\/wp\/v2\/pages"}],"about":[{"href":"https:\/\/gps.hillclimb.de\/index.php?rest_route=\/wp\/v2\/types\/page"}],"author":[{"embeddable":true,"href":"https:\/\/gps.hillclimb.de\/index.php?rest_route=\/wp\/v2\/users\/2"}],"replies":[{"embeddable":true,"href":"https:\/\/gps.hillclimb.de\/index.php?rest_route=%2Fwp%2Fv2%2Fcomments&post=10"}],"version-history":[{"count":10,"href":"https:\/\/gps.hillclimb.de\/index.php?rest_route=\/wp\/v2\/pages\/10\/revisions"}],"predecessor-version":[{"id":11203,"href":"https:\/\/gps.hillclimb.de\/index.php?rest_route=\/wp\/v2\/pages\/10\/revisions\/11203"}],"up":[{"embeddable":true,"href":"https:\/\/gps.hillclimb.de\/index.php?rest_route=\/wp\/v2\/pages\/701"}],"wp:attachment":[{"href":"https:\/\/gps.hillclimb.de\/index.php?rest_route=%2Fwp%2Fv2%2Fmedia&parent=10"}],"curies":[{"name":"wp","href":"https:\/\/api.w.org\/{rel}","templated":true}]}}