{"id":10298,"date":"2022-03-31T15:54:33","date_gmt":"2022-03-31T13:54:33","guid":{"rendered":"http:\/\/gps.hillclimb.de\/?page_id=10298"},"modified":"2024-01-09T14:05:16","modified_gmt":"2024-01-09T13:05:16","slug":"p10-pro-ein-gnss-logger-mit-bcm47755","status":"publish","type":"page","link":"https:\/\/gps.hillclimb.de\/?page_id=10298","title":{"rendered":"Columbus P-10 Pro &#8211; Firmware-Updates &#8211; Stand V2.4"},"content":{"rendered":"<p style=\"margin-top: -12px;margin-bottom: 26px;font-size:0.7em;\">Zuletzt ge\u00e4ndert am 09.01.2024 <\/p>\n<p style=\"margin-top: 0px;margin-bottom: 0px;margin-left: 0px;\">Seit dem 11.12.2O23 gibt es zum Columbus P-10 Pro ein Firmware-Update V2.4 &#8211; <\/p>\n<p style=\"margin-top: 0px;margin-bottom: 0px;margin-left: 0px;\">bei Columbus.com: <\/p>\n<p style=\"margin-top: 0px;margin-bottom: 0px;margin-left: 10px;\"><a href=https:\/\/cbgps.com\/p10\/firmware\/index_en.html>https:\/\/cbgps.com\/p10\/firmware\/index_en.html<\/a> <\/p>\n<p style=\"margin-top: 0px;margin-bottom: 0px;margin-left: 0px;\">bei columbus-gps.de: <\/p>\n<p style=\"margin-top: 0px;margin-bottom: 0px;margin-left: 10px;\"><a href=https:\/\/www.columbus-gps.de\/support\/columbus-p10-pro-support>https:\/\/www.columbus-gps.de\/support\/columbus-p10-pro-support<\/a> <\/p>\n<p style=\"margin-top: 0px;margin-bottom: 0px;margin-left: 0px;\">Gute Unterst\u00fctzung bietet die neu gefasste, voll auf die P-10 Pro-Firmware V2.4 ausgerichtete Bedienanleitung V2.1 <\/p>\n<p style=\"margin-top: 0px;margin-bottom: 0px;margin-left: 0px;\">bei Columbus.com: <\/p>\n<p style=\"margin-top: 0px;margin-bottom: 20px;margin-left: 10px;\"><a href=https:\/\/cbgps.com\/p10\/support\/P-10_Pro_Quickstart_DE_V2.1.pdf>https:\/\/cbgps.com\/p10\/support\/P-10_Pro_Quickstart_DE_V2.1.pdf<br \/>\n<\/a> <\/p>\n<p class=\"para-header\">Einsch\u00e4tzung zur V2.4: <\/p>\n<p style=\"margin-top: 0px;margin-bottom: 0px;margin-left: 0px;\">Alles was mit der V2.3 vorgesehen war, funktioniert nun &#8211; <\/p>\n<p style=\"margin-top: 0px;margin-bottom: 10px;margin-left: 10px;\">Keine Vielfachpunkte, stattdessen sehr hoch aufgel\u00f6ste Punktewolken. <\/p>\n<p style=\"margin-top: 0px;margin-bottom: 0px;margin-left: 0px;\">Ein Sch\u00f6nheitsfehler ist mal wieder aufgetaucht: Die verlorenen NMEA-Zeilen am Log-Anfang und -Ende. <\/p>\n<p><p class=\"para-header\">Experimente mit der V2.3  <\/p>\n<p style=\"margin-top: 0px;margin-bottom: 0px;\">Als eine Besonderheit der Firmwareversion V2.3 vom O4.O5.2O23 f\u00fcr den <em>Columbus P-10 Pro<\/em> mit dem Broadcom-Chip BCM47755 trat beispielsweise mit den Eintr\u00e4gen <\/p>\n<p style=\"margin-top: 0px;margin-bottom: 0px;margin-left:16px;\"> &#34;LogMode=1Hz&#34; , &#34;Format=NMEA&#34; in der config.txt<\/p>\n<p style=\"margin-top: <\/p>\n<p style=\"margin-top: 0px;margin-bottom: 10px;margin-left:16px;\">die Eigenheit \u00e4lterer Versionen &#8211; besonders auff\u00e4llig in freiem Umfeld &#8211;, dass selbst bei Ortsver\u00e4nderungen um einzelne Meter <em>im Log<\/em> sowie <em>\u00fcber den COM-Port<\/em> gro\u00dfe Teile einer Minute lang identische Koordinaten erscheinen (passt zu Punkt 8 einer <a href=http:\/\/4river.a.la9.jp\/gps\/report\/P-10_Pro.htm>Einsch\u00e4tzung<\/a> von 4river, Japan, zur V2.2), nicht mehr auf.  Vermutet wurde, dass die EPS-Funktion (<em>Enhanced Positioning System<\/em> Technology) ausgeschaltet ist. <\/p>\n<p style=\"margin-top: 0px;margin-bottom: 0px;\">Statt der Punkte-Nester gab der Logger ortsfest betrieben Punkte-Wolken aus hoch aufgel\u00f6sten Einzelwerten aus, was dem Anwender erstmalig die Beurteilung der Fehlereinfl\u00fcsse h\u00e4tte erm\u00f6glichen k\u00f6nnen. <\/p>\n<p style=\"margin-top: 0px;margin-bottom: 0px;\">Das Problem:<\/p>\n<p style=\"margin-top: 0px;margin-bottom: 6px;margin-left: 16px;\"> Diese Firmware V2.3 ist mit Ungereimtheiten u.&#160;a. beim Batteriemanagement und der Stop-Funktion behaftet. <\/p>\n<p style=\"margin-top: 0px;margin-bottom: 6px;margin-left: 0px;\"><em>Nach<\/em> einem Log, L\u00e4nge beliebig, also <em>nach dem Bet\u00e4tigen<\/em> der Start\/Stop-Taste f\u00fcr das Beenden des Loggens, wurde dem Akku <em>weiterhin Strom entnommen<\/em>&thinsp;; bei Volladung, ohne Eingreifen, bis zum Abschalten wegen entladenem Akku nach etwa zwei Tagen, also entsprechend etwa einer Stromentnahme wie im normalen Loggerbetrieb. \u00c4hnelt einem Akkuschaden wie <em>erh\u00f6hte Selbstentladung<\/em> oder <em>hochgradiger Kapazit\u00e4tsverlust<\/em>&thinsp;. Dagegen sprachen jedoch plausible Zeiten f\u00fcr das Wiederaufladen und mehr noch Tests mit Langzeitaufzeichnungen, die Logs mit dem Umfang von z.&#160;B. 48:57&thinsp;h bzw. 47:45&thinsp;h lieferten. <\/p>\n<p style=\"margin-top: 0px;margin-bottom: 0px;\">Gegen die unerw\u00fcnschte Entladung half <\/p>\n<p style=\"margin-top: 0px;margin-bottom: 0px;margin-left: 10px;\">Reset des P-10 Pro (&#34;mit der B\u00fcroklammer&#34;) vor absehbaren l\u00e4ngeren Log-Pausen. Offensichtlich flie\u00dft bei diesem Vorgang viel Strom &#8211; kann bei tiefentladenem Akku schwierig sein. <\/p>\n<p class=\"para-header\">Besonderheiten von Logs mit der V2.3 <\/p>\n<p style=\"margin-top: 0px;margin-bottom: 10px;margin-left: 0px;\">Bei Fortbewegung des Loggers sind dem Verlauf eben die oben angesprochenen st\u00e4ndig vorhandenen Einfl\u00fcsse aus u.&#160;a. dem Ausbreitungsweg und aus dem aktuellen Umfeld \u00fcberlagert. Zu erwarten w\u00e4re, dass die Wegverl\u00e4ufe unruhiger erscheinen. Bei Fortbewegung mit z.&#160;B. \u00fcblichem Fu\u00dfg\u00e4ngertempo mit folglich Logpunktabst\u00e4nden im Sekundenbereich bleibt das jedoch unauff\u00e4llig. Eher wirken Trackverl\u00e4ufe sogar pr\u00e4ziser. Anders im (fast) Stand: Dann werden zus\u00e4tzliche Schn\u00f6rkel und Schleifen &#8211; offensichtlich Teile der Punktwolken &#8211; sichtbar. Wenn es dabei zu einer sehr hohen Anzahl <em>unterschiedlicher<\/em> Punkte kommt, kann das zu Problemen beim \u00d6ffnen einer solchen kml-Datei in Google&#160;Earth f\u00fchren, zu vermeiden durch die Aufnahme eines Zeitfensters in den LookAt-Abschnitt. <\/p>\n<p class=\"para-header\">Im Ergebnis der Ungereimtheiten <\/p>\n<p style=\"margin-top: 0px;margin-bottom: 0px;\">wurde dieses Fw-Update V2.3 nach wenigen Tagen zur\u00fcckgezogen. <\/p>\n<p style=\"margin-top: 0px;margin-bottom: 8px;\">Unter anderem sollten damit <em>Fehler bei Ger\u00e4tenutzung im GNSS-Empf\u00e4ngermodus<\/em> behoben werden. <\/p>\n<p style=\"margin-top: 0px;margin-bottom: 0px;\">Bei Columbus-com  <\/p>\n<p style=\"margin-top: 0px;margin-bottom: 0px;margin-left: 0px;\">befand sich seitdem wieder alles <\/p>\n<p style=\"margin-top: 0px;margin-bottom: 0px;margin-left:16px;\">auf dem Stand August 2022  <\/p>\n<p style=\"margin-top: 0px;margin-bottom: 0px;\">Bei Columbus-gps-de war zu lesen    <\/p>\n<p style=\"margin-top: 0px;margin-bottom: 16px;margin-left:16px;\">&#34;Firmware-Version 2.3 (steht zurzeit nicht zur Verf\u00fcgung)&#34;<\/p>\n<p style=\"margin-top: 0px;margin-bottom: -10px;\">Zuvor hatte der Hersteller zum 22.O8.2O22 ein <\/p>\n<p class=\"para-header\">Firmware-Update V2.2 bereitgestellt.  <\/p>\n<p style=\"margin-top: 0px;margin-bottom: 0px;\">Neben einer kleinen Fehlerbehebung zu V2.O <\/p>\n<p style=\"margin-top: 0px;margin-bottom: 10px;\">erweitert es den urspr\u00fcnglich alleinigen <\/p>\n<p style=\"margin-top: 0px;margin-bottom: 0px;margin-left: 20px;\">Logger-Modus <\/p>\n<p style=\"margin-top: 0px;margin-bottom: 0px;margin-left: 12px;\">um einen <\/p>\n<p style=\"margin-top: 0px;margin-bottom: 10px;margin-left: 20px;\">GNSS-Empf\u00e4nger-Modus, <\/p>\n<p style=\"margin-top: 0px;margin-bottom: 8px;\">indem es den USB-(2.O-)Anschluss mit der Funktion einer seriellen Datenausgabe versieht. Der wird dabei zu einem USB-Port &#34;COM3&#34;. <\/p>\n<p style=\"margin-top: 0px;margin-bottom: 8px;\"> Seine \u00dcbertragungrate ist fest mit 115.200&#160;bps vorgegeben. Ein R\u00fcckkanal ist nicht vorgesehen. <\/p>\n<p style=\"margin-top: 0px;margin-bottom: 8px;\">Ausgegeben werden $GN-Sentencen im  1-Sekunden-Zeitraster. Derzeit betreffen diese $GNRMC und $GNGGA, wobei in $GNGGA die Signale von je nach Empfangslage auch mehr als 20&#160;Satelliten der beteiligten Satellitensysteme eingehen m\u00f6gen. Parallel dazu schreibt der Logger Daten <em>mit den in der config.txt vorgegebenen Einstellungen<\/em> von Log-<em>Format<\/em> (als *.CSV, als *.GPX, als *.TXT \/das NMEA-Format beim P-10&#160;Pro; muss f\u00fcr manche Anwendungen in *.nmea ge\u00e4ndert werden\/) und Log-<em>Parametern<\/em> (Zeitraster \/1&#160;sec\/ oder Weg-Raster) in eine Log-Datei auf der internen Speicherkarte. <\/p>\n<p style=\"margin-top: 0px;margin-bottom: 0px;\">Das neue Verhalten am USB-Anschluss als <\/p>\n<p style=\"margin-top: 0px;margin-bottom: 0px;margin-left: 10px;\">USB-GNSS-Empf\u00e4nger mit gleichzeitig erfolgender Log-Aufzeichnung<\/p>\n<p style=\"margin-top: 0px;margin-bottom: 0px;\">oder <\/p>\n<p style=\"margin-top: 0px;margin-bottom: 0px;margin-left: 10px;\">GNSS-Logger <\/p>\n<p style=\"margin-top: 0px;margin-bottom: 8px;\">zeigt das Ger\u00e4t sofort nach dem V2.x-Update. <\/p>\n<p style=\"margin-top: 0px;margin-bottom: 0px;\">Zur Verwendung nach dem Update <a href=https:\/\/cbgps.com\/p10\/firmware\/receiver_mode_en.htm>sagt Columbus<\/a>: <\/p>\n<p style=\"margin-top: 0px;margin-bottom: 0px;margin-left: 25px;text-indent: -15px;font-size: 0.8em;\"><em>1. To use the GNSS receiver mode, be sure to <strong><br \/>power on<\/strong> the P-10 Pro <strong>before connecting<\/strong> it to the computer. <\/p>\n<p style=\"margin-top: 0px;margin-bottom: 6px;margin-left: 25px;text-indent: -15px;font-size: 0.8em;\">2. To read the memory card in the P-10&#160;Pro, <strong><br \/>be sure turn off<\/strong> the P-10&#160;Pro <strong>before connecting<\/strong> it to the computer.<\/em> <\/p>\n<p style=\"margin-top: 0px;margin-bottom: 0px;\">\u00dcbersetzt: <\/p>\n<p style=\"margin-top: 0px;margin-bottom: 0px;margin-left: 10px;\">Vor dem Verbinden mit dem USB-Anschluss des Computers f\u00fcr den Betrieb im Empf\u00e4nger-Modus muss das Ger\u00e4t <\/p>\n<p style=\"margin-top: 0px;margin-bottom: 0px;margin-left: 20px;\"> eingeschaltet sein &#8211; sich im Zustand wie beim Loggen befinden, <\/p>\n<p style=\"margin-top: 0px;margin-bottom: 0px;margin-left: 10px;\">f\u00fcr den  <\/p>\n<p style=\"margin-top: 0px;margin-bottom: 0px;margin-left: 20px;\">Laufwerk-Modus &#8211; als Zugang zur Speicherkarte mit den aufgezeichneten Daten &#8211; ausgeschaltet sein. <\/p>\n<p style=\"margin-top: 0px;margin-bottom: 0px;margin-left: 0px;\">Oder, auf die Funktion bezogen: <\/p>\n<p style=\"margin-top: 0px;margin-bottom: 0px;margin-left: 10px;\"> Beim Einschalten (mit der Ein\/Aus Taste) nimmt der P-10 Pro den Betrieb als Logger auf. Die <em>intern<\/em> bereitgestellten NMEA-Sentenzen, Auffrischrate 1\/sec, werden wie in der config.txt f\u00fcr den Loggerbetrieb vorgegeben <em>aufbereitet<\/em> und auf die SD-Karte geschrieben. <\/p>\n<p style=\"margin-top: 0px;margin-bottom: 10px;margin-left: 10px;\">Im Zustand des Updates werden zus\u00e4tzlich genau die <em>internen<\/em> NMEA-Sequenzen an den als COM-Port konfigurierten USB-Anschluss \u00fcbergeben. <\/p>\n<p style=\"margin-top: 0px;margin-bottom: 8px;margin-left: 0px;\">Wegen der Unabh\u00e4ngigkeit der Versorgungsleitungen am USB-Anschluss vom Signalmodus entnimmt der P-10&#160;Pro dem Computer einen &#8211; im Fall von Smartphone\/Tablet nicht immer erw\u00fcnschten &#8211; vom Ladezustand seines Akkus abh\u00e4ngigen Strom. Andererseits wird so &#34;nebenher&#34; nach wenigen Stunden Vollladung erreicht.  <\/p>\n<p style=\"margin-top: 0px;margin-bottom: 0px;margin-left: 0px;\">Hinweis: Das kostenfreie <em>GNSSToolKit3<\/em> von der Columbus-Website ist eine Quicktime-Anwendung. <\/p>\n<p class=\"para-header\">Linksammlung <\/p>\n<p style=\"margin-top: 0px;margin-bottom: -4px;\">Zu den Downloads der Columbus P-10&#160;Firmware V2.3<\/p>\n<p style=\"margin-top: 0px;margin-bottom: -4px;margin-left:10px;\">&#8211; bei Columbus-gps-de (weit unten auf der Seite)<\/p>\n<p style=\"margin-top: 0px;margin-bottom: -4px;margin-left:10px;\">\n<a href=\"https:\/\/www.columbus-gps.de\/support\/columbus-p10-pro-support\" target=\"_blank\" rel=\"noopener\">https:\/\/www.columbus-gps.de\/support\/columbus-p10-pro-support <\/a><\/p>\n<p style=\"margin-top: 0px;margin-bottom: -4px;\">oder beim Hersteller <\/p>\n<p style=\"margin-top: 0px;margin-bottom: 6px;margin-left:10px;\">\n<a href=https:\/\/cbgps.com\/p10\/firmware\/index_en.html>https:\/\/cbgps.com\/p10\/firmware\/index_en.html <\/a><\/p>\n<p style=\"margin-top: 0px;margin-bottom: -4px;\">Bei Columbus-Com ein <a href=\"https:\/\/cbgps.com\/p10\/support\/P-10_Pro_Quickstart_DE_V2.1.pdf\" target=\"_blank\" rel=\"noopener\">Download-Link <\/a> <\/p>\n<p style=\"margin-top: 0px;margin-bottom: 6px;margin-left:10px;\">zur als V2.1 bezeichneten, soweit aber dem FW-Stand V2.3 gem\u00e4\u00dfe Schnellstart-Anleitung (deutsch) <\/p>\n<p style=\"margin-top: 0px;margin-bottom: -4px;\">Eine <\/p>\n<p style=\"margin-top: 0px;margin-bottom: 6px;margin-left:10px;\">Beschreibung (deutsch) bei <a href=\"https:\/\/wiki.columbus-gps.de\/p10-pro-gnss-usb-positionsdaten-echtzeit\/\" target=\"_blank\" rel=\"noopener\">columbus-gps-de<\/a> zur Nutzung des P-10 Pro GNSS-Loggers im Empf\u00e4nger-Modus <\/p>\n<p style=\"margin-top: 0px;margin-bottom: 8px;\">Hinweise beim Hersteller zum Einsatz am Smartphone <a href=https:\/\/cbgps.com\/p10\/support\/connect\/index_en.html>&#34;Columbus P10 Connect&#34; <\/a> <\/p>\n<p style=\"margin-top: 0px;margin-bottom: -4px;\">Zur <\/p>\n<p style=\"margin-top: 0px;margin-bottom: 8px;margin-left:10px;\">Wissensdatenbank f\u00fcr den P-10&#160;Pro bei <a href=https:\/\/wiki.columbus-gps.de\/p10-pro-support\/>columbus-gps-de<\/a><\/p>\n<p style=\"margin-top: 0px;margin-bottom: -4px;margin-left:0px;\">Der <\/p>\n<p style=\"margin-top: 0px;margin-bottom: 8px;margin-left:10px;\"><em>Broadcom Product Brief<\/em> zum Zweifrequenz-GNSS-Empf\u00e4nger BCM4775X vom 2O.O9.2O17 &#34;GNSS Receiver with Integrated Sensor Hub&#34; &#8211;  <a href=\"https:\/\/docs.broadcom.com\/doc\/12379501\" target=\"_blank\" rel=\"noopener\">Download-Link<\/a> (PDF) <\/p>\n<p style=\"margin-top: 0px;margin-bottom: -4px;margin-left:0px;\">Bei <\/p>\n<p style=\"margin-top: 0px;margin-bottom: -4px;margin-left:10px;\"><a href=https:\/\/gpswebshop.com\/collections\/gps-data-logger\/products\/columbus-p-10-pro-submeter-gps-gnss-data-logger>gpswebshop (Canada GPS) <\/a> (komplett in Englisch): <\/p>\n<p style=\"margin-top: 0px;margin-bottom: 8px;margin-left:10px;\">Eine sehr ausf\u00fchrliche Beschreibung zum P-10 u.&#160;a. mit Einzelheiten zum Zustandekommen der Bildbeispiele in den verbreitet anzutreffenden kurzgefassten Werbetexten. <\/p>\n<p style=\"margin-top: 0px;margin-bottom: 8px;margin-left:10px;\">Besonders wertvoll: Die zahlreichen, oft aus Beitr\u00e4gen im Nutzer-Forum stammenden Anleitungen zur Behebung von Funktionsst\u00f6rungen. <\/p>\n<p style=\"margin-top: 0px;margin-bottom: -4px;margin-left:0px;\">Robustelli, U., Baiocchi,V., Pugliano, G:  <\/p>\n<p style=\"margin-top: 0px;margin-bottom: 6px;margin-left:10px;\">Assessment of Dual Frequency GNSS Observations from a Xiaomi Mi 8 Android Smartphone and Positioning Performance Analysis. Electronics (MPDI), 8(1):91, Basel&#160;(Schweiz), 2019 &#8211; <!-- Download-Link (PDF) --> Zugang zum PDF-Download: https:\/\/www.researchgate.net\/publication\/330411991_Assessment_of_Dual_Frequency_GNSS_Observations_from_a_Xiaomi_Mi_8_Android_Smartphone_and_Positioning_Performance_Analysis <\/p>\n<p style=\"margin-top: 0px;margin-bottom: -4px;margin-left: 0px;\">Bardua, J.: <\/p>\n<p style=\"margin-top: 0px;margin-bottom: 6px;margin-left: 10px;\">Xiaomi&#160;Mi&#160;8&#160;Test&#160;GPS&#160;GALILEO&#160;Genauigkeit. Navigation-Professionell (Internet: www.navigation-professionell.de) &#8211; <a href=\"https:\/\/www.navigation-professionell.de\/xiaomi-mi-8-test-gps-galileo-genauigkeit\/\" target=\"_blank\" rel=\"noopener\">Web-Link<\/a> <\/p>\n<p style=\"margin-top: 0px;margin-bottom: -4px;margin-left:0px;\">GNSS-SDR-org (<strong>S<\/strong>oftware<strong> D<\/strong>esigned<strong> R<\/strong>adio)  <\/p>\n<p style=\"margin-top: 0px;margin-bottom: 6px;margin-left:10px;\">Eine ausf\u00fchrliche Documentation zu Signalformen &#34;<a href=https:\/\/gnss-sdr.org\/docs\/tutorials\/gnss-signals\/>GNSS-signals<\/a>&#34; <\/p>\n<p style=\"margin-top: 0px;margin-bottom: -4px;margin-left:0px;\">linux-community.de &#8211; Eine Schritt-f\u00fcr-Schritt-Anleitung <\/p>\n<p style=\"margin-top: 0px;margin-bottom: 6px;margin-left:10px;\">f\u00fcr das Auslesen eines GNSS-COM-port &#8211; <a href=https:\/\/www.linux-community.de\/ausgaben\/linuxuser\/2016\/06\/sicher-navigieren\/>sicher-navigieren<\/a> <\/p>\n<p style=\"margin-top: 0px;margin-bottom: -4px;margin-left:0px;\">Interface specification IS-GPS-705:  <\/p>\n<p style=\"margin-top: 0px;margin-bottom: 6px;margin-left: 10px;\">Navstar GPS Space Segment\/User Segment L5 Interfaces. GPS Directorate, Los Angeles, California, USA, 2O18 &#8211; <a href=\"https:\/\/www.gps.gov\/technical\/icwg\/IS-GPS-705E.pdf\" target=\"_blank\" rel=\"noopener\">Web-Link&#160;(PDF)<\/a> <\/p>\n<hr style=\"margin-top: 24px;margin-bottom: 6px;text-align:left;margin-left:0;width:30%;\">\n<p style=\"margin-top: 0px;margin-bottom: 6px;\">Klaus Dannowski &#8211; <a href=\"https:\/\/gps.hillclimb.de\/?page_id=9788\">Klaus&#8216; GPS-Ecke<\/a> <br \/><small>O5.O4.2O22<\/small> <\/p>\n<p><!-- \n\n<p class=\"annot1\">Detailliert wird auf die GPS-Signale, auch der hier angesprochenen, zusammen mit weiterf\u00fchrenden Links, in der <a href=\"https:\/\/en.wikipedia.org\/wiki\/GPS_signals\" target=\"_blank\" rel=\"noopener\">englischen Wikipedia (https:\/\/en.wikipedia.org\/wiki\/GPS_signals)<\/a> eingegangen. <\/p>\n\n\n--><\/p>\n","protected":false},"excerpt":{"rendered":"<p>Zuletzt ge\u00e4ndert am 09.01.2024 Seit dem 11.12.2O23 gibt es zum Columbus P-10 Pro ein Firmware-Update V2.4 &#8211; bei Columbus.com: https:\/\/cbgps.com\/p10\/firmware\/index_en.html bei columbus-gps.de: https:\/\/www.columbus-gps.de\/support\/columbus-p10-pro-support Gute Unterst\u00fctzung bietet die neu gefasste, voll auf die P-10 Pro-Firmware V2.4 ausgerichtete Bedienanleitung V2.1 bei Columbus.com: https:\/\/cbgps.com\/p10\/support\/P-10_Pro_Quickstart_DE_V2.1.pdf Einsch\u00e4tzung zur V2.4: Alles was mit der V2.3 vorgesehen war, funktioniert nun &#8211; Keine [&hellip;]<\/p>\n","protected":false},"author":2,"featured_media":0,"parent":0,"menu_order":0,"comment_status":"closed","ping_status":"closed","template":"","meta":{"footnotes":""},"class_list":["post-10298","page","type-page","status-publish","hentry"],"_links":{"self":[{"href":"https:\/\/gps.hillclimb.de\/index.php?rest_route=\/wp\/v2\/pages\/10298","targetHints":{"allow":["GET"]}}],"collection":[{"href":"https:\/\/gps.hillclimb.de\/index.php?rest_route=\/wp\/v2\/pages"}],"about":[{"href":"https:\/\/gps.hillclimb.de\/index.php?rest_route=\/wp\/v2\/types\/page"}],"author":[{"embeddable":true,"href":"https:\/\/gps.hillclimb.de\/index.php?rest_route=\/wp\/v2\/users\/2"}],"replies":[{"embeddable":true,"href":"https:\/\/gps.hillclimb.de\/index.php?rest_route=%2Fwp%2Fv2%2Fcomments&post=10298"}],"version-history":[{"count":10,"href":"https:\/\/gps.hillclimb.de\/index.php?rest_route=\/wp\/v2\/pages\/10298\/revisions"}],"predecessor-version":[{"id":11250,"href":"https:\/\/gps.hillclimb.de\/index.php?rest_route=\/wp\/v2\/pages\/10298\/revisions\/11250"}],"wp:attachment":[{"href":"https:\/\/gps.hillclimb.de\/index.php?rest_route=%2Fwp%2Fv2%2Fmedia&parent=10298"}],"curies":[{"name":"wp","href":"https:\/\/api.w.org\/{rel}","templated":true}]}}