{"id":1390,"date":"2012-02-20T20:56:08","date_gmt":"2012-02-20T19:56:08","guid":{"rendered":"http:\/\/gps.hillclimb.de\/?page_id=1390"},"modified":"2022-11-05T20:07:21","modified_gmt":"2022-11-05T19:07:21","slug":"log-kml","status":"publish","type":"page","link":"https:\/\/gps.hillclimb.de\/?page_id=1390","title":{"rendered":"PocketGPS S1 \u2013 <\/br>Arbeitsschritte Log-Datei \u2013> &#8222;kml-Datei&#8220; \/ &#8222;Einbinden von Fotos&#8220;"},"content":{"rendered":"<p style=\"margin-top: -12px;margin-bottom: 26px;font-size:0.7em;\">Letzte \u00c4nderung am 03.02.2022<\/p>\n<p class=\"para-header\"><a id=\"log_kml\"><\/a><strong>1&#160;Arbeitsschritte \u201dUmsetzung Logdatei \u2014&gt; kml-Datei\u201d mit dem &#8222;Storyish&nbsp;PC&nbsp;Tool&nbsp;\u2013&nbsp;V&nbsp;1.4.08&#8220;<\/strong><a id=\"log_kml_schritte\"><\/a><\/p>\n<table style=\"vertical-align:top; background-color:#c3d9b8; border-spacing:1;padding: 14px;width:98%;\">\n<tbody>\n<tr>\n<td style=\"vertical-align:top; width:48%;padding-top: 6px;\">&nbsp;&nbsp;1.1<br \/>\n&nbsp;&nbsp;\u201dStoryish.exe\u201d starten<br \/>\n&nbsp;&nbsp;Reiter \u201dMain\u201d<\/td>\n<td style=\"padding-top: 6px;\"><a href=\"https:\/\/gps.hillclimb.de\/wp-content\/uploads\/2012\/01\/Story_Main.jpg\"><img decoding=\"async\" src=\"https:\/\/gps.hillclimb.de\/wp-content\/uploads\/2012\/01\/Story_Main-300x129.jpg\" alt=\"\" title=\"Story_Main\" width=\"300\"><\/a><\/td>\n<\/tr>\n<tr>\n<td style=\"vertical-align:top; width:48%;\">&nbsp;&nbsp;1.2<br \/>\n&nbsp;&nbsp;Aktivieren<br \/>\n&nbsp;&nbsp;&nbsp;\u201dImport Logs\u201d,<br \/>\n&nbsp;&nbsp;&nbsp;<\/td>\n<td style=\"\"><a href=\"https:\/\/gps.hillclimb.de\/wp-content\/uploads\/2012\/01\/Story_ImportGPSLog.jpg\"><img decoding=\"async\" src=\"https:\/\/gps.hillclimb.de\/wp-content\/uploads\/2012\/01\/Story_ImportGPSLog-300x191.jpg\" alt=\"\" title=\"Story_ImportGPSLog\" width=\"300\"><\/a><\/td>\n<\/tr>\n<tr>\n<td style=\"vertical-align:top; width:48%;\">&nbsp;&nbsp;1.3<br \/>\n&nbsp;&nbsp;\u201dManage Logs\u201d<\/td>\n<td style=\"\"><a href=\"https:\/\/gps.hillclimb.de\/wp-content\/uploads\/2012\/01\/Story_GPSManinakt-orig.jpg\"><img decoding=\"async\" src=\"https:\/\/gps.hillclimb.de\/wp-content\/uploads\/2012\/01\/Story_GPSManinakt-orig-300x191.jpg\" alt=\"\" title=\"Story_GPSMan(inakt-orig)\" width=\"300\"><\/a><\/td>\n<\/tr>\n<tr>\n<td style=\"vertical-align:top; width:48%;\">&nbsp;&nbsp;1.4<br \/>\n&nbsp;&nbsp;Im \u201dGPS Manager\u201d gebenenfalls<br \/>\n&nbsp;&nbsp;fremde Log-Dateien aus<br \/>\n&nbsp;&nbsp;vorangegangenen Sitzungen zum<br \/>\n&nbsp;&nbsp;Entfernen mit \u201dStrg\u201d und \u201dMausklick<br \/>\n&nbsp;&nbsp;links\u201d ausw\u00e4hlen<br \/>\n&nbsp;&nbsp;Klick auf \u201dRemove\u201d<br \/>\n&nbsp;&nbsp;Im neuen Fenster mit \u201dJa\u201d best\u00e4tigen.<br \/>\n&nbsp;<\/td>\n<td style=\"\"><a href=\"https:\/\/gps.hillclimb.de\/wp-content\/uploads\/2012\/01\/Story_GPSManRem.jpg\"><img decoding=\"async\" src=\"https:\/\/gps.hillclimb.de\/wp-content\/uploads\/2012\/01\/Story_GPSManRem-300x178.jpg\" alt=\"\" title=\"Story_GPSManRem\" width=\"300\"><\/a><\/td>\n<\/tr>\n<tr>\n<td style=\"vertical-align:top; width:48%;\">&nbsp;&nbsp;1.5<br \/>\n&nbsp;&nbsp;Im \u201dGPS Manager\u201d auf \u201dAdd Log\u201d<br \/>\n&nbsp;&nbsp;klicken.<br \/>\n&nbsp;&nbsp;Im Datei-Dialog-Fenster bei \u201dSuchen<br \/>\n&nbsp;&nbsp;in\u201d zum gew\u00fcnschtes Verzeichnis gehen,<br \/>\n&nbsp;&nbsp;die gesuchten Log-Dateien markieren<br \/>\n&nbsp;&nbsp;und mit \u201d\u00d6ffnen\u201d in den \u201dGPS Manager\u201d<br \/>\n&nbsp;&nbsp;\u00fcbernehmen.<br \/>\n&nbsp;&nbsp;Akzeptierte Dateierweiterung ist allein<br \/>\n&nbsp;&nbsp;\u201d.log\u201d, der Dateiname ist beliebig.<br \/>\n&nbsp;<\/td>\n<td style=\"\"><a href=\"https:\/\/gps.hillclimb.de\/wp-content\/uploads\/2012\/01\/Story_AddLog_Ordner.jpg\"><img decoding=\"async\" src=\"https:\/\/gps.hillclimb.de\/wp-content\/uploads\/2012\/01\/Story_AddLog_Ordner-300x195.jpg\" alt=\"\" title=\"Storyish PC Tool: Add Log-Ordner-Ansicht\" width=\"300\"><\/a><\/td>\n<\/tr>\n<tr>\n<td style=\"vertical-align:top; width:48%;\">&nbsp;&nbsp;1.6<br \/>\n&nbsp;&nbsp;Mit dem Kick auf \u201dDetail\u201d gelangt man<br \/>\n&nbsp;&nbsp;zu Rollbalken zum Einstellen der<br \/>\n&nbsp;&nbsp;Zeitzone (f\u00fcr einen einfachen<br \/>\n&nbsp;&nbsp;kml-Export unwichtig) sowie der<br \/>\n&nbsp;&nbsp;Farbe und der Breite der Tracklinien.<br \/>\n&nbsp;&nbsp;Alternativ: Im \u201dGPS Manager\u201d<br \/>\n&nbsp;&nbsp;Doppel-Klick (links) in die Zeile<br \/>\n&nbsp;&nbsp;der gew\u00fcnschten Datei.<\/td>\n<td style=\"\"><a href=\"https:\/\/gps.hillclimb.de\/wp-content\/uploads\/2012\/01\/Story_GPSMandetail.jpg\"><img decoding=\"async\" src=\"https:\/\/gps.hillclimb.de\/wp-content\/uploads\/2012\/01\/Story_GPSMandetail-300x190.jpg\" alt=\"\" title=\"Storyish PC Tool: GPS Manager (detail)\" width=\"300\"><\/a><\/td>\n<\/tr>\n<tr>\n<td style=\"vertical-align:top; width:48%;\">&nbsp;&nbsp;1.7<br \/>\n&nbsp;&nbsp;Mit \u201dSave\u201d werden die Einstellungen<br \/>\n&nbsp;&nbsp;in den \u201dGPS Manager\u201d \u00fcbernommen.<\/td>\n<td style=\"\"><a href=\"https:\/\/gps.hillclimb.de\/wp-content\/uploads\/2012\/01\/Story_GPSManinakt-orig.jpg\"><img decoding=\"async\" src=\"https:\/\/gps.hillclimb.de\/wp-content\/uploads\/2012\/01\/Story_GPSManinakt-orig-300x191.jpg\" alt=\"\" title=\"Storyish PC Tool: GPS Manager\" width=\"300\"><\/a><\/td>\n<\/tr>\n<tr>\n<td style=\"vertical-align:top; width:48%;\">&nbsp;&nbsp;1.8<br \/>\n&nbsp;&nbsp;Dateien f\u00fcr den Export im<br \/>\n&nbsp;&nbsp;\u201dGPS Manager\u201d ausw\u00e4hlen.<br \/>\n&nbsp;&nbsp;(Mehrfachauswahl: Alle Log-Dateien<br \/>\n&nbsp;&nbsp;mit ihren Einstellungen werden<br \/>\n&nbsp;&nbsp;Bestandteil der gemeinsamen kml-Datei)<br \/>\n&nbsp;&nbsp;<br \/>\n&nbsp;&nbsp;Klick auf \u201dExport Log\u201d.<\/td>\n<td style=\"\"><a href=\"https:\/\/gps.hillclimb.de\/wp-content\/uploads\/2012\/01\/Story_GPSManakt-neuExp.jpg\"><img decoding=\"async\" src=\"https:\/\/gps.hillclimb.de\/wp-content\/uploads\/2012\/01\/Story_GPSManakt-neuExp-300x192.jpg\" alt=\"\" title=\"Storyish PC Tool: GPS Manager - Export\" width=\"300\"><\/a><\/td>\n<\/tr>\n<tr>\n<td style=\"vertical-align:top; width:48%;\">&nbsp;&nbsp;1.9<br \/>\n&nbsp;&nbsp;F\u00fcr \u201dExport Type\u201d ausw\u00e4hlen<br \/>\n&nbsp;&nbsp;\u201dKML(Google Earth)\u201d<br \/>\n&nbsp;&nbsp;(\u201dExport Path\u201d gem\u00e4\u00df letzter \u00c4nderung<br \/>\n&nbsp;&nbsp;\/gespeichert in ini-Datei\/)<br \/>\n&nbsp;&nbsp;ggf. eigenen Wunsch-Namen f\u00fcr<br \/>\n&nbsp;&nbsp;die kml-Datei eintragen.<br \/>\n&nbsp;&nbsp;Klick auf \u201dExport\u201d<\/td>\n<td style=\"\"><a href=\"https:\/\/gps.hillclimb.de\/wp-content\/uploads\/2012\/01\/Story_Elbe-kmlExport.jpg\" alt=\"\" title=\"Story_Elbe-kmlExport\"><img decoding=\"async\" src=\"https:\/\/gps.hillclimb.de\/wp-content\/uploads\/2012\/01\/Story_Elbe-kmlExport-300x192.jpg\" alt=\"\" title=\"Storyish PC Tool: Vorbereitung Export als kml\" width=\"300\"><\/a><\/td>\n<\/tr>\n<\/tbody>\n<\/table>\n<p style=\"margin-top: 10px;margin-bottom: 10px;\"><strong>Beispiele zur \u201dUmsetzung Logdatei \u2014&gt; kml-Datei\u201d mit dem &#8222;Storyish PC Tool&#8220;<\/strong><\/p>\n<table style=\"vertical-align:top; background-color:#c3d9b8; border-spacing:4;padding: 14px;width:98%;\">\n<tbody>\n<tr>\n<td style=\"vertical-align:top; width:48%;padding-right:10px;padding-top: 6px;padding-left: 6px;\">Rechts ist als ein Beispiel f\u00fcr das Resultat eines Exports mit dem PC-Tool die kml-Datei in Google Earth ge\u00f6ffnet zu sehen.<\/td>\n<td style=\";padding-top: 6px;\"><a href=\"https:\/\/gps.hillclimb.de\/wp-content\/uploads\/2012\/01\/Story_Elbe-kmlGE.jpg\"><img decoding=\"async\" src=\"https:\/\/gps.hillclimb.de\/wp-content\/uploads\/2012\/01\/Story_Elbe-kmlGE-300x190.jpg\" alt=\"\" title=\"Google Earth-Orte-Ordner mit kml-Export vom Storyish PC Tool\" width=\"300\"><\/a><\/td>\n<\/tr>\n<tr>\n<td style=\"vertical-align:top; width:48%;padding-right:10px;padding-left: 6px;\">Anklicken des Links bei \u201dTrack\u201d der kml-Datei (hier \u201dElbe\u201d) im Bereich \u201dTempor\u00e4re Orte\u201d in der Seitenleiste oder direkt der Tracklinie selbst \u00f6ffnet ein Infofenster mit einigen statistischen Angaben einschlie\u00dflich der Zeitdauer.<br \/>\nEine Auswertung von H\u00f6hewerten sieht dieser Export nicht vor. Allerdings kann man sich mit einem Blick in die ge\u00f6ffnete kml-Datei davon \u00fcberzeugen, dass doch wenigstens in den Trackkoordinaten die GPS-H\u00f6hen enthalten sind.<\/td>\n<td style=\"\"><a href=\"https:\/\/gps.hillclimb.de\/wp-content\/uploads\/2012\/01\/StorykmlExportGE_OrteOrdner.jpg\"><img decoding=\"async\" src=\"https:\/\/gps.hillclimb.de\/wp-content\/uploads\/2012\/01\/StorykmlExportGE_OrteOrdner.jpg\" alt=\"\" title=\"Google Earth-Orte-Ordner mit kml-Export vom Storyish PC Tool: Info-Fenster\" width=\"100\"><\/a><br \/>\n&nbsp;<br \/>\n<a href=\"https:\/\/gps.hillclimb.de\/wp-content\/uploads\/2012\/01\/Story_Elbe-kmlGE-Info.jpg\"><img decoding=\"async\" src=\"https:\/\/gps.hillclimb.de\/wp-content\/uploads\/2012\/01\/Story_Elbe-kmlGE-Info-300x190.jpg\" alt=\"\" title=\"kml-Export vom Storyish PC Tool: Datei-Info-Fenster in Google Earth\" width=\"300\"><\/a><\/td>\n<\/tr>\n<tr>\n<td style=\"vertical-align:top;padding-right:10px;padding-left: 6px;\">\n<p style=\"margin-top: 0px;margin-bottom: 10px;\">&nbsp;<br \/>\nIm Beispiel rechts enthielt die Logdatei vier Wegpunkte und zwei Rundenpunkte.<\/p>\n<p style=\"margin-top: 0px;margin-bottom: 10px;\">Die Icons der Waypoints sind mit \u201dW\u201d gekennzeichnet. Die Labels lauten \u201dW-1\u201d bis \u201dW-4\u201d.<\/p>\n<p style=\"margin-top: 0px;margin-bottom: 10px;\">Die beiden Runden-Markierungen sind der Runden-Beginn (hier also richtiger Abschnitt-Beginn) beim Icon \u201dL\u201d \/ Label \u201dStart\u201d, und das Rundenende mit einem Rundenende-Bildchen und dem Label \u201dEnd\u201d.<\/p>\n<p style=\"margin-top: 0px;margin-bottom: 10px;padding-right:10px;\">Der Klick auf ein Bildchen \u00f6ffnet ein Infofenster, das im abgebildeten Fall des Lap-Endes sehr ausf\u00fchrliche Angaben enth\u00e4lt.<\/p>\n<\/td>\n<td style=\"\">\n<a href=\"https:\/\/gps.hillclimb.de\/wp-content\/uploads\/2012\/01\/StoryPCTkml_WS_inGE.jpg\"><img loading=\"lazy\" decoding=\"async\" src=\"https:\/\/gps.hillclimb.de\/wp-content\/uploads\/2012\/01\/StoryPCTkml_WS_inGE.jpg\" alt=\"\" title=\"kml aus dem Storyish PC Tool in Google Earth\" width=\"300\" height=\"215\"><\/a><\/p>\n<p><a href=\"https:\/\/gps.hillclimb.de\/wp-content\/uploads\/2012\/01\/StoryPCTkml_WS_LapEnd-inGE.jpg\"><img loading=\"lazy\" decoding=\"async\" src=\"https:\/\/gps.hillclimb.de\/wp-content\/uploads\/2012\/01\/StoryPCTkml_WS_LapEnd-inGE.jpg\" alt=\"\" title=\"kml aus dem Storyish PC Tool in Google Earth mit Lap-Ende-Balloon\" width=\"300\" height=\"215\"><\/a><a id=\"log_kml_fotos\"><\/a><\/td>\n<\/tr>\n<\/tbody>\n<\/table>\n<p class=\"para-header\"><strong>Arbeitsschritte \u201dUmsetzung Logdatei \u2014&gt; kml-Datei\u201d<br \/>\nmit dem \u201dStoryish PC Tool\u201d mit Einbeziehung von Fotos<\/strong><\/p>\n<table style=\"vertical-align:top; background-color:#c3d9b8; padding: 14px;width:98%; border-spacing:1;\">\n<tbody>\n<tr>\n<td style=\"vertical-align:top; width:48%;padding-top:10px;padding-left:10px;\">2.1<br \/>\nAbweichend von der im oberen Bereich<br \/>\ndes Main-Fensters des Tools<br \/>\nangedeuteten Reihenfolge ist es g\u00fcnstiger, auch hier die<br \/>\n<a href=\"https:\/\/gps.hillclimb.de\/?page_id=1390#log_kml_schritte\">Schritte 1.1 bis 1.7<\/a> von \u201dArbeitsschritte Umsetzung Logdatei \u2014&gt; kml-Datei\u201d auszuf\u00fchren.<br \/>\nBesonders Schritt 4 beachten!<br \/>\nGPS Manager schlie\u00dfen.<br \/>\nFenster \u201dImport GPS Log\u201d schlie\u00dfen.<\/td>\n<td style=\"padding-top:10px\"><a href=\"https:\/\/gps.hillclimb.de\/wp-content\/uploads\/2012\/01\/Story_Main.jpg\"><\/a> <a href=\"https:\/\/gps.hillclimb.de\/wp-content\/uploads\/2012\/01\/StoryGPSmanagerClose.jpg\"><img loading=\"lazy\" decoding=\"async\" src=\"https:\/\/gps.hillclimb.de\/wp-content\/uploads\/2012\/01\/StoryGPSmanagerClose.jpg\" alt=\"\" title=\"Storyish PC Tool - GPSmanager Close\" width=\"300\" height=\"191\"><\/a> <a href=\"https:\/\/gps.hillclimb.de\/wp-content\/uploads\/2012\/01\/StoryImportLogsClose.jpg\"><img loading=\"lazy\" decoding=\"async\" src=\"https:\/\/gps.hillclimb.de\/wp-content\/uploads\/2012\/01\/StoryImportLogsClose.jpg\" alt=\"\" title=\"Storyish PC Tool - ImportLog Close\" width=\"300\" height=\"191\"><\/a><\/td>\n<\/tr>\n<tr>\n<td style=\"vertical-align:top; width:48%;padding-top:10px;padding-left:10px;\">2.2<br \/>\nDas Ziel ist im nebenstehenden Bild zu<br \/>\nsehen &#8211; die Liste der in die kml-Datei<br \/>\naufzunehmenden Bilder -, erreichbar<br \/>\nmit Schritt 3a oder 3b<\/td>\n<td style=\"\"><a href=\"https:\/\/gps.hillclimb.de\/wp-content\/uploads\/2012\/01\/StoryAddImageListe.jpg\"><img loading=\"lazy\" decoding=\"async\" src=\"https:\/\/gps.hillclimb.de\/wp-content\/uploads\/2012\/01\/StoryAddImageListe.jpg\" alt=\"\" title=\"Storyish PC Tool - AddImage: Liste\" width=\"300\" height=\"225\"><\/a><\/td>\n<\/tr>\n<tr>\n<td style=\"vertical-align:top; width:48%;padding-top:10px;padding-left:10px;\">2.3a<br \/>\nIm Fenster \u201dMain\u201d aus Schritt 1.1 (siehe<br \/>\nBild bei 1) Klick auf \u201dAdd Image\u201d.<br \/>\nEs stellt sich das nebenstehende Bild<br \/>\nein.<br \/>\nZum Pfad mit den Foto-Dateien gehen.<br \/>\nDateien mit der Maus ausw\u00e4hlen.<br \/>\nKlick auf \u201d\u00d6ffnen\u201d.<\/td>\n<td style=\"\"><a href=\"https:\/\/gps.hillclimb.de\/wp-content\/uploads\/2012\/01\/StoryAddImage.jpg\"><img loading=\"lazy\" decoding=\"async\" src=\"https:\/\/gps.hillclimb.de\/wp-content\/uploads\/2012\/01\/StoryAddImage.jpg\" alt=\"\" title=\"Storyish PC Tool - AddImage\" width=\"300\" height=\"258\"><\/a><\/td>\n<\/tr>\n<tr>\n<td style=\"vertical-align:top; width:48%;padding-top:10px;padding-left:10px;\">2.3b<br \/>\nIm Explorer zum Pfad mit den<br \/>\nFoto-Dateien gehen.<br \/>\nDatei-Auswahl mit der Maus.<br \/>\nAusgew\u00e4hlte Dateien mit der Maus<br \/>\nin das Fenster \u201dMain\u201d ziehen.<\/td>\n<td style=\"\"><a href=\"https:\/\/gps.hillclimb.de\/wp-content\/uploads\/2012\/01\/Story_Main.jpg\"><img decoding=\"async\" src=\"https:\/\/gps.hillclimb.de\/wp-content\/uploads\/2012\/01\/Story_Main-300x129.jpg\" alt=\"\" title=\"Storyish PC Tool - Main\" width=\"300\"><\/a><\/td>\n<\/tr>\n<\/tbody>\n<\/table>\n<table style=\"vertical-align:top; background-color:#c3d9b8; padding: 14px;width:98%; border-spacing:1;\">\n<tbody>\n<tr>\n<td style=\"vertical-align:top;padding-top:10px;padding-left:10px;\">Bei den Angaben zu den Bild-Dateien im Fenster \u201dMain\u201d handelt es sich um Links. Somit verbleiben die Dateien selbst unver\u00e4ndert an ihrem Ort.<br \/>\nHier sind nun auch erste Beurteilungen der Ergebnisse m\u00f6glich. Liegt der Aufnahme-Zeitpunkt (\u201dTaken Time\u201d) zumindest innerhalb des Zeitraums des Logs, sollten die Markierungen im Status angehakt (&#8222;checked&#8220;) bzw. blau gef\u00e4rbt und die Spalten \u201dLatitude\u201d, \u201dLongitude\u201d m\u00fcssten mit Eintr\u00e4gen versehen sein.<br \/>\nAu\u00dferdem ist es wichtig zu wissen, dass das \u201dStoryish PC Tool\u201d die Foto-Ortsmarken stets den im Track aus dem  h\u00f6chstens indirekt (n\u00e4mlich in Gestalt von Knickpunkten in der Tracklinie) erkennbaren Logpunkten zuordnet. Gegebenenfalls sollte mit einem<\/p>\n<ul style=\"margin-top: 8px;margin-bottom: 8px;padding-left:15px;\">\n<li>kleinen Zeitintervall, z.B. 1 Sekunde,<\/li>\n<\/ul>\n<p style=\"margin-top: 0px;margin-bottom: 8px;\">gelogt werden.<\/p>\n<p style=\"margin-top: 0px;margin-bottom: 4px;\">Damit die Fotomarkierungen an der richtigen Stelle innerhalb des Tracks erscheinen,<\/p>\n<ul style=\"margin-top: 8px;margin-bottom: 8px;padding-left:15px;\">\n<li style=\"margin-top: 0px;margin-bottom: 4px;\">m\u00fcssen die Zeitangaben der Log-Datens\u00e4tze und der Aufnahmen synchron sein.<\/li>\n<\/ul>\n<p style=\"margin-top: 0px;margin-bottom: 8px;\">Im Idealfall hat bei der Aufnahme die Kamerazeit mit der GPS-Zeit \u00fcbereingestimmt. Andernfalls kann im folgenden Arbeitsschritt eine Korrektur vorgenommen werden. Dabei sollten die Beschriftungen \u201dCurrent Time\u201d und \u201dCamera Time\u201d und das dahinter zu vermutende Vorgehen teils etwas gro\u00dfz\u00fcgig verstanden werden. Neben \u201dCurrent Time\u201d (\u201dAktuelle Zeit\u201d) erscheint &#8211; jedesmal neu &#8211; wirklich die Rechnerzeit vom Zeitpunkt des Klicks, das hei\u00dft sie l\u00e4uft in der Anzeige nicht weiter. Wenig praktikabel d\u00fcrfte aber bei vielen Kameras das Ablesen der Kamerazeit im Moment des Klicks sein. Oft fehlt sogar die Sekundenanzeige. Und dass der Zeitstrahl der Rechnerzeit mit dem Zeitstrahl der GPS-Zeit, die den Logs zugrundeliegt, \u00fcbereinstimmt, ist auch ungewiss.<\/p>\n<p style=\"margin-top: 0px;margin-bottom: 14px;\">Eine Quelle von Ungenauigkeiten und Erschwernissen kann auch der Mehrwege-Empfang von Satellitensignalen sein, zu dem es durch Reflexionen an Geb\u00e4uden oder geneigtem Gel\u00e4nde kommt. N\u00e4heres ist <a href=\"https:\/\/gps.hillclimb.de\/?page_id=1972#verlagerungen\">hier<\/a> nachzulesen.<\/p>\n<p style=\"margin-top: 0px;margin-bottom: 4px;\">Der hier eigentlich zu empfehlende, Korrekturvorgang beruht auf der Differenz der Zeitangaben bei \u201dAktuelle Zeit\u201d und \u201dKamera-Zeit\u201d. Mit deren Wert wird beim Synchronisieren die Zeitangabe der Bilddateien beaufschlagt.<\/p>\n<p style=\"margin-top: 0px;margin-bottom: 4px;\"><a id=\"uhrfoto\"><\/a>Wegen der guten Unterst\u00fctzung in Gestalt der beiden Zeiteingabe-Felder des \u201dStoryish PC Tool\u201d bietet es sich an, wie auch f\u00fcr andere Logger vielfach empfohlen, zeitnah zu den zu synchronisierenden Bildern eine genaugehende Uhr abzufotografieren. Dann gibt man als aktuelle Zeit die der fotografierten Uhr ein und als Kamerazeit die Zeitangabe der Datei aus dem Datei-Manager (Windows Explorer bei Windows-Rechnern) abzulesen. Die so entstehende Zeidifferenz trifft dann (innerhalb der Ganggenauigkeit der Kamera-Uhr und unter Ber\u00fccksichtigung der oben erw\u00e4hnten etwaigen Multipath-bedingten Fehler) f\u00fcr s\u00e4mtliche Fotos zu.<\/p>\n<\/td>\n<\/tr>\n<\/tbody>\n<\/table>\n<table style=\"vertical-align:top; background-color:#c3d9b8; padding: 14px;width:98%; border-spacing:1;\">\n<tbody>\n<tr>\n<td style=\"vertical-align:top; width:68%;padding-top:10px;padding-left:10px;\">Selbstverst\u00e4ndlich wird man bei Display-Loggern wie dem \u201dPocketGPS S1\u201d nicht irgendeine Uhr, sondern eine Display-Ansicht mit Uhrzeitangabe fotografieren &#8211; eine der vielen Ansichten des \u201dBasic\u201d oder des \u201dExercise Mode\u201d, mit allerdings nur klein dargestellter Zeitangabe in der obersten Zeile.<br \/>\nBei ung\u00fcnstigen Lichtverh\u00e4ltnissen wird sich die nebenstehende Trainingsmode-Ansicht besser eignen.<\/td>\n<td style=\"padding-top:10px;\"><a href=\"https:\/\/gps.hillclimb.de\/wp-content\/uploads\/2012\/01\/S1-DisplayFoto1.jpg\"><img decoding=\"async\" src=\"https:\/\/gps.hillclimb.de\/wp-content\/uploads\/2012\/01\/S1-DisplayFoto1.jpg\" alt=\"\" title=\"Foto vom Display des PocketGPS S1\" width=\"100\"><\/a><\/td>\n<\/tr>\n<\/tbody>\n<\/table>\n<table style=\"vertical-align:top; background-color:#c3d9b8; padding: 14px;width:98%; border-spacing:1;\">\n<tbody>\n<tr>\n<td style=\"vertical-align:top; width:48%;padding-top:10px;padding-left:10px;\">2.4<br \/>\nZweckm\u00e4\u00dfig: Zeitzone der Foto-Dateien (=&nbsp;Kameraeinstellung) an Logger (vorzugsweise \u201dGMT +00:00\u201d) anpassen. Zur Korrektur eines dann noch verbliebenen kleineren Zeitunterschieds im Fenster \u201dMain\u201d (mit oder noch ohne Bilderliste)<br \/>\nKlick auf \u201dTaken Time Correction\u201d.<br \/>\nKlick auf \u201dEnable Correction\u201d.<br \/>\nNeben \u201dCurrent Time\u201d die Zeit vom Display-Foto,<br \/>\nneben \u201dCamera Time\u201d die Zeit dieser Foto-Datei (abgelesen im Datei-Manager) eintragen.<br \/>\nKlick auf \u201dApply\u201d.<\/td>\n<td style=\"padding-top:10px;\"><a href=\"https:\/\/gps.hillclimb.de\/wp-content\/uploads\/2012\/01\/StoryAddImage_TimeKorr.jpg\"><img decoding=\"async\" src=\"https:\/\/gps.hillclimb.de\/wp-content\/uploads\/2012\/01\/StoryAddImage_TimeKorr.jpg\" alt=\"\" title=\"Storyisch PC Tool AddImage Taken Time Correction\" width=\"300\"><\/a><\/td>\n<\/tr>\n<\/tbody>\n<\/table>\n<table style=\"vertical-align:top; background-color:#c3d9b8; padding: 14px;width:98%;\">\n<tbody>\n<tr>\n<td style=\"vertical-align:top;padding-top:10px;padding-left:10px;\">Anmerkung:<br \/>\nAngenehm f\u00fcr Arbeiten mit weiteren zeitnahen Dateien &#8211; die so entstandene Zeitdifferenz bleibt bis zum Schlie\u00dfen des \u201dStoryisch Program\u201d (bei erneutem \u201dTaken Time Correction\u201d ist die angezeigte \u201dCamera Time\u201d um diese Zeitdifferenz gegen\u00fcber der dann jeweils angezeigten aktuellen Zeit versetzt) bzw. bis zum Klick auf \u201dDisable Correction\u201d gespeichert.<\/td>\n<\/tr>\n<\/tbody>\n<\/table>\n<table style=\"vertical-align:top; background-color:#c3d9b8; padding: 14px;width:98%; border-spacing:1;\">\n<tbody>\n<tr>\n<td style=\"vertical-align:top; width:48%;padding-top:10px;padding-left:10px;\">2.5<br \/>\nKlick auf \u201dSave\u201d im Fenster \u201dMain\u201d<br \/>\n\u00f6ffnet das Fenster \u201dSave Confirm\u201d.<br \/>\nEvtl. nicht selbsterkl\u00e4rend:<br \/>\n\u201dWIDTH\u201d &#8211; betrifft die Breite der<br \/>\nsich bei Klick auf die<br \/>\nFoto-Ortsmarken \u00f6ffnenden<br \/>\nFoto-Balloons des kml-Tracks<br \/>\n\u201dURL\u201d &#8211; (ggf.) Link zum<br \/>\nPhoto-(Sharing-)Server<br \/>\n(z. B. Flickr).<br \/>\nKlick auf \u201dSave\u201d:<br \/>\nW\u00e4hrend sich die Image-Liste leert, werden die Dateien gem\u00e4\u00df den Einstellungen gespeichert.<\/td>\n<td style=\"padding-top:10px;\"><a href=\"https:\/\/gps.hillclimb.de\/wp-content\/uploads\/2012\/01\/StorySaveConfirm.jpg\"><img decoding=\"async\" src=\"https:\/\/gps.hillclimb.de\/wp-content\/uploads\/2012\/01\/StorySaveConfirm.jpg\" alt=\"\" title=\"StorySaveConfirm\" width=\"300\"><\/a><\/td>\n<\/tr>\n<\/tbody>\n<\/table>\n<table style=\"vertical-align:top; background-color:#c3d9b8; padding: 14px;width:98%; border-spacing:1;\">\n<tbody>\n<tr>\n<td style=\"vertical-align:top;padding-top:10px;padding-left:10px;\">Anmerkung:<br \/>\nBeim Speichervorgang werden im Zielverzeichnis unter Beibehaltung des Dateinamens Kopien der Foto-Dateien abgelegt &#8211; mit unver\u00e4ndertem Bildinhalt, aber mit um die Koordinaten-Angaben erweitertem Exif-Header sowie mit neuem Dateidatum. Die Original-Dateien bleiben unver\u00e4ndert. Bei Namens\u00fcbereinstimmung mit im Zielverzeichnis bereits vorhandenen Kopien wird dem Dateinamen der neuen Datei ein Tiefstrich vorangesetzt.<br \/>\nWird bei der Wiedergabe der kml-Datei z. B. in Google Earth auf ein Foto-Icon geklickt, greift das Programm auf die zugeh\u00f6rige Foto-Datei zu, wobei zur Anzeige das Bild auf die in  \u201dSave Confirm\u201d f\u00fcr \u201dWIDTH\u201d gew\u00e4hlte Breite skaliert wird.<br \/>\nFalls die Weitergabe des bebilderten Trackverlaufs beabsichtigt ist, empfiehlt es sich, im Fenster \u201dSave Confirm\u201d zus\u00e4tzlich \u201dCreate KMZ\u201d zu aktivieren &#8211; diese Datei enth\u00e4lt in per zip-Funktion gepackter, gegen das Verlieren von Dateien sicherer Form s\u00e4mtliche ben\u00f6tigte Dateien, also sowohl den Track mit den Icons f\u00fcr Fotos, Lap- und Waypoints als auch die erweiterten Foto-Dateien.<\/td>\n<\/tr>\n<\/tbody>\n<\/table>\n<hr style=\"margin-top: 24px;margin-bottom: 6px;text-align:left;margin-left:0;width:30%;\">\n<p style=\"margin-top: 0px;margin-bottom: 12px;\">Klaus Dannowski \u2013 <a href=\"https:\/\/gps.hillclimb.de\/?page_id=9788\">Klaus\u2018 GPS-Ecke<\/a><br \/>\n<small>3O.O1.2O12<\/small><\/p>\n","protected":false},"excerpt":{"rendered":"<p>Letzte \u00c4nderung am 03.02.2022 1&#160;Arbeitsschritte \u201dUmsetzung Logdatei \u2014&gt; kml-Datei\u201d mit dem &#8222;Storyish&nbsp;PC&nbsp;Tool&nbsp;\u2013&nbsp;V&nbsp;1.4.08&#8220; &nbsp;&nbsp;1.1 &nbsp;&nbsp;\u201dStoryish.exe\u201d starten &nbsp;&nbsp;Reiter \u201dMain\u201d &nbsp;&nbsp;1.2 &nbsp;&nbsp;Aktivieren &nbsp;&nbsp;&nbsp;\u201dImport Logs\u201d, &nbsp;&nbsp;&nbsp; &nbsp;&nbsp;1.3 &nbsp;&nbsp;\u201dManage Logs\u201d &nbsp;&nbsp;1.4 &nbsp;&nbsp;Im \u201dGPS Manager\u201d gebenenfalls &nbsp;&nbsp;fremde Log-Dateien aus &nbsp;&nbsp;vorangegangenen Sitzungen zum &nbsp;&nbsp;Entfernen mit \u201dStrg\u201d und \u201dMausklick &nbsp;&nbsp;links\u201d ausw\u00e4hlen &nbsp;&nbsp;Klick auf \u201dRemove\u201d &nbsp;&nbsp;Im neuen Fenster mit \u201dJa\u201d best\u00e4tigen. &nbsp; &nbsp;&nbsp;1.5 &nbsp;&nbsp;Im [&hellip;]<\/p>\n","protected":false},"author":2,"featured_media":0,"parent":1374,"menu_order":5,"comment_status":"closed","ping_status":"open","template":"","meta":{"footnotes":""},"class_list":["post-1390","page","type-page","status-publish","hentry"],"_links":{"self":[{"href":"https:\/\/gps.hillclimb.de\/index.php?rest_route=\/wp\/v2\/pages\/1390","targetHints":{"allow":["GET"]}}],"collection":[{"href":"https:\/\/gps.hillclimb.de\/index.php?rest_route=\/wp\/v2\/pages"}],"about":[{"href":"https:\/\/gps.hillclimb.de\/index.php?rest_route=\/wp\/v2\/types\/page"}],"author":[{"embeddable":true,"href":"https:\/\/gps.hillclimb.de\/index.php?rest_route=\/wp\/v2\/users\/2"}],"replies":[{"embeddable":true,"href":"https:\/\/gps.hillclimb.de\/index.php?rest_route=%2Fwp%2Fv2%2Fcomments&post=1390"}],"version-history":[{"count":10,"href":"https:\/\/gps.hillclimb.de\/index.php?rest_route=\/wp\/v2\/pages\/1390\/revisions"}],"predecessor-version":[{"id":10690,"href":"https:\/\/gps.hillclimb.de\/index.php?rest_route=\/wp\/v2\/pages\/1390\/revisions\/10690"}],"up":[{"embeddable":true,"href":"https:\/\/gps.hillclimb.de\/index.php?rest_route=\/wp\/v2\/pages\/1374"}],"wp:attachment":[{"href":"https:\/\/gps.hillclimb.de\/index.php?rest_route=%2Fwp%2Fv2%2Fmedia&parent=1390"}],"curies":[{"name":"wp","href":"https:\/\/api.w.org\/{rel}","templated":true}]}}