{"id":1428,"date":"2012-02-21T18:14:07","date_gmt":"2012-02-21T17:14:07","guid":{"rendered":"http:\/\/gps.hillclimb.de\/?page_id=1428"},"modified":"2023-11-15T17:59:55","modified_gmt":"2023-11-15T16:59:55","slug":"bedienhinweise-setzen-von-waypoints-und-lappoints","status":"publish","type":"page","link":"https:\/\/gps.hillclimb.de\/?page_id=1428","title":{"rendered":"PocketGPS S1 &#8211; Bedienhinweise zum Setzen von Waypoints und Lappoints"},"content":{"rendered":"<p style=\"margin-top: -12px;margin-bottom: 26px;font-size:0.7em;\">Letzte &Auml;nderung am 29.04.2014<\/p>\n<h3 style=\"margin-top: 20px;margin-bottom: 2px;\">Bedienhinweise<br \/>zum Setzen von Waypoints<\/h3>\n<hr style=\"margin-top: 0px;margin-bottom: 12px;\">\n<p style=\"margin-top: 0px;margin-bottom: 6px;\">Ein wichtiges Element im Umgang mit GPS-Ger\u00e4ten ist der Waypoint, Wegpunkt, auch &#8221;Point of Interest: POI&#8221;. <\/p>\n<p style=\"margin-top: 0px;margin-bottom: 6px;\">Speziell im Zusammenhang mit dem Festhalten einer zur\u00fcckgelegten Tour mit einem GPS-Logger in einer Logdatei handelt es sich bei einem Waypoint um die vom Benutzer des Loggers veranlasste \u00f6rtliche (und damit prinzipiell auch zeitliche) Zuordnung einer Gegebenheit innerhalb der Tour. Solche Gegebenheiten k\u00f6nnen rein \u00f6rtlicher Art sein, etwa Sehensw\u00fcrdigkeiten, oder auch \u00f6rtlich zugeordete Ereignisse, z.&nbsp;B. Standorte von Fotoaufnahmen sowie im eigentlichen Sinn einfach eine Position als Bestandteil einer f\u00fcr das sp\u00e4tere (im Fall von GPS-<em>Ger\u00e4ten<\/em> durch eine Navigationsfunktion gest\u00fctzte) Nachverfolgen vorgesehenen Route.<\/p>\n<p style=\"margin-top: 0px;margin-bottom: 10px;\">Viele Karten-Programme beinhalten Funktionen zum manuell gesteuerten Generieren von Wegpunkten bzw. Routen. \u00dcber eine besonders bequeme Handhabung verf\u00fcgen viele GPS-Logger, so auch das &#8221;PocketGPS S1 \/ PG-S1&#8221;: Auf Tastendruck erfolgt ein Eintrag in die Tracklog-Datei. Eintr\u00e4ge genau dieser Art ber\u00fccksichtigt das <a href=\"https:\/\/de.wikipedia.org\/wiki\/GPS_Exchange_Format\" target=\"_blank\" rel=\"noopener\">gpx-Datei-Format<\/a> (<strong>GP<\/strong>S E<strong>x<\/strong>change Format). Allgemein angewendete Festlegungen f\u00fcr die Art der Eintr\u00e4ge gibt es jedoch nicht, sondern sie sind meist, wie auch das Logformat selbst, herstellerspezifisch (Hersteller &#8211; des GPS-Chips, oft auch des GPS-Ger\u00e4ts). Somit ist der Anwender des GPS-Loggers auf eine darauf abgestimmte Auswerte-Software angewiesen, die dann zusammen mit dem Ger\u00e4t zur Verf\u00fcgung gestellt wird.<\/p>\n<p style=\"margin-top: 0px;margin-bottom: 6px;\">Die Art, in der der Wegpunkt in der Logdatei festgehalten ist, wird u.&nbsp;a. auch vom verf\u00fcgbaren Speicherplatz bestimmt. Beim PG-S1 mit reichlich vorhandenem Speicherplatz werden die Tracklogs im NMEA-Format geschrieben. In Abwandlung der Gestalt der NMEA-Sentenzen wurde die komfortable Gestalt der folgenden WPRMC-Zeile gew\u00e4hlt (<a href=\"https:\/\/gps.hillclimb.de\/?page_id=7916#log_ausschnitte\">siehe auch<\/a>), die jeweils als weitere Zeile an den NMEA-Datensatz der betreffenden Position angeh\u00e4ngt wird (Kennung (&#8221;@&#8221; zur Unterscheidung gegen\u00fcber den NMEA-Zeilen mit der Kennung &#8221;$&#8221;):<\/p>\n<p style=\"margin-top: 0px;margin-bottom: 6px;padding-left:20px;\"><code>@WPRMC,151342.000,A,5055.2615,N,01344.9698,E,0.27,180.62,201011,,,A*6C<\/code><\/p>\n<p style=\"margin-top: 0px;margin-bottom: 6px;\">Die Bedienvorg\u00e4nge beim &#8221;PocketGPS S1 \/ PG-S1&#8221; gehen aus der Bedienanleitung von Cuu:B kaum hervor. Zwar gab es auf einer Cuu:B-Website ein Bild <a href=\"#cuub_webauftritt\"><sup><b>Anm1<\/b><\/sup><\/a>, das gut als Ged\u00e4chtnisst\u00fctze geeignet war &#8211; allerdings lediglich f\u00fcr die Lap-Punkte.<\/p>\n<p style=\"margin-top: 0px;margin-bottom: 6px;\">Die nachfolgenden Zeilen sind zusammen mit der nebenstehenden Grafik ein Versuch, die Handhabung zum Festhalten von Wegpunkten w\u00e4hrend der Tour mit dem &#8221;PocketGPS S1&#8221; zu erl\u00e4utern.<\/p>\n<table style=\"margin-top: 0px;margin-bottom: 6px;vertical-align:top; border-spacing:1;width:98%;\">\n<tr>\n<td style=\"vertical-align:top; width:60%;padding:5px;border:0px;\">Ausgangspunkt:<br \/>Logger im &#8222;Basic Mode&#8220;<br \/>&nbsp;&nbsp;&nbsp;(falls erforderlich, mit dem MODE-Taster bis<br \/>&nbsp;&nbsp;&nbsp;dort &#8221;hindurchklicken&#8221;);<br \/>mit Dr\u00fccken von &#8221;OK&#8221; wechseln sich die Ansichten<br \/>&nbsp;&nbsp;&nbsp;&#8221;GPS Alti&#8221;(tude) und &#8221;Elevation&#8221; (=&#160;relative<br \/>&nbsp;&nbsp;&nbsp;barometrische H\u00f6he) ab;<br \/>Dr\u00fccken des Tasters &#8221;LAP&#8221; in irgend einer<br \/>der beiden Ansichten:<br \/>&nbsp;&nbsp;&nbsp;Innerhalb der n\u00e4chsten Sekunde wird in die mit<br \/>&nbsp;&nbsp;&nbsp;den Logeinstellungen gew\u00e4hlte Aufeinanderfolge<br \/>&nbsp;&nbsp;&nbsp;der Datens\u00e4tze zus\u00e4tzlich ein mit einer<br \/>&nbsp;&nbsp;&nbsp;WPRMC-Zeile erg\u00e4nzter Datensatz eingef\u00fcgt.<br \/>&nbsp;&nbsp;&nbsp;(Voraussetzung: Loggerstatus &#8221;3D-Fix&#8221;);<br \/>\u00dcberpr\u00fcfung am Display:<br \/>&nbsp;&nbsp;&nbsp;Der Waypoint-Z\u00e4hler (in der &#8221;Elevation&#8221;-<br \/>&nbsp;&nbsp;&nbsp;Ansicht) ist um 1 erh\u00f6ht.<\/td>\n<td style=\"padding:5px;border:0px;\">&nbsp;<br \/>&nbsp;<br \/>&nbsp;<br \/><a href=\"https:\/\/gps.hillclimb.de\/wp-content\/uploads\/2012\/01\/Cuu-B-Waypoint-Bedienung.jpg\"><img loading=\"lazy\" decoding=\"async\" src=\"https:\/\/gps.hillclimb.de\/wp-content\/uploads\/2012\/01\/Cuu-B-Waypoint-Bedienung.jpg\" alt=\"\" title=\"Der Waypoint-Eintrag beim PocketGPS S1 wird vom Basic-Mode aus durch einen Druck auf die LAP-Taste ausgel\u00f6st. Der Erfolg zeigt sich bei der Waypoint-Nummer.\" width=\"250\" height=\"275\" ><\/a>\n<\/td>\n<\/table>\n<h3 style=\"margin-top: 20px;margin-bottom: 2px;\">Bedienhinweise<br \/>zum Setzen von Lap Markierungen<\/h3>\n<hr style=\"margin-top: 0px;margin-bottom: 12px;\">\n<p style=\"margin-top: 0px;margin-bottom: 6px;\">Vorbemerkung: &#8221;Lap&#8221; bedeutet &#8221;Runde&#8221; &#8211; bei Lap-Angaben handelt es sich eigentlich um Angaben, die den wiederholt durchlaufenen Anfang der Runde betreffen. In manchen F\u00e4llen wird dieser mittels speziell ausgelegter Auswertungs-Funktionen (vorzugsweise in Verbindung mit GPS-Sport-Uhren) automatisch aus den Logdaten gefunden. Auf Runden-Punkten dieser Art beruhend wird das Anzeigen automatisch erzeugter statistischer Auswertungen einzelner Runden m\u00f6glich.<\/p>\n<p style=\"margin-top: 0px;margin-bottom: 6px;\">Wenn der Logger &#8211; wie das PG-S1 &#8211; \u00fcber eine manuelle Eingabem\u00f6glichkeit verf\u00fcgt, kann in vielen Anwendungsf\u00e4llen gerne auf das automatische Finden der Rundenpunkte verzichtet werden. Im Unterschied zu den durch (automatische) Rundenpunkte definierten Weg- bzw. Trackabschnitten k\u00f6nnen so entlang einer Tour sogar manuell beliebig neue Trackabschnitte definiert werden, mit eigenen statistischen Auswertungen im Display des Loggers, w\u00e4hrend der Tour.<\/p>\n<p style=\"margin-top: 0px;margin-bottom: 6px;\">In der Logdatei hat die Lap-Markierung die Gestalt der oben wiedergegebenen LPRMC-Zeile. Zusammen mit einer darauf ausgelegten Auswerte-Software werden so nachtr\u00e4gliche abschnittweise Auswertungen der Touren erm\u00f6glicht.<\/p>\n<p style=\"margin-top: 0px;margin-bottom: 6px;\">Nachstehend folgt, unterst\u00fctzt durch eine Grafik, eine knappe \u00dcbersicht zur Handhabung des Setzens von Lap-Markierungen.<\/p>\n<table style=\"vertical-align:top; border-spacing:1;width:98%;border:0px;\">\n<tr>\n<td style=\"vertical-align:top; width:60%;padding: 5px;border:0px;\">Ausgangspunkt:<br \/>&nbsp;&nbsp;&nbsp;Logger im &#8222;Exercise Mode&#8220; (falls erforderlich, mit<br \/>&nbsp;&nbsp;&nbsp;dem MODE-Taster bis dort &#8221;hindurchklicken&#8221;);<br \/>mit Dr\u00fccken von &#8221;OK&#8221; wechseln sich die<br \/>&nbsp;&nbsp;&nbsp;vier Ansichten zyklisch ab;<br \/>Dr\u00fccken des Tasters \u201cLAP\u201d in einer der<br \/>vier Ansichten:<br \/>&nbsp;&nbsp;&nbsp;Innerhalb der n\u00e4chsten Sekunde wird in die<br \/>&nbsp;&nbsp;&nbsp;Logdatei ein mit einer LPRMC-Zeile erg\u00e4nzter<br \/>&nbsp;&nbsp;&nbsp;Datensatz aufgenommen. (Voraussetzung:<br \/>&nbsp;&nbsp;&nbsp;Loggerstatus &#8221;3D-Fix&#8221;);<br \/>\u00dcberpr\u00fcfung am Display:<br \/>&nbsp;&nbsp;&nbsp;Der Lap-Z\u00e4hler ist um 1 erh\u00f6ht.<\/td>\n<td style=\"vertical-align:top;padding:5px;border:0px;\">&nbsp;<a href=\"https:\/\/gps.hillclimb.de\/wp-content\/uploads\/2012\/01\/Cuu-B-Lap-Bedienung1.jpg\"><img loading=\"lazy\" decoding=\"async\" src=\"https:\/\/gps.hillclimb.de\/wp-content\/uploads\/2012\/01\/Cuu-B-Lap-Bedienung1.jpg\" alt=\"\" title=\"&#8221;PocketGPS S1\/PG-S1&#8221; von Cuu:B: Den Lappoint-Eintrag l\u00f6st die LAP-Taste in jedem der vier Fenster des &#8221;Bicycle\/Exercise Mode&#8221; aus\" width=\"250\" height=\"260\" ><\/a>\n<\/td>\n<\/tr>\n<\/table>\n<h3 style=\"margin-top: 20px;margin-bottom: 2px;\">Anmerkungen <\/h3>\n<hr style=\"margin-top: 0px;margin-bottom: 12px;\">\n<p style=\"margin-top: 0px;margin-bottom: 4px;padding-left:8px;text-indent:-12px;\"><a id=\"cuub_webauftritt\"><\/a><strong><sup>Anm1<\/sup><\/strong>&#160;Der Webauftritt von Cuu:B ist seit Fr\u00fchjahr 2014 nicht mehr erreichbar.<\/p>\n<hr style=\"margin-top: 24px;margin-bottom: 6px;text-align:left;margin-left:0;width:30%;\">\n<p style=\"margin-top: 0px;margin-bottom: 12px;\">Klaus Dannowski &#8211; <a href=\"https:\/\/gps.hillclimb.de\/?page_id=9788\">Klaus&#8216; GPS-Ecke<\/a> <br \/><small>3O.O1.2O12<\/small> <\/p>\n","protected":false},"excerpt":{"rendered":"<p>Letzte &Auml;nderung am 29.04.2014 Bedienhinweisezum Setzen von Waypoints Ein wichtiges Element im Umgang mit GPS-Ger\u00e4ten ist der Waypoint, Wegpunkt, auch &#8221;Point of Interest: POI&#8221;. Speziell im Zusammenhang mit dem Festhalten einer zur\u00fcckgelegten Tour mit einem GPS-Logger in einer Logdatei handelt es sich bei einem Waypoint um die vom Benutzer des Loggers veranlasste \u00f6rtliche (und damit [&hellip;]<\/p>\n","protected":false},"author":2,"featured_media":0,"parent":1187,"menu_order":15,"comment_status":"closed","ping_status":"open","template":"","meta":{"footnotes":""},"class_list":["post-1428","page","type-page","status-publish","hentry"],"_links":{"self":[{"href":"https:\/\/gps.hillclimb.de\/index.php?rest_route=\/wp\/v2\/pages\/1428","targetHints":{"allow":["GET"]}}],"collection":[{"href":"https:\/\/gps.hillclimb.de\/index.php?rest_route=\/wp\/v2\/pages"}],"about":[{"href":"https:\/\/gps.hillclimb.de\/index.php?rest_route=\/wp\/v2\/types\/page"}],"author":[{"embeddable":true,"href":"https:\/\/gps.hillclimb.de\/index.php?rest_route=\/wp\/v2\/users\/2"}],"replies":[{"embeddable":true,"href":"https:\/\/gps.hillclimb.de\/index.php?rest_route=%2Fwp%2Fv2%2Fcomments&post=1428"}],"version-history":[{"count":10,"href":"https:\/\/gps.hillclimb.de\/index.php?rest_route=\/wp\/v2\/pages\/1428\/revisions"}],"predecessor-version":[{"id":11092,"href":"https:\/\/gps.hillclimb.de\/index.php?rest_route=\/wp\/v2\/pages\/1428\/revisions\/11092"}],"up":[{"embeddable":true,"href":"https:\/\/gps.hillclimb.de\/index.php?rest_route=\/wp\/v2\/pages\/1187"}],"wp:attachment":[{"href":"https:\/\/gps.hillclimb.de\/index.php?rest_route=%2Fwp%2Fv2%2Fmedia&parent=1428"}],"curies":[{"name":"wp","href":"https:\/\/api.w.org\/{rel}","templated":true}]}}