{"id":1506,"date":"2012-03-06T19:31:09","date_gmt":"2012-03-06T18:31:09","guid":{"rendered":"http:\/\/gps.hillclimb.de\/?page_id=1506"},"modified":"2022-11-05T20:20:10","modified_gmt":"2022-11-05T19:20:10","slug":"nmea","status":"publish","type":"page","link":"https:\/\/gps.hillclimb.de\/?page_id=1506","title":{"rendered":"PocketGPS S1 &#8211; \u201dRe-Tracking GPS Log\u201d: Anzeige gespeicherter NMEA-, gpx- und kml-Dateien"},"content":{"rendered":"<p style=\"margin-top: -12px;margin-bottom: 26px;font-size:0.7em;\">Letzte \u00c4nderung am 30.04.2013<\/p>\n<p style=\"margin-top: 0px;margin-bottom: 6px;\">Mit der Funktion<\/p>\n<p style=\"margin-top: 0px;margin-bottom: 6px;\"><strong> &#8221;Re-Tracking GPS Log&#34; des &#34;PocketGPS S1&#8221;<\/strong><\/p>\n<p style=\"margin-top: 0px;margin-bottom: 6px;\">f\u00fcr das Display auf &#8222;Re-Tracking GPS&#8220; verk\u00fcrzt, bietet Cuu:B eine f\u00fcr solch kleine GPS-Ger\u00e4te sehr komfortable und reichhaltige Reihe von M\u00f6glichkeiten der Darstellung gespeicherter GPSTouren:<\/p>\n<ol style=\"margin-top: 0px;margin-bottom: 12px;\">\n<li>Anzeige eines w\u00e4hlbaren, gespeicherten Tracks\n<p style=\"margin-top: 0px;margin-bottom: 6px;\">\n<\/li>\n<li style=\"margin-top: 0px;margin-bottom: 6px;\">Zoom-Funktion<\/li>\n<li style=\"margin-top: 0px;margin-bottom: 6px;\">Navigier-Funktion innerhalb der Darstellung<\/li>\n<li>Darstellung auf einem Kartenhintergrund<\/li>\n<\/ol>\n<p style=\"margin-top: 0px;margin-bottom: 12px;\">Die Dateien der darzustellenden Touren m\u00fcssen sich im Ordner &#8222;GPS&#8220; des Loggers befinden. Als GPS-Touren kommen zum einen die eigenen im &#34;PocketGPS&nbsp;S1&#8243; gespeicherten Logs infrage. Zum anderen eignen sich aber auch aus beliebigen externen Quellen \u00fcber die USB-Schnittstelle in dieses Verzeichnis \u00fcbernommene Dateien mit den Erweiterungen &#8222;log&#8220;, &#8222;kml&#8220; oder &#8222;gpx&#8220;, falls sie den <a href=\"#besonderheiten\">unten<\/a> aufgef\u00fchrten Besonderheiten gen\u00fcgen.<\/p>\n<ul>\n<li style=\"margin-top: 0px;margin-bottom: 20px;\"><strong>Im Log-Modus darf zwischen den angezeigten Dateien ebenso wie zwischen den Funktions-Elementen von &#8222;Re-Tracking GPS&#8220; beliebig gewechselt werden, ohne dass dabei das aktuelle Log unterbrochen wird.<\/strong><\/li>\n<\/ul>\n<table style=\"vertical-align:top; border-spacing:10px;padding:0px;width:98%;\">\n<tr>\n<td style=\"vertical-align:top; width:68%;\">Die Darstellfunktionen erreicht man im &#8222;Select Menu&#8220; &#8211; dort<br \/>&nbsp;&nbsp;&nbsp;mit der &#34;+\/-&#34;-Taste&#8220; den Balken &#8222;3 Re-Tracking GPS&#8220;<br \/>&nbsp;&nbsp;&nbsp;w\u00e4hlen, die &#8222;OK&#8220;-Taste dr\u00fccken:\n<\/td>\n<td style=\"padding-left:6px;\"><a href=\"https:\/\/gps.hillclimb.de\/wp-content\/uploads\/2012\/01\/Retracking.jpg\"><img decoding=\"async\" src=\"https:\/\/gps.hillclimb.de\/wp-content\/uploads\/2012\/01\/Retracking.jpg\" alt=\"\" title=\"Re-Tracking GPS-Log\" width=\"200\"><\/a>\n<\/td>\n<\/tr>\n<tr>\n<td style=\"margin-top: 0px;margin-bottom: 0px;vertical-align:top; width:70%;\">\n<p style=\"margin-top: 0px;margin-bottom: 0px;\">&nbsp;&nbsp;&nbsp;Es wird die Liste aller im Ordner &#8222;GPS&#8220;<br \/>&nbsp;&nbsp;&nbsp;des USB-Laufwerks befindlichen Dateien angezeigt,<br \/>&nbsp;&nbsp;&nbsp;die die Datei-Erweiterungen<br \/>&nbsp;&nbsp;&nbsp;&nbsp;&nbsp;&nbsp;&#8222;.log&#8220;, <br \/>&nbsp;&nbsp;&nbsp;&nbsp;&nbsp;&nbsp;&#8222;.kml&#8220;, <br \/>&nbsp;&nbsp;&nbsp;&nbsp;&nbsp;&nbsp;&#8222;.gpx&#8220;<br \/>&nbsp;&nbsp;&nbsp;f\u00fchren.<br \/>&nbsp;&nbsp;&nbsp;(Bewegen in andere Ordner des<br \/>&nbsp;&nbsp;&nbsp;USB-Massenspeichers sieht die Firmware<br \/>&nbsp;&nbsp;&nbsp;hier nicht vor)<\/p>\n<\/td>\n<td style=\"padding-left:6px;\">\n<a href=\"https:\/\/gps.hillclimb.de\/wp-content\/uploads\/2012\/01\/Wahl_Log.jpg\"><img decoding=\"async\" src=\"https:\/\/gps.hillclimb.de\/wp-content\/uploads\/2012\/01\/Wahl_Log.jpg\" alt=\"\" title=\"Wahl eines Log\" width=\"200\"><\/a><a id=\"ohne_windrose\" ><\/a>\n<\/td>\n<\/tr>\n<tr>\n<td style=\"vertical-align:top; width:68%;\">\n<p style=\"margin-top: 0px;margin-bottom: 16px;\">Die Dateiauswahl erfolgt durch Auf-\/Abbewegen eines kleinen blauen Punkts am linken Displayrand mit der &#8222;+\/-&#8222;-Taste&#8220;. Ist der Name der ausgew\u00e4hlten Datei breiter als das Display, wandelt er sich in Laufschrift.<br \/>Nun noch die &#8222;OK&#8220;-Taste dr\u00fccken, Anzeige &#8222;Loading&#8220;, und der Track erscheint im Display.<br \/>&nbsp;<\/p>\n<p style=\"text-align:right;\">&nbsp;&nbsp;&nbsp;&nbsp;&nbsp;Vorab zum Vergleich: Dieser Track <a href=\"#mit_windrose\">mit Windrose<\/a>.<\/p>\n<\/td>\n<td style=\"padding-left:6px;\">\n<a href=\"https:\/\/gps.hillclimb.de\/wp-content\/uploads\/2012\/01\/Log_ohneWindrose.jpg\"><img decoding=\"async\" src=\"https:\/\/gps.hillclimb.de\/wp-content\/uploads\/2012\/01\/Log_ohneWindrose.jpg\" alt=\"\" title=\"Log Direkt: Ohne Windrose\" width=\"200\"><\/a>\n<\/td>\n<\/tr>\n<\/table>\n<p style=\"margin-top: 10px;margin-bottom: 6px;\"><strong>Ausf\u00fchrlicher zu den M\u00f6glichkeiten des &#8222;Re-Tracking GPS&#8220;<\/strong><\/p>\n<p style=\"margin-top: 0px;margin-bottom: 6px;\">\nzu 1.<\/p>\n<ul style=\"margin-top: 0px;margin-bottom: 6px;\">\n<li style=\"margin-top: 0px;margin-bottom: 6px;\">&#8222;Gespeicherter Track&#8220;: Ein mitgeloggter Track, der sich noch im Speicher befindet oder ein extra in den Speicher \u00fcbernommener Track von einer fr\u00fcheren Tour (z. B. auch nach Bearbeitung bzw. Korrekturen) oder auch eine heruntergeladene oder in einer Karte erstellte Track-Datei.<\/li>\n<li style=\"margin-top: 0px;margin-bottom: 6px;\"> Praktisch &#8211; aufgrund der gro\u00dfz\u00fcgigen Speicherkapazit\u00e4t &#8211; unbegrenzte Dateigr\u00f6\u00dfe, unbegrenzt viele Punkte, d. h. keine besondere Vorbearbeitung vorhandener oder heruntergeladener Touren erforderlich. Gro\u00dfe Punktezahlen verl\u00e4ngern lediglich die Ladezeiten f\u00fcr die Log-Anzeige.<\/li>\n<\/ul>\n<p style=\"margin-top: 0px;margin-bottom: 6px;\">zu 2.<\/p>\n<table style=\"vertical-align:top;border-spacing:10px; padding:0px; width:98%;\">\n<tr>\n<td style=\"vertical-align:top; width:68%;\">\n<ul style=\"margin-top: 0px;margin-bottom: 6px;\">\n<li style=\"margin-top: 0px;margin-bottom: 6px;\">Automatisch entsteht die Darstellung in einer in etwa das Format des Displays f\u00fcllenden Zoomstufe.\n<p style=\"text-align:right;margin-top: 80px;margin-bottom: 0px;;\">&nbsp;&nbsp;&nbsp;&nbsp;&nbsp;Ma\u00dfstabsleiste und Windrose im nebenstehenden und den nachfolgenden Bildern &#8222;aus Umweg \u00fcber Karte&#8220;.<\/p>\n<\/li>\n<\/ul>\n<\/td>\n<td style=\"padding-left:6px;\"><a href=\"https:\/\/gps.hillclimb.de\/wp-content\/uploads\/2012\/01\/RetrackRunde0.jpg\"><img decoding=\"async\" src=\"https:\/\/gps.hillclimb.de\/wp-content\/uploads\/2012\/01\/RetrackRunde0.jpg\" alt=\"\" title=\"Retrack GPS Log (Zoom 0)\" width=\"200\"><\/a>\n<\/td>\n<\/tr>\n<tr>\n<td style=\"vertical-align:top; width:68%;\">\n<ul style=\"margin-top: 0px;margin-bottom: 6px;\">\n<li>Bedienhinweis f\u00fcr Zoom: &#34;+\/-&#34;-Taste<br \/>&nbsp;\n<p>\u00c4nderung des Abbildungsma\u00dfstabs<br \/>(Raster der Zoomstufen) im Verh\u00e4ltnis 1:4.<br \/>&nbsp;<br \/>Bei maximaler Aufl\u00f6sung entspricht die Breite des Displays etwa 100&nbsp;m bzw. ein Pixel beachtlichen ca. 0,8 m.<\/li>\n<\/ul>\n<\/td>\n<td style=\"padding-left:6px;\"><a href=\"https:\/\/gps.hillclimb.de\/wp-content\/uploads\/2012\/01\/RetrackRunde-1.jpg\"><img decoding=\"async\" src=\"https:\/\/gps.hillclimb.de\/wp-content\/uploads\/2012\/01\/RetrackRunde-1.jpg\" alt=\"\" title=\"Retrack GPS Log (Zoom -1)\" width=\"200\"><\/a><\/td>\n<\/tr>\n<\/table>\n<p style=\"margin-top: 0px;margin-bottom: 6px;\">zu 3.<\/p>\n<table style=\"vertical-align:top; border-spacing:10px;padding:0px;width:98%;\">\n<tr>\n<td style=\"vertical-align:top; width:68%;\">\n<ul style=\"margin-top: 0px;margin-bottom: 6px;\">\n<li style=\"margin-top: 0px;margin-bottom: 6px;\">Bedienhinweis:<br \/>Bewegen mit<br \/> &#8222;MODE&#8220;-, &#8222;LAP&#8220;-, &#8222;+\/-&#8222;-Taste<br \/>&nbsp;<br \/> Handhabung selbsterkl\u00e4rend:<br \/>Pfeile und Schriftfelder auf dem Display.<\/li>\n<\/ul>\n<\/td>\n<td style=\"padding-left:6px;\"><a href=\"https:\/\/gps.hillclimb.de\/wp-content\/uploads\/2012\/01\/RetrackRunde_Move.jpg\"><img decoding=\"async\" src=\"https:\/\/gps.hillclimb.de\/wp-content\/uploads\/2012\/01\/RetrackRunde_Move.jpg\" alt=\"\" title=\"RetrackRunde_Move\" width=\"200\"><\/a><\/td>\n<\/tr>\n<\/table>\n<p style=\"margin-top: 0px;margin-bottom: 6px;\">zu 4.<\/p>\n<ul>\n<li style=\"margin-top: 0px;margin-bottom: 6px;\">\n<p style=\"margin-top: 0px;margin-bottom: 6px;\">Gegebenenfalls im USB-Ordner &#8222;MAP&#8220; vorhandenes geografisch zutreffendes Kartenmaterial wird automatisch eingeblendet, und es erscheinen eine mit einer Nummer der Zoomstufe erg\u00e4nzte Ma\u00dfstabsleiste und eine Mini-Windrose.<br \/>Nachfolgende Bilder: Links &#8211; Auswahl (blauer Punkt) eines Test-Logs, aus dem Karten-Gebiet; Mitte &#8211; Track im Karten-Gebiet; Rechts &#8211; Track in einem Gebiet ohne Karte.<a id=\"mit_windrose\" ><\/a><\/p>\n<p style=\"margin-top: 0px;margin-bottom: 6px;\"><a href=\"https:\/\/gps.hillclimb.de\/wp-content\/uploads\/2012\/01\/Wahl_Testlog.jpg\"><img decoding=\"async\" src=\"https:\/\/gps.hillclimb.de\/wp-content\/uploads\/2012\/01\/Wahl_Testlog.jpg\" title=\"Wahl des Testlog (in Karten-Bereich)\" width=\"197\" alt=\"\"><\/a>&nbsp;&nbsp;&nbsp;&nbsp;<a href=\"https:\/\/gps.hillclimb.de\/wp-content\/uploads\/2012\/01\/TestlogZ4_MAP.jpg\" title=\"TestlogZ4_MAP\"><img decoding=\"async\" src=\"https:\/\/gps.hillclimb.de\/wp-content\/uploads\/2012\/01\/TestlogZ4_MAP.jpg\" alt=\"\" title=\"Testlog in Karte Zoom=4\" width=\"193\"><\/a>&nbsp;&nbsp;&nbsp;&nbsp;<a href=\"https:\/\/gps.hillclimb.de\/wp-content\/uploads\/2012\/01\/Log_mitWindrose.jpg\"><img decoding=\"async\" src=\"https:\/\/gps.hillclimb.de\/wp-content\/uploads\/2012\/01\/Log_mitWindrose.jpg\" alt=\"\" title=\"Log nach Karte: Mit Windrose\" width=\"193\"><\/a><\/p>\n<p style=\"vertical-align:top;margin-bottom: 0px;\">Sehr angenehm:<br \/>Diese Elemente bleiben anschlie\u00dfend auch bei der Wiedergabe au\u00dferhalb der Karte gelegener GPS-Tracks in der Anzeige &#8211; siehe rechtes Bild: Der gleiche Track wie <a href=\"#ohne_windrose\">ganz oben<\/a>, aber, nach der R\u00fcckehr, mit Ma\u00dfstabsleiste und Windrose.<br \/>Eine dauerhafte Speicherung daf\u00fcr \u00fcber das Abschalten des Loggers hinaus scheint jedoch nicht zu erfolgen.<\/p>\n<p style=\"margin-top:10px;margin-bottom: 6px;\">Einschr\u00e4nkende Anmerkungen zum Kartenmaterial:<\/p>\n<table style=\"vertical-align:top; border-spacing:6px;padding:0px;width:98%;\">\n<tr>\n<td style=\"vertical-align:top; width:67%;\">\n<p style=\"margin-top:0px;margin-bottom: 6px;\">Im Unterschied zur f\u00fcr ostasiatische Sprachen typischen sehr kompaktenn Schriftform (im Bild rechts Ortsangaben in Koreanisch\/Hangul) w\u00fcrden Karten-Beschriftungen mit lateinischen Fonts recht gro\u00dfe Teile des nur 128 Pixel breiten Displays ausf\u00fcllen oder beim Heraus-Zoomen unleserlich werden.<\/td>\n<td style=\"padding-left:6px;\">\n<a href=\"https:\/\/gps.hillclimb.de\/wp-content\/uploads\/2012\/01\/LogZ2_Schrift.jpg\"><img decoding=\"async\" src=\"https:\/\/gps.hillclimb.de\/wp-content\/uploads\/2012\/01\/LogZ2_Schrift.jpg\" alt=\"\" title=\"Beschriftung in Koreanisch\" width=\"200\"><\/a>\n<\/td>\n<\/tr>\n<\/table>\n<p style=\"margin-top:0px;margin-bottom: 6px;\">Das Kartenmaterial ist &#8211; weil in einem Rasterformat &#8211; ohnehin sehr speicherintensiv. Bisher ist es allein f\u00fcr die Republik Korea \/S\u00fcdkorea\/ verf\u00fcgbar. F\u00fcr dieses Gebiet von 500&nbsp;x500&nbsp;km<sup>2<\/sup> bel\u00e4uft sich der Speicherbedarf bereits auf fast 1&#160;GByte.<\/p>\n<\/li>\n<\/ul>\n<p style=\"margin-top:0px;margin-bottom: 6px;\"><strong><a id=\"besonderheiten\" ><\/a>Besonderheiten zu den Dateiformaten importierter GPS-Dateien<\/strong><\/p>\n<ul>\n<li style=\"margin-top: 0px;margin-bottom: 4px;\">*.log-Format (Basis NMEA 0183-Sentenzen)<br \/>In die Auswertung gehen allein die $GPRMC-Zeilen ein.<br \/>Neben den eigenen Log-Dateien des &#8221;PocketGPS S1 \/ PG-S1&#8221; werden somit auch fremde NMEA-Dateien akzeptiert, vorausgesetzt sie enthalten die $GPRMC-Zeilen &#8211; ist nicht immer der Fall &#8211; und die Dateierweiterung lautet &#8222;.log&#8220; (gegebenenfalls so \u00e4ndern).<\/li>\n<li style=\"margin-top: 0px;margin-bottom: 4px;\">*.kml-Format<br \/>Die Track-Darstellung beruht allein auf dem LineString-Placemark. Zus\u00e4tzliche Inhalte in der kml-Datei, wie sie das &#8222;Storyish PC Tool&#8220; hinzuf\u00fcgt, &#34;st\u00f6ren&#34; nicht, verschiedene weitere schon (fehlerhafte Darstellung oder auch &#8222;Log Error!&#8220;).<\/li>\n<li>*.gpx-Format<br \/>keine Besonderheiten vorgefunden.<\/li>\n<\/ul>\n<hr style=\"margin-top: 24px;margin-bottom: 6px;text-align:left;margin-left:0;width:30%;\">\n<p style=\"margin-top: 0px;margin-bottom: 12px;\">Klaus Dannowski &#8211; <a href=\"https:\/\/gps.hillclimb.de\/?page_id=9788\">Klaus&#8216; GPS-Ecke<\/a> <br \/><small>O7.O3.2O12<\/small> <\/p>\n<p>&#8221;Cuu:B PocketGPS S1 \/ PG-S1: Viewing recorded NMEA, gpx and kml files with &#8221;Re-Tracking GPS Log&#8221;  &#8221; <\/p>\n","protected":false},"excerpt":{"rendered":"<p>Letzte \u00c4nderung am 30.04.2013 Mit der Funktion &#8221;Re-Tracking GPS Log&#34; des &#34;PocketGPS S1&#8221; f\u00fcr das Display auf &#8222;Re-Tracking GPS&#8220; verk\u00fcrzt, bietet Cuu:B eine f\u00fcr solch kleine GPS-Ger\u00e4te sehr komfortable und reichhaltige Reihe von M\u00f6glichkeiten der Darstellung gespeicherter GPSTouren: Anzeige eines w\u00e4hlbaren, gespeicherten Tracks Zoom-Funktion Navigier-Funktion innerhalb der Darstellung Darstellung auf einem Kartenhintergrund Die Dateien der [&hellip;]<\/p>\n","protected":false},"author":2,"featured_media":0,"parent":1187,"menu_order":9,"comment_status":"closed","ping_status":"open","template":"","meta":{"footnotes":""},"class_list":["post-1506","page","type-page","status-publish","hentry"],"_links":{"self":[{"href":"https:\/\/gps.hillclimb.de\/index.php?rest_route=\/wp\/v2\/pages\/1506","targetHints":{"allow":["GET"]}}],"collection":[{"href":"https:\/\/gps.hillclimb.de\/index.php?rest_route=\/wp\/v2\/pages"}],"about":[{"href":"https:\/\/gps.hillclimb.de\/index.php?rest_route=\/wp\/v2\/types\/page"}],"author":[{"embeddable":true,"href":"https:\/\/gps.hillclimb.de\/index.php?rest_route=\/wp\/v2\/users\/2"}],"replies":[{"embeddable":true,"href":"https:\/\/gps.hillclimb.de\/index.php?rest_route=%2Fwp%2Fv2%2Fcomments&post=1506"}],"version-history":[{"count":10,"href":"https:\/\/gps.hillclimb.de\/index.php?rest_route=\/wp\/v2\/pages\/1506\/revisions"}],"predecessor-version":[{"id":10705,"href":"https:\/\/gps.hillclimb.de\/index.php?rest_route=\/wp\/v2\/pages\/1506\/revisions\/10705"}],"up":[{"embeddable":true,"href":"https:\/\/gps.hillclimb.de\/index.php?rest_route=\/wp\/v2\/pages\/1187"}],"wp:attachment":[{"href":"https:\/\/gps.hillclimb.de\/index.php?rest_route=%2Fwp%2Fv2%2Fmedia&parent=1506"}],"curies":[{"name":"wp","href":"https:\/\/api.w.org\/{rel}","templated":true}]}}