{"id":218,"date":"2010-02-25T21:42:01","date_gmt":"2010-02-25T20:42:01","guid":{"rendered":"http:\/\/gps.hillclimb.de\/?page_id=218"},"modified":"2023-11-16T14:44:49","modified_gmt":"2023-11-16T13:44:49","slug":"bild-beispiele","status":"publish","type":"page","link":"https:\/\/gps.hillclimb.de\/?page_id=218","title":{"rendered":"Bilder zu den kml-Beispiel-Dateien"},"content":{"rendered":"<p style=\"margin-top: -12px;margin-bottom: 26px;font-size:0.7em;\">Letzte &Auml;nderung am 27.05.2017<\/p>\n<p style=\"margin-top: 0px;margin-bottom: 0px\">Hier sollen nun die im Punkt <a href=\"https:\/\/gps.hillclimb.de\/?page_id=200\"> kml-Beispiele<\/a> beschriebenen<\/p>\n<p style=\"margin-top: 0px;margin-bottom: 4px\"> &nbsp;&nbsp;&nbsp;&nbsp;Formatierungs-Varianten<\/p>\n<p style=\"margin-top: 0px;margin-bottom: 0px\">sowie<\/p>\n<p style=\"margin-top: 0px;margin-bottom: 4px\">&nbsp;&nbsp;&nbsp;&nbsp;die Bedienung in der Listenansicht des Google Earth-Ortefensters in der Seitenleiste <\/p>\n<p style=\"margin-top: 0px;margin-bottom: 6px\"> anhand einiger Bild-Beispiele verdeutlicht werden.<\/p>\n<p>Die hierf\u00fcr ausgew\u00e4hlten KML-Dateien entsprechen der &#8221;Variante mit separaten Punkte-Foldern&#8221;. Sie enthalten alle beschriebenen Struktur-Elemente, die ebenso aber auch einzeln anwendbar sind.<\/p>\n<p>Die verwendeten Logs stammen von einem iBlue747 (TranSystem; \u00e4lteres Modell mit 2-Mbit-Speicher). Sie wurden bei Fu\u00dfg\u00e4ngertempo aufgenommen. Log-Mode war der f\u00fcr die Benutzung als Fu\u00dfg\u00e4nger vorteilhafte Distance-Mode, hier &#8221;Distance=20m&#8221;.<\/p>\n<p>&nbsp;&nbsp;&nbsp;Bilder zum Vergr\u00f6\u00dfern anklicken<\/p>\n<table style=\"padding:20px; width:100%;\">\n<tr>\n<td style=\"vertical-align:middle; width:80%;\">Im ersten Bild mit aktiviertem Ordner &#8221;Alle Trackpunkte&#8221; \u00fcberdeckt die Punkte-Schlange die Track-Linie. Track-Punkte in der N\u00e4he des Maus-Zeigers wechseln in den Highlight-Zustand, so dass ihre Labels sichtbar werden, w\u00e4hrend die \u00fcbrigen in der Normalansicht und deshalb unsichtbar bleiben &#8211; der Blick auf das Gel\u00e4nde bleibt frei.<br \/> Die Darstellung des zweiten Bilds ist betr\u00e4chtlich gezoomt, so dass Einzelheiten des Tracks bzw. der Punkte zu erkennen sind. Auch hier bleiben die Labels der Trackpunkte in der Normalansicht verborgen.&nbsp;Nach Doppelklick auf den Punkt &#8221;14:37:50 Uhr&#8221; mit der linken Maus-Taste ist dessen Info-Pop-up eingeblendet.<br \/>Weiterbewegen des Mauszeigers hat den Beschriftungstext des Punkts &#8221;14:41:26 Uhr&#8221; eingeschaltet.<\/td>\n<td style=\"padding:15px; vertical-align:middle;\"><a href=\"https:\/\/gps.hillclimb.de\/wp-content\/uploads\/Punkte_alle1.jpg\"><img decoding=\"async\" src=\"https:\/\/gps.hillclimb.de\/wp-content\/uploads\/Punkte_alle1-300x268.jpg\" alt=\"\" title=\"Bei&nbsp;Ber&uuml;hren&nbsp;der&nbsp;Punkte-Schlange&nbsp;mit&nbsp;dem&nbsp;Mauszeiger&nbsp;erscheinen&nbsp;einige&nbsp;in&nbsp;der&nbsp;N&auml;he&nbsp;befindliche&nbsp;&lt;name&gt;-Labels\" width=\"120\"><\/a><\/p>\n<p>&nbsp;<a href=\"https:\/\/gps.hillclimb.de\/wp-content\/uploads\/Punkte_alle.jpg\" ><img decoding=\"async\" src=\"https:\/\/gps.hillclimb.de\/wp-content\/uploads\/Punkte_alle-300x268.jpg\" alt=\"\" title=\"Punkt&nbsp;mit&nbsp;Infofenster &#8211; Ein&nbsp;Klick&nbsp;auf&nbsp;das&nbsp;K&auml;stchen-Icon&nbsp;&ouml;ffnet&nbsp;ein&nbsp;Info-Fenster\" width=\"120\" ><\/a><\/td>\n<\/tr>\n<p><!--\n data-lightbox=\"lightbox[218]\"\n--><\/p>\n<tr>\n<td style=\"vertical-align:middle; width:80%;\">In den Folder &#8221;Punkte_jeder_nte&#8221; ist in diesem Beispiel nur jeder zehnte Logpunkt aufgenommen worden. Der Vergleich l\u00e4sst erkennen, dass die Eigenschaften der Labels mit dem Beispiel &#8221;Alle Trackpunkte&#8221; \u00fcbereinstimmend gew\u00e4hlt wurden.<\/td>\n<td style=\"padding:15px; vertical-align:middle;\"><a href=\"https:\/\/gps.hillclimb.de\/wp-content\/uploads\/Punkte_jeder_nte.jpg\" ><img decoding=\"async\" src=\"https:\/\/gps.hillclimb.de\/wp-content\/uploads\/Punkte_jeder_nte-300x268.jpg\" alt=\"\" title=\"Punkte_jeder_nte\" width=\"120\" ><\/a><\/td>\n<\/tr>\n<tr>\n<td style=\"vertical-align:middle; width:80%;\">Auch beim Ordner &#8221;Punkte normal&#160;au\u00dfer&#8221; handelt es sich wegen der Zeitstempel, mit denen sie versehen sind, um Trackpunkte. Ist das Steuerk\u00e4stchen des zugeh\u00f6rigen Folders aktiviert (eventuell nach vorangegangenem Maus-Klick), zeigt sich der Zeitschieberegler. Dabei befinden sich seine beiden Griffe zun\u00e4chst am linken Ende des Balkens<a href=\"#zeitregler_automatisch\"><sup><b>Anm1<\/b><\/sup><\/a>.<br \/> Durch Ziehen mit der Maus an den Griffen kann man Lage und Gr\u00f6\u00dfe des Zeitraums festlegen, zu dem Trackpunkte sichtbar werden (erstes Bild). Bewegen des rechten Griffs mit der Maus (zun\u00e4chst also nach rechts) ergibt den Endzeitpunkt. Soweit es der Platz links erlaubt, beh\u00e4lt dabei der linke Griff seinen Abstand zum rechten bei. Ziehen am linken Griff (zun\u00e4chst erstmal nach links), \u00e4ndert die Gr\u00f6\u00dfe des Zeitintervalls bzw. zusammen mit dem rechten Griff dessen Zeitpunkt l\u00e4ngs des Tracks, ab dem die normaler Weise versteckten Trackpunkte sichtbar sind. Au\u00dferhalb der Reichweite des Mauszeigers wird der Zeitbalken hoch transparent &#8211; man sieht nur noch die Zeitangaben. Die Beschriftungen auch dieser Trackpunkte reagieren auf das Ann\u00e4hern des Mouse Cursor bzw. auf das Anklicken.<br \/>&nbsp;<\/td>\n<td style=\"padding:15px; vertical-align:middle;\"><a href=\"https:\/\/gps.hillclimb.de\/wp-content\/uploads\/Punkte_normal_ausser1.jpg\" ><img decoding=\"async\" src=\"https:\/\/gps.hillclimb.de\/wp-content\/uploads\/Punkte_normal_ausser1-300x250.jpg\" alt=\"\" title=\"Punkte_normal_ausser1\" width=\"120\" ><\/a><\/p>\n<p>&nbsp;<a href=\"https:\/\/gps.hillclimb.de\/wp-content\/uploads\/Punkte_normal_ausser2.jpg\" ><img decoding=\"async\" src=\"https:\/\/gps.hillclimb.de\/wp-content\/uploads\/Punkte_normal_ausser2-300x246.jpg\" alt=\"\" title=\"Punkte_normal_ausser\" width=\"120\" ><\/a><\/td>\n<\/tr>\n<tr>\n<td style=\"vertical-align:middle; width:80%;\">Ist allein der Ordner &#8221;Icons_versteckt_au\u00dfer&#8221; aktiviert, sind &#8211; falls ebenfalls ausgew\u00e4hlt &#8211; lediglich die gelbfarbigen Punkte des Kilometerrasters zu sehen. Abfahren der Tracklinie mit dem Mauszeiger l\u00e4\u00dft die Trackpunkte mit ihren Beschriftungen auftauchen. Auch hier kann man die Trackpunkte so auslegen, dass sie auf den Mausklick mit dem \u00d6ffnen ihrer Info-Pop-ups reagieren.<\/td>\n<td style=\"padding:15px; vertical-align:middle;\"><a href=\"https:\/\/gps.hillclimb.de\/wp-content\/uploads\/Punkte_normal_ausser2.jpg\" ><img decoding=\"async\" src=\"https:\/\/gps.hillclimb.de\/wp-content\/uploads\/Punkte_normal_ausser2-300x246.jpg\" alt=\"\" title=\"Punkte_normal_ausser\" width=\"120\" ><\/a><\/td>\n<\/tr>\n<tr>\n<td style=\"vertical-align:middle; width:80%;\">So wie f\u00fcr den Fall der Trackpunkte gezeigt, k\u00f6nnen Info-Pop-ups auch jedem anderen Placemark-Element zugeordnet werden. Im Beispiel ist es die Tracklinie. Er erscheint als ein mit &#8221;Strecken-Angaben&#8221; \u00fcberschriebener gr\u00f6\u00dferer Info-Pop-up, wenn man die Tracklinie in einem freien Bereich anklickt, sobald das Hand-Symbol zu einem Pfeil gewechselt hat. Bei der gew\u00e4hlten Konfiguration ist er an die Tracklinie angeheftet. Auch beim Anklicken des Links &#8221;Strecken-Angaben&#8221; im Ortefenster zeigt er sich, dann unabh\u00e4ngig von der Tracklinie. Hier lassen sich vorteilhaft Auswertungen zur mit dem Log erfassten Strecke unterbringen. <\/td>\n<td style=\"padding:15px; vertical-align:middle;\"><a href=\"https:\/\/gps.hillclimb.de\/wp-content\/uploads\/Streckenangaben.jpg\" ><img decoding=\"async\" src=\"https:\/\/gps.hillclimb.de\/wp-content\/uploads\/Streckenangaben-300x285.jpg\" alt=\"\" title=\"Beispiel mit Streckenangaben\" width=\"120\" ><\/a><br \/>\n<\/tr>\n<tr>\n<td style=\"vertical-align:middle;width:80%;\">&#160;<br \/>Darstellung aus der Bearbeitungsphase der Verwendung der H\u00f6henwerte der SRTM-Dateien:<br \/>Gelbe Test-Punkte im 3&#8221;-Raster des SRTM-Data-hgt-Files (hier Version v.2) mit Angaben zu ihrer H\u00f6he und den (intern vergebenen) Nummern der zum jeweiligen Test-Punkte-Quadrupel geh\u00f6renden Track-Points. Sie gestatten die \u00dcberpr\u00fcfung der richtigen Auswahl in der SRTM-Datei, der richtigen Lage im Gel\u00e4nde und die Beurteilung der korrekten Gewinnung der Trackpunkt-H\u00f6he durch Interpolation der H\u00f6henwerte des Quadrupels. <\/td>\n<td style=\"padding:15px; vertical-align:middle;\"><a href=\"https:\/\/gps.hillclimb.de\/wp-content\/uploads\/Icons_SRTM_Testpoints.jpg\" ><img decoding=\"async\" src=\"https:\/\/gps.hillclimb.de\/wp-content\/uploads\/Icons_SRTM_Testpoints-300x251.jpg\" alt=\"\" title=\"gelb: SRTM-Testpoints\" width=\"120\" ><\/a><\/td>\n<\/tr>\n<tr>\n<td style=\"vertical-align:middle; width:80%;\">Weil die kml-Dateien aus ASCII-Zeichen bestehen, kann man sie mit dem Texteditor erstellen und bearbeiten. Das ist allerdings nur f\u00fcr kleinere Logs und bei einfachen Formatierungen durchf\u00fchrbar. Die GoogleEarth-Dateien der Beispiele entstanden in der im Bild gezeigten hobbym\u00e4\u00dfig mit Delphi bearbeiteten Arbeitsumgebung.<\/td>\n<td style=\"padding:15px; vertical-align:middle;\"><a href=\"https:\/\/gps.hillclimb.de\/wp-content\/uploads\/2012\/01\/Experim_kml_GUI_FoldParms.jpg\" ><img decoding=\"async\" src=\"https:\/\/gps.hillclimb.de\/wp-content\/uploads\/2012\/01\/Experim_kml_GUI_FoldParms-300x261.jpg\" alt=\"\" title=\"Die experimentelle CSVkml-GUI &#8211; Reiter &#34;Folder-Auswahl&#34;\" width=\"120\" ><\/a><\/td>\n<\/tr>\n<\/table>\n<h3 style=\"margin-top: 20px;margin-bottom: 2px;\">Anmerkungen <\/h3>\n<hr style=\"margin-top: 0px;margin-bottom: 12px;\">\n<p style=\"margin-top: 0px;margin-bottom: 0px;padding-left:8px;text-indent:-12px;\"><a id=\"zeitregler_automatisch\"><\/a><sup><strong>Anm1<\/strong><\/sup>&#160; \u00d6ffnet man eine kml-\/kmz-Datei, die einen aktivierten Trackpunkte-Folder mit Zeitstempeln enth\u00e4lt, in einer neueren Version von Google Earth, erscheint von selbst sofort der Zeitschieberegler  (zur Handhabung siehe z.&#160;B. Seite&#160;25 von &#34;<a href=\"http:\/\/www.gps-reutlingen.de\/dav\/Google_Earth-Training.pdf\" target=\"_blank\" rel=\"noopener\">Heilig,&#160;A.:&#160;Google&#160;Earth&#160;Training<\/a>&#34; oder, ausf\u00fchrlicher, im Eintrag &#34;<a href=\"https:\/\/gps.hillclimb.de\/?page_id=9433\">Der Zeitschieberegler von Google Earth<\/a>&#34;) &#8211; und in einem z\u00fcgigen Durchlauf gelangen die Bildchen und &#8211; falls als sichtbar definiert &#8211; auch die Beschriftungen s\u00e4mtlicher Punkte dieses Ordners zur Anzeige. <\/p>\n<hr style=\"margin-top: 24px;margin-bottom: 6px;text-align:left;margin-left:0;width:30%;\">\n<p style=\"margin-top: 0px;margin-bottom: 6px;\">Klaus Dannowski &#8211; <a href=\"https:\/\/gps.hillclimb.de\/?page_id=9788\">Klaus&#8216; GPS-Ecke<\/a> <br \/><small>19.O2.2OO9<\/small> <\/p>\n","protected":false},"excerpt":{"rendered":"<p>Letzte &Auml;nderung am 27.05.2017 Hier sollen nun die im Punkt kml-Beispiele beschriebenen &nbsp;&nbsp;&nbsp;&nbsp;Formatierungs-Varianten sowie &nbsp;&nbsp;&nbsp;&nbsp;die Bedienung in der Listenansicht des Google Earth-Ortefensters in der Seitenleiste anhand einiger Bild-Beispiele verdeutlicht werden. Die hierf\u00fcr ausgew\u00e4hlten KML-Dateien entsprechen der &#8221;Variante mit separaten Punkte-Foldern&#8221;. Sie enthalten alle beschriebenen Struktur-Elemente, die ebenso aber auch einzeln anwendbar sind. Die verwendeten Logs [&hellip;]<\/p>\n","protected":false},"author":2,"featured_media":0,"parent":701,"menu_order":30,"comment_status":"closed","ping_status":"open","template":"","meta":{"footnotes":""},"class_list":["post-218","page","type-page","status-publish","hentry"],"_links":{"self":[{"href":"https:\/\/gps.hillclimb.de\/index.php?rest_route=\/wp\/v2\/pages\/218","targetHints":{"allow":["GET"]}}],"collection":[{"href":"https:\/\/gps.hillclimb.de\/index.php?rest_route=\/wp\/v2\/pages"}],"about":[{"href":"https:\/\/gps.hillclimb.de\/index.php?rest_route=\/wp\/v2\/types\/page"}],"author":[{"embeddable":true,"href":"https:\/\/gps.hillclimb.de\/index.php?rest_route=\/wp\/v2\/users\/2"}],"replies":[{"embeddable":true,"href":"https:\/\/gps.hillclimb.de\/index.php?rest_route=%2Fwp%2Fv2%2Fcomments&post=218"}],"version-history":[{"count":10,"href":"https:\/\/gps.hillclimb.de\/index.php?rest_route=\/wp\/v2\/pages\/218\/revisions"}],"predecessor-version":[{"id":11128,"href":"https:\/\/gps.hillclimb.de\/index.php?rest_route=\/wp\/v2\/pages\/218\/revisions\/11128"}],"up":[{"embeddable":true,"href":"https:\/\/gps.hillclimb.de\/index.php?rest_route=\/wp\/v2\/pages\/701"}],"wp:attachment":[{"href":"https:\/\/gps.hillclimb.de\/index.php?rest_route=%2Fwp%2Fv2%2Fmedia&parent=218"}],"curies":[{"name":"wp","href":"https:\/\/api.w.org\/{rel}","templated":true}]}}