{"id":2641,"date":"2012-11-07T10:44:18","date_gmt":"2012-11-07T09:44:18","guid":{"rendered":"http:\/\/gps.hillclimb.de\/?page_id=2641"},"modified":"2024-08-20T07:14:04","modified_gmt":"2024-08-20T05:14:04","slug":"sie-muumlssen-den-datentrger-in-laufwerk-x-formatieren-bevor","status":"publish","type":"page","link":"https:\/\/gps.hillclimb.de\/?page_id=2641","title":{"rendered":"PocketGPS S1: \u201cSie m\u00fcssen den Datentr\u00e4ger in Laufwerk x: formatieren, bevor \u2026&#8220;"},"content":{"rendered":"<p style=\"margin-top: -12px;margin-bottom: 20px;font-size:0.7em;\">Stand 18.05.2018 <\/p>\n<p style=\"margin-top: 0px;margin-bottom: 8px;\">Auch das kann vorkommen (\u00fcbrigens bei allen USB-Massenspeicher-Laufwerken, nicht nur mit dem USB-Drive des GPS-Loggers &#34;PocketGPS S1&#34; \/ &#34;PG-S1&#34; von Cuu:B): &#34;Sie m\u00fcssen den Datentr\u00e4ger in Laufwerk x: formatieren, bevor sie ihn verwenden k\u00f6nnen&#34;. <\/p>\n<p style=\"margin-top: 0px;margin-bottom: 8px;\">Schnell war&#8217;s passiert: Versehentlich &#34;REC&#34; gedr\u00fcckt &#8211; vermutlich ein unerw\u00fcnschter zus\u00e4tzlicher Stromverbraucher, also schnell wieder ausschalten &#8211; nicht gewusst, dass dazu &#34;REC&#34; etwas l\u00e4nger zu dr\u00fccken ist &#8211; dann eben einfach durch wiederholtes l\u00e4ngeres Dr\u00fccken von &#34;OK&#34;, dann &#34;+\/-&#34; und &#34;Power Off&#34; den Logger endlich doch ausgeschaltet &#8211; Logger neu gestartet, alles sieht aus wie &#34;immer&#34;  &#8211; nach einigem Probieren blieb dann aber doch sogar das Display dunkel: Totalausfall? &#8211; irgendwann sp\u00e4ter den Logger am USB-Port des Windows-Computers angesteckt: Display des Loggers mit Menues wieder da, Logger noch immer im Log-Modus &#8211;,<\/p>\n<p style=\"margin-top: 0px;margin-bottom: 8px;margin-left:22px;\"> und siehe da:<\/p>\n<p style=\"margin-top: 0px;margin-bottom: 8px;margin-left:40px;\">Statt dass sich im Windows-Explorer das USB-Laufwerk mit seinem Laufwerk-Buchstaben und die Ordner des &#34;PocketGPS S1&#34; zeigen, erh\u00e4lt man in der Windows-Datentr\u00e4gerverwaltung ein unerkanntes Laufwerk passender Gr\u00f6\u00dfe und die obige Fehlermeldung angezeigt.<\/p>\n<p style=\"margin-top: 0px;margin-bottom: 8px;\">In einer einfachen Situation lassen sich lediglich Ordner des USB-Laufwerks nicht \u00f6ffnen. Unter Windows kann dann <em>scandisk\/f<\/em> helfen  &#8211; <\/><\/p>\n<p style=\"margin-top: 0px;margin-bottom: 8px;\">&#160;&#160;&#160;&#160;&#160;&#160;nicht aber in der eingangs beschriebenen Situation. Dennoch ist es erstmal ein ausgesprochen gutes Zeichen, wenn das eigentliche, leider besch\u00e4digte USB-Laufwerk als Teil des 2-GByte-Speichers des GPS-Loggers noch ansprechbar ist, vom Rechner noch als solches erkannt wird, das Dateisystem mit den enthaltenen Daten zwar nicht; seine <em>Reparatur<\/em> ist somit jedoch <em>m\u00f6glich<\/em>. <\/p>\n<p style=\"margin-top: 0px;margin-bottom: 8px;\">So hat man jetzt mindestens zwei M\u00f6glichkeiten:<\/p>\n<ul style=\"margin-top: 0px;margin-bottom: 18px;padding-left:10px;\">\n<li>Wiederherstellen des beim Trennen des loggerinternen Datenaufzeichnungsvorgangs zerst\u00f6rten Dateisystems<\/li>\n<li>Das &#34;PocketGPS S1&#34; neu aufsetzen<\/li>\n<\/ul>\n<p class=\"para-header\">Variante &#34;Wiederherstellen des Dateisystems&#34; (Optimalvariante) <\/p>\n<p style=\"margin-top: 0px;margin-bottom: 8px;\">Unter Windows hei\u00dft das Mittel der Wahl &#34;testdisk.exe&#34; (<a href=\"https:\/\/www.cgsecurity.org\/wiki\/TestDisk\" target=\"_blank\" rel=\"noopener\">Web-Link<\/a>) als f\u00fcr jegliche USB-Massenspeicher dieses Zustands geeignetes Werkzeug.<\/p>\n<p style=\"margin-top: 0px;margin-bottom: 8px;\">Sp\u00e4ter beim Test mit dem wiederhergestellten System des &#34;PocketGPS S1&#34; w\u00e4hlte TestDisk automatisch &#8222;Partition table type: None&#8220; und erkannte damit alsbald die Partition mit ihren Parametern<br \/>\n<kbd>   P FAT32                    0   0  1   201 107  2    3235808 [NO NAME]<br \/>\n     FAT32, blocksize=512, 1656 MB \/ 1579 MiB<br \/>\n<\/kbd>und in der weiteren Schrittfolge die Ordnerstruktur einschlie\u00dflich der Gr\u00f6\u00dfe und der Namen der Ordner.<\/p>\n<p style=\"margin-top: 0px;margin-bottom: 2px;\">Beim Retten kommt es nun darauf an, sich nicht von nicht sofort verstandenen Angaben oder durch unbrauchbare Ergebnisse verwirren und von Versuchen mit anderen &#34;Partition table type&#34; davon abhalten zu lassen, den unten beschriebenen Weg zu verfolgen, sondern besser die Versuche &#8211; auch wenn vielleicht in Zeitnot &#8211; erst einmal abzubrechen, um die ausf\u00fchrliche Test-Disk-Hilfe durchzugehen (ein \u00dcberblick zu deren Angeboten in einem &#34;TestDisk-Wiki&#34; (<a href=\"https:\/\/www.cgsecurity.org\/wiki\/TestDisk\" target=\"_blank\" rel=\"noopener\">Web-Link<\/a>)&#160;), gegebenenfalls unter Einbeziehung des Protokolls &#34;testdisk.log&#34; aus einem bereits vorgenommenem nicht erfolgreichen Rettungsversuch.<\/p>\n<p class=\"para-header\">Variante &#34;Neu aufsetzen des &#34;PocketGPS S1&#34; &#34; (Notfallvariante)<\/p>\n<p style=\"margin-top: 0px;margin-bottom: 8px;\">Aufgrund des Laufwerkfehlers ist das Laufwerk im &#34;PocketGPS S1&#34; zwar einschlie\u00dflich aller Logs (am interessantesten freilich die letzten, noch nicht gesicherten) f\u00fcr den Windows&#160;Explorer unerreichbar geworden. Jedoch bleiben die mit der Firmware bedienten Men\u00fc-Funktionen erhalten. <\/p>\n<p style=\"margin-top: 0px;margin-bottom: 8px;\">Wenn ein m\u00f6glichst aktuelles Backup des Logger-Laufwerks zur Verf\u00fcgung steht, bietet es sich an, der Aufforderung zum Formatieren zu folgen und dieses einfach mit dem Backup-Tool in den Logger zur\u00fcckzuspielen, wobei dann zugleich wieder die urspr\u00fcngliche Gr\u00f6\u00dfenaufteilung entsteht. <\/p>\n<p style=\"margin-top: 0px;margin-bottom: 8px;\">Hat man, wie im vorliegenden Fall, statt dessen lediglich eine Kopie der Verzeichnis-Inhalte vorliegen, wechselt man nach dem Formatieren zu &#34;Yes USB&#34; und f\u00fchrt ein Firmware-&#8222;Update&#8220; auf die im GPS-Logger urspr\u00fcnglich bereits vorhandene Version aus. Im Ergebnis enth\u00e4lt das USB-Laufwerk wieder die urspr\u00fcngliche Laufwerkstruktur. Die Verzeichnisse &#34;GPS&#34;, &#34;MAP&#34;, &#34;MYPOINT&#34;, &#34;REC&#34; sind dann noch leer. In sie \u00fcbertr\u00e4gt man nunmehr die Inhalte der Kopie.<\/p>\n<hr style=\"margin-top: 24px;margin-bottom: 6px;text-align:left;margin-left:0;width:30%;\">\n<p style=\"margin-top: 0px;margin-bottom: 6px;\">Klaus Dannowski &#8211; <a href=\"https:\/\/gps.hillclimb.de\/\">Klaus&#8216; GPS-Ecke<\/a>i <br \/><small>O7.11.2O12<\/small> <\/p>\n<p style=\"margin-top: 0px;margin-bottom: 8px;\">PocketGPS&#160;S1 \/ PG-S1: &#34;You need to format the disk in drive x: before you can use it&#34;<\/p>\n","protected":false},"excerpt":{"rendered":"<p>Stand 18.05.2018 Auch das kann vorkommen (\u00fcbrigens bei allen USB-Massenspeicher-Laufwerken, nicht nur mit dem USB-Drive des GPS-Loggers &#34;PocketGPS S1&#34; \/ &#34;PG-S1&#34; von Cuu:B): &#34;Sie m\u00fcssen den Datentr\u00e4ger in Laufwerk x: formatieren, bevor sie ihn verwenden k\u00f6nnen&#34;. Schnell war&#8217;s passiert: Versehentlich &#34;REC&#34; gedr\u00fcckt &#8211; vermutlich ein unerw\u00fcnschter zus\u00e4tzlicher Stromverbraucher, also schnell wieder ausschalten &#8211; nicht gewusst, [&hellip;]<\/p>\n","protected":false},"author":2,"featured_media":0,"parent":1187,"menu_order":40,"comment_status":"closed","ping_status":"open","template":"","meta":{"footnotes":""},"class_list":["post-2641","page","type-page","status-publish","hentry"],"_links":{"self":[{"href":"https:\/\/gps.hillclimb.de\/index.php?rest_route=\/wp\/v2\/pages\/2641","targetHints":{"allow":["GET"]}}],"collection":[{"href":"https:\/\/gps.hillclimb.de\/index.php?rest_route=\/wp\/v2\/pages"}],"about":[{"href":"https:\/\/gps.hillclimb.de\/index.php?rest_route=\/wp\/v2\/types\/page"}],"author":[{"embeddable":true,"href":"https:\/\/gps.hillclimb.de\/index.php?rest_route=\/wp\/v2\/users\/2"}],"replies":[{"embeddable":true,"href":"https:\/\/gps.hillclimb.de\/index.php?rest_route=%2Fwp%2Fv2%2Fcomments&post=2641"}],"version-history":[{"count":10,"href":"https:\/\/gps.hillclimb.de\/index.php?rest_route=\/wp\/v2\/pages\/2641\/revisions"}],"predecessor-version":[{"id":11299,"href":"https:\/\/gps.hillclimb.de\/index.php?rest_route=\/wp\/v2\/pages\/2641\/revisions\/11299"}],"up":[{"embeddable":true,"href":"https:\/\/gps.hillclimb.de\/index.php?rest_route=\/wp\/v2\/pages\/1187"}],"wp:attachment":[{"href":"https:\/\/gps.hillclimb.de\/index.php?rest_route=%2Fwp%2Fv2%2Fmedia&parent=2641"}],"curies":[{"name":"wp","href":"https:\/\/api.w.org\/{rel}","templated":true}]}}