{"id":4979,"date":"2013-09-23T19:40:16","date_gmt":"2013-09-23T17:40:16","guid":{"rendered":"http:\/\/gps.hillclimb.de\/?page_id=4979"},"modified":"2022-11-05T19:50:39","modified_gmt":"2022-11-05T18:50:39","slug":"gerichtete-und-diffuse-reflexion-von-gps-signalen","status":"publish","type":"page","link":"https:\/\/gps.hillclimb.de\/?page_id=4979","title":{"rendered":"Gerichtete und diffuse Reflexion von GPS-Signalen"},"content":{"rendered":"<p style=\"margin-top: -12px;margin-bottom: 26px;font-size:0.7em;\">Letzte &Auml;nderung am 05.02.2015<\/p>\n<p style=\"margin-top: 0px;margin-bottom: 8px;\">Gerichtete und diffuse Reflexion &#8211; zwischen beiden besteht ein gleitender \u00dcbergang, abh\u00e4ngig von den jeweils auf die Wellenl\u00e4nge bezogenen Abmessungen der Strukturelemente der Oberfl\u00e4che des reflektierenden Objekts, des Streuers. Und auch die Reflexionsvorg\u00e4nge sind stets von Beugungserscheinungen an den Berandungen der reflektierenden Objekte begleitet. <\/p>\n<p style=\"margin-top: 0px;margin-bottom: 6px;\">Zu Spiegelung kommt es an ebenen, im Idealfall glatten Fl\u00e4chen. Im Zusammenhang mit \u00dcberlagerungseffekten der Elementarwellen, die an den Strukturelementen der eigentlich rauen Oberfl\u00e4che durch die auftreffenden Wellenfronten ausgel\u00f6st werden (Huygens&#8217;sches Prinzip), gilt eine Fl\u00e4che als glatt, das hei\u00dft der Anteil des gestreut weitergegebenen Signals ist unbedeutend, wenn die H\u00f6henunterschiede <em>h<\/em> der Strukturelemente klein gegen\u00fcber der Wellenl\u00e4nge sind. Bei diesem Ansatz wird davon auszugehen sein, dass sich auch die Abmessungen der Strukturelemente selbst in dieser Gr\u00f6\u00dfenordnung bewegen und die Ausdehnungen der Ebene gro\u00df gegen\u00fcber der Wellenl\u00e4nge sind.<\/p>\n<p style=\"margin-top: 0px;margin-bottom: 8px;\">Einen Zahlenwert hierzu liefert das &#8221;Rayleigh-Kriterium der Radartechnik&#8221; (vgl. &#8221;Rayleighs Rauigkeits-Kriterium&#8221; ([<a href=\"#keydel_1999\" >Keydel 1999<\/a>], Seiten 39&#160;-&#160;40 oder auch [<a href=\"#keydel_2010\" >Keydel&#160;2010<\/a>], Seiten 11&#160;-&#160;12). Es muss demnach sein:<\/p>\n<p style=\"margin-top: 0px;margin-bottom: 8px;padding-left: 10px;\"><em>h<\/em> &lt; <em>&lambda;<\/em> \/ (<em>k<\/em><sub>R<\/sub>&#160;sin <em>&gamma;<\/em>)<\/p>\n<p style=\"margin-top: 0px;margin-bottom: 6px;padding-left: 10px;\">mit<\/p>\n<p style=\"margin-top: 0px;margin-bottom: 0px;padding-left: 25px;\"><em>&lambda;<\/em> = Wellenl\u00e4nge,<\/p>\n<p style=\"margin-top: 0px;margin-bottom: 0px;padding-left: 25px;\"><em>&gamma;<\/em> = Erhebungswinkel des Satelliten \u00fcber der Ebene des Objekts<\/p>\n<p style=\"margin-top: 0px;margin-bottom: 4px;padding-left: 25px;\"><em>k<\/em><sub>R<\/sub> = Bewertungsfaktor:<\/p>\n<p style=\"margin-top: 0px;margin-bottom: 4px; padding-left: 35px;\">Beim klassischen Ansatz mit um <em>h<\/em> versetzten planen Rauigkeits-Bergen und -T\u00e4lern ergibt sich aus der Vorgabe f\u00fcr die Phasenbeziehungen als Rechenwert <em>k<\/em><sub>R<\/sub> = 8;<\/p>\n<p style=\"margin-top: 0px;margin-bottom: 8px;padding-left: 35px;\">verallgemeinert &#8211; <em>h<\/em> = Standardabweichung der H\u00f6hendifferenzen &#8211; : <em>k<\/em><sub>R<\/sub> = 25 <\/p>\n<p style=\"margin-top: 0px;margin-bottom: 8px\">Bei GPS-Loggern betr\u00e4gt <em>&lambda;<\/em> ca. 19 cm. Somit sind <em>h<\/em> &lt; 24 mm bzw. <em>h<\/em> &lt; 8 mm die Werte, bei denen bei lotrechtem und erstrecht bei schr\u00e4gem Einfall stets eine der Spiegelung nahekommende Weitergabe der Satellitensignale bei abgeschw\u00e4chtem Anteil aus der verbleibenden restlichen diffusen Reflexion zu erwarten ist. Insbesondere f\u00fcr Oberfl\u00e4chen von Baulichkeiten wie D\u00e4cher und Giebel trifft das in der Regel zu, dagegen f\u00fcr deren Stra\u00dfenfronten, falls sie aufw\u00e4ndig strukturiert sind, seltener, sowie kaum f\u00fcr belaubte Baumkronen.<\/p>\n<p style=\"margin-top: 0px;margin-bottom: 8px;\">Mit flacherem Einfall (kleinerem <em>&gamma;<\/em>) kommt es bei gegebenen Werten von <em>h<\/em> und <em>&lambda;<\/em> zunehmend zu einer Einengung des Winkels der diffus, vorzugsweise in Richtung des Reflexionswinkels weitergegebenen Signalenergie zugunsten einer h\u00f6heren Intensit\u00e4t in diesem Bereich (F\u00fcr sichtbares Licht bekanntlich leicht mit einem im Gegenlicht betrachteten Blatt Papier zu best\u00e4tigen: Je flacher man in Richtung der Lichtquelle \u00fcber das Blatt schaut, desto gl\u00e4nzender wirkt seine Oberfl\u00e4che).<\/p>\n<p style=\"margin-top: 0px;margin-bottom: 8px;\">Aus diesem Grund kann es selbst auf z. B. durch Wiesen- und Ackerfl\u00e4chen verlaufenden Touren im Signal von Satelliten mit (momentan) geringer Elevation, an geneigten Fl\u00e4chen auch bei gr\u00f6\u00dferer Elevation, zu einem betr\u00e4chtlichen Anteil eigentlich ungerichtet reflektierter  Beitr\u00e4ge &#8211; somit erh\u00f6hter Intensit\u00e4t &#8211; kommen.<\/p>\n<h3 style=\"margin-top: 20px;margin-bottom: 2px;\">Verweise <\/h3>\n<hr style=\"margin-top: 0px;margin-bottom: 12px;\">\n<p style=\"margin-top: 0px;margin-bottom: 6px;text-indent:-12px;margin-left:22px;\"><a id=\"keydel_1999\" ><\/a> [Keydel 1999] Keydel, W.: Elektromagnetische Wellen; Kap. 2 in: Helmut Klausing &#038; G. Holpp (Herausg.) Radar mit realer &#038; synthetischer Apertur, Oldenburg 1999 &#8211; siehe auch <a href=\"http:\/\/keydel.pixelplaat.de\/uploads\/File\/muenchen_06\/Elektromagnetische_Wellen.pdf\" target=\"_blank\" rel=\"noopener\">Web-Link&#160;(PDF)<\/a>\n<\/p>\n<p style=\"margin-top: 0px;margin-bottom: 6px;text-indent:-12px;margin-left:22px;\"><a id=\"keydel_2010\" ><\/a> [Keydel 2010] Keydel, W.: Vorlesungsmanuskripte &#8221;1.5 Reflexion, Streuung und Eindringtiefe von EMW&#8221; &#8211; Friedrich-Alexander-Universit\u00e4t Erlangen-N\u00fcrnberg 2010 &#8211; siehe auch <a href=\"http:\/\/keydel.pixelplaat.de\/uploads\/File\/Scattering.pdf\" target=\"_blank\" rel=\"noopener\">Web-Link&#160;(PDF)<\/a><\/p>\n<hr style=\"margin-top: 24px;margin-bottom: 6px;text-align:left;margin-left:0;width:30%;\">\n<p style=\"margin-top: 0px;margin-bottom: 6px;\">Klaus Dannowski &#8211; <a href=\"https:\/\/gps.hillclimb.de\/?page_id=9788\">Klaus&#8216; GPS-Ecke<\/a> <br \/><small>O1.12.2O11<\/small> <\/p>\n<p>&#8221;Specular or diffuse reflection of GPS signals&#8221;<\/p>\n","protected":false},"excerpt":{"rendered":"<p>Letzte &Auml;nderung am 05.02.2015 Gerichtete und diffuse Reflexion &#8211; zwischen beiden besteht ein gleitender \u00dcbergang, abh\u00e4ngig von den jeweils auf die Wellenl\u00e4nge bezogenen Abmessungen der Strukturelemente der Oberfl\u00e4che des reflektierenden Objekts, des Streuers. Und auch die Reflexionsvorg\u00e4nge sind stets von Beugungserscheinungen an den Berandungen der reflektierenden Objekte begleitet. Zu Spiegelung kommt es an ebenen, im [&hellip;]<\/p>\n","protected":false},"author":2,"featured_media":0,"parent":8221,"menu_order":10,"comment_status":"closed","ping_status":"open","template":"","meta":{"footnotes":""},"class_list":["post-4979","page","type-page","status-publish","hentry"],"_links":{"self":[{"href":"https:\/\/gps.hillclimb.de\/index.php?rest_route=\/wp\/v2\/pages\/4979","targetHints":{"allow":["GET"]}}],"collection":[{"href":"https:\/\/gps.hillclimb.de\/index.php?rest_route=\/wp\/v2\/pages"}],"about":[{"href":"https:\/\/gps.hillclimb.de\/index.php?rest_route=\/wp\/v2\/types\/page"}],"author":[{"embeddable":true,"href":"https:\/\/gps.hillclimb.de\/index.php?rest_route=\/wp\/v2\/users\/2"}],"replies":[{"embeddable":true,"href":"https:\/\/gps.hillclimb.de\/index.php?rest_route=%2Fwp%2Fv2%2Fcomments&post=4979"}],"version-history":[{"count":10,"href":"https:\/\/gps.hillclimb.de\/index.php?rest_route=\/wp\/v2\/pages\/4979\/revisions"}],"predecessor-version":[{"id":10676,"href":"https:\/\/gps.hillclimb.de\/index.php?rest_route=\/wp\/v2\/pages\/4979\/revisions\/10676"}],"up":[{"embeddable":true,"href":"https:\/\/gps.hillclimb.de\/index.php?rest_route=\/wp\/v2\/pages\/8221"}],"wp:attachment":[{"href":"https:\/\/gps.hillclimb.de\/index.php?rest_route=%2Fwp%2Fv2%2Fmedia&parent=4979"}],"curies":[{"name":"wp","href":"https:\/\/api.w.org\/{rel}","templated":true}]}}