{"id":6329,"date":"2014-10-31T22:03:00","date_gmt":"2014-10-31T21:03:00","guid":{"rendered":"http:\/\/gps.hillclimb.de\/?page_id=6329"},"modified":"2022-11-05T20:25:19","modified_gmt":"2022-11-05T19:25:19","slug":"was-sonst-noch-zum-loggen-wissenswert-ist-kaltstart","status":"publish","type":"page","link":"https:\/\/gps.hillclimb.de\/?page_id=6329","title":{"rendered":"Was sonst noch zum Loggen wissenswert ist: Kaltstart, AGPS, Lage-Abweichungen von Pfad-Punkten wegen Multipath \u2026"},"content":{"rendered":"<p style=\"margin-top: -12px;margin-bottom: 26px;font-size:0.7em;\">Letzte &Auml;nderung am 18.04.2021<\/p>\n<p style=\"margin-top: 0px;margin-bottom: 12px;padding-left: 10px;\"><strong>&#8230; mit den Eintr\u00e4gen<\/strong><\/p>\n<p style=\"margin-top: 0px;margin-bottom: 8px;padding-left: 24px;\"> <a href=\"https:\/\/gps.hillclimb.de\/?page_id=2001\"> <strong>PocketGPS S1 \u2013 Ablauf beim Starten des GPS-Loggers<\/strong><\/a><\/p>\n<p style=\"margin-top: 0px;margin-bottom: 8px;padding-left: 24px;\"><a href=\"https:\/\/gps.hillclimb.de\/?page_id=1990\"> <strong>Grenzen von AGPS bei GPS-Loggern<\/strong><\/a><\/p>\n<p style=\"margin-top: 0px;margin-bottom: 8px;padding-left: 24px;\"> <a href=\"https:\/\/gps.hillclimb.de\/?page_id=1972\"><strong>St&ouml;rende Verlagerungen von GPS-Weg-Punkten infolge Mehrwegeempfang<\/strong><\/a><\/p>\n<p style=\"margin-top: 0px;margin-bottom: 8px;padding-left: 24px;\"> <a href=\"https:\/\/gps.hillclimb.de\/?page_id=3735\"> <strong>Weitergabe der GPS-Signale an r\u00e4umlich begrenzten Objekten<\/strong><\/a><\/p>\n<p style=\"margin-top: 0px;margin-bottom: 8px;padding-left: 24px;\"> <a href=\"https:\/\/gps.hillclimb.de\/?page_id=6322\"><strong>Einige Auff\u00e4lligkeiten beim Loggen als Fu\u00dfg\u00e4nger am Beispiel des \u201dPocketGPS S1\u201d<\/strong><\/a><\/p>\n<p style=\"margin-top: 0px;margin-bottom: 8px;padding-left: 24px;\"> <a href=\"https:\/\/gps.hillclimb.de\/?page_id=3911\"> <strong>Beobachtungen an Daten aus GPS-Loggern und GPS-Ger\u00e4ten<\/strong><\/a><\/p>\n<p style=\"margin-top: 0px;margin-bottom: 8px;padding-left: 24px;\"> <a href=\"https:\/\/gps.hillclimb.de\/?page_id=9612\"> <strong>Interne Positionierungs-Fehler einfacher GPS-Logger (Tests, Testergebnisse)<\/strong><\/a><\/p>\n<hr style=\"margin-top: 24px;margin-bottom: 6px;text-align:left;margin-left:0;width:30%;\">\n<p style=\"margin-top: 0px;margin-bottom: 6px;\">Klaus Dannowski &#8211; <a href=\"https:\/\/gps.hillclimb.de\/?page_id=9788\">Klaus&#8216; GPS-Ecke<\/a> <br \/><small>16.O4.2O12<\/small><\/p>\n","protected":false},"excerpt":{"rendered":"<p>Letzte &Auml;nderung am 18.04.2021 &#8230; mit den Eintr\u00e4gen PocketGPS S1 \u2013 Ablauf beim Starten des GPS-Loggers Grenzen von AGPS bei GPS-Loggern St&ouml;rende Verlagerungen von GPS-Weg-Punkten infolge Mehrwegeempfang Weitergabe der GPS-Signale an r\u00e4umlich begrenzten Objekten Einige Auff\u00e4lligkeiten beim Loggen als Fu\u00dfg\u00e4nger am Beispiel des \u201dPocketGPS S1\u201d Beobachtungen an Daten aus GPS-Loggern und GPS-Ger\u00e4ten Interne Positionierungs-Fehler einfacher [&hellip;]<\/p>\n","protected":false},"author":2,"featured_media":0,"parent":0,"menu_order":15,"comment_status":"closed","ping_status":"open","template":"","meta":{"footnotes":""},"class_list":["post-6329","page","type-page","status-publish","hentry"],"_links":{"self":[{"href":"https:\/\/gps.hillclimb.de\/index.php?rest_route=\/wp\/v2\/pages\/6329","targetHints":{"allow":["GET"]}}],"collection":[{"href":"https:\/\/gps.hillclimb.de\/index.php?rest_route=\/wp\/v2\/pages"}],"about":[{"href":"https:\/\/gps.hillclimb.de\/index.php?rest_route=\/wp\/v2\/types\/page"}],"author":[{"embeddable":true,"href":"https:\/\/gps.hillclimb.de\/index.php?rest_route=\/wp\/v2\/users\/2"}],"replies":[{"embeddable":true,"href":"https:\/\/gps.hillclimb.de\/index.php?rest_route=%2Fwp%2Fv2%2Fcomments&post=6329"}],"version-history":[{"count":10,"href":"https:\/\/gps.hillclimb.de\/index.php?rest_route=\/wp\/v2\/pages\/6329\/revisions"}],"predecessor-version":[{"id":10708,"href":"https:\/\/gps.hillclimb.de\/index.php?rest_route=\/wp\/v2\/pages\/6329\/revisions\/10708"}],"wp:attachment":[{"href":"https:\/\/gps.hillclimb.de\/index.php?rest_route=%2Fwp%2Fv2%2Fmedia&parent=6329"}],"curies":[{"name":"wp","href":"https:\/\/api.w.org\/{rel}","templated":true}]}}