{"id":642,"date":"2011-10-28T22:12:20","date_gmt":"2011-10-28T20:12:20","guid":{"rendered":"http:\/\/gps.hillclimb.de\/?page_id=642"},"modified":"2023-12-06T22:20:08","modified_gmt":"2023-12-06T21:20:08","slug":"das-pocketgps-von-cuub","status":"publish","type":"page","link":"https:\/\/gps.hillclimb.de\/?page_id=642","title":{"rendered":"R\u00fcckschau: PocketGPS_S1 (PG_S1) \u2013 ein multifunktionales Mini-GPS-Ger&auml;t von Cuu:B Lab"},"content":{"rendered":"<p style=\"margin-top: -12px;margin-bottom: 26px;font-size:0.7em;\">Stand 06.12.2023<\/p>\n<p class=\"para-header\">Nach wie vor kann ein GPS-Logger interessant sein, <\/p>\n<p style=\"margin-top: 0px;margin-bottom: 6px;\"> wenn es bei wochenlangen sportlichen Wandertouren um deren Aufzeichnen zum nachfolgenden Auswerten sowie das Visualisieren zusammen mit der geografischen Einordnung der dabei aufgenommenen Fotos, z. B. in Google Earth, geht. Ein guter Ansatz, unterwegs auf das Gewicht zus\u00e4tzlicher Technik oder den Internetzugang, leitungsgebunden oder \u00fcber Mobilfunk, verzichten zu k\u00f6nnen, ist ausreichender Speicherplatz f\u00fcr die anfallenden Daten im Logger selbst.<\/p>\n<p style=\"margin-top: 0px;margin-bottom: 24px;\">So umfangreich das Angebot an GPS-Loggern und GPS-Ger\u00e4ten im Herbst 2O11 auch war (die ausf\u00fchrliche <a href=\"https:\/\/wiki.openstreetmap.org\/wiki\/GPS_Reviews\" target=\"_blank\" rel=\"noopener\">\u00dcbersicht<\/a> bei OpenStreetMap war damals erheblich umfangreicher als z.&#160;B. im Mai 2O21) &#8211; bei GPS-Loggern, in denen einer der neueren GPS-Chips\u00e4tze verbaut ist, wurde es dennoch schnell recht d\u00fcnn. Einerseits genoss der gute alte SIRF StarIII nach wie vor ein hohes Ansehen<a href=\"#fuss_loco_walker\"><sup><b>Anm1)<\/b><\/sup><\/a>. Andererseits ging ohnehin schon da gerade beim sportlichen Wandern die Nachfrage deutlich vom einfachen GPS-Logger weg in Richtung zu (vorwiegend von den gr\u00f6\u00dferen Herstellern angebotenen) GPS-Handger\u00e4ten, GPS-Sportuhren und Smartphones &#8211; neuere <em>Handger\u00e4te<\/em> mit gro\u00dfen Speicherkapazit\u00e4ten und Fu\u00dfg\u00e4nger-Navigation durch ein gespeichertes Wegenetz, mindestens aber mit Verfolgung eines zuvor eingegebenen Weges auf einem Kartenhintergrund. F\u00fcr das Loggen sind sie wegen gro\u00dfer Speicherkapazit\u00e4t und nicht zuletzt wegen &#8211; beim einfachen Loggen &#8211; langer Batterielaufzeiten aufgrund gezielter Auslegung sehr gut geeignet, wenn sie denn nicht so gro\u00df und schwer w\u00e4ren. Einer der Vorz\u00fcge von <em>GPS-Sportuhren<\/em> ist die Erfassung von Fitness-Parametern zus\u00e4tzlich zum Logging. Bei ihnen steht eher die zeitnahe Auswertung \u00fcber Online-Portale im Vordergrund, so dass ihr Speicher nicht besonders gro\u00df bemessen zu sein braucht, wobei sich dennoch auch hier ein Trend zu gr\u00f6\u00dferen Speichern zu zeigen begann. Dazu passt auch die Laufzeit je Batterieladung von oft weniger als 8&#160;Stunden (\u00e4hnlich kurz wie damals noch die Betriebszeiten von Smartphones bei aktivierter Karten-Funktionalit\u00e4t). Die bald aufkommenden, herstellerseitig bevorzugten <em>GPS-Tracker<\/em>, die hinsichtlich der Abmessungen und der Laufzeit den GPS-Loggern \u00e4hneln, verf\u00fcgen ebenfalls oft \u00fcber eine Loggerfunktion. F\u00fcr das engmaschige Loggen l\u00e4ngerer Touren reicht deren Speicherplatz allerdings nicht aus. Auch sind die Einstellm\u00f6glichkeiten f\u00fcr die Logs, bedingt durch den eigentlichen Einsatzzweck (\u00dcbermittlung von Positionsangaben \u00fcber das Mobilfunknetz) wenig vielf\u00e4ltig. <\/p>\n<p style=\"margin-top: 0px;margin-bottom: 4px;\">Mindestens seit M\u00e4rz 2O1O mehrten sich Meldungen \u00fcber ein &#34;Storyish PocketGPS_S1&#34; des Herstellers Cuu:B Lab (\ud050\ube44\ub7a9) in Seoul, S\u00fcdkorea &#8211; Kurzbeschreibungen, Pressenotizen, auch zum <a href=\"https:\/\/fccid.io\/WXGPG-S1\/Test-Report\/Test-Report-1242837\" target=\"_blank\" rel=\"noopener\">erfolgreichen FCC-Test<\/a>. Dabei sollte es sich um ein multifunktionales GPS-Ger\u00e4t (oft einfach als &#34;S1&#34; abgek\u00fcrzt) mit dem MTK-II-Chip MT3329 handeln, zwar etwa in der Gr\u00f6\u00dfe der bekannten iBlue747-\/QSTARZ-Reihen, aber <\/p>\n<p style=\"margin-top: 0px;margin-bottom: 4px;margin-left:20px;\"><a id=\"funktionen\"><\/a>mit OLED-Farbdisplay, Dreiachsen-Kompass, Dreiachsen-Beschleunigungssensor, fest eingebautem Gigabyte-Speicher, Trackdarstellung und Waypoints auf einem Kartenhintergrund sowie Audiorecorder und MP3-Player, barometrischer H\u00f6henmessung, Logger- und Empf\u00e4nger-Modus, erg\u00e4nzt mit einer PC-Software f\u00fcr den Export der aufgezeichneten NMEA-Sentenzen in das kml-, gpx- und csv-Format &#8211;  <\/p>\n<p style=\"margin-top: 0px;margin-bottom: 8px;\">alles in allem eine platzsparende Alternative zu einem gr\u00f6\u00dferen, wenn auch leistungsf\u00e4higeren echten Outdoor-GPS-Ger\u00e4t, von daher freilich mit entsprechend weniger anspruchsvollen M\u00f6glichkeiten.<\/p>\n<p style=\"margin-top: 0px;margin-bottom: 4px;\">Als eigentlicher Kaufanreiz kamen davon besonders<\/p>\n<p style=\"margin-top: 0px;margin-bottom: 4px;margin-left:20px;\">die gro\u00dfe Speicherkapazit\u00e4t,<\/p>\n<p style=\"margin-top: 0px;margin-bottom: 4px;margin-left:20px;\">die barometrische H\u00f6henmessung,<\/p>\n<p style=\"margin-top: 0px;margin-bottom: 4px;margin-left:20px;\">die inhaltsreichen Anzeigefunktionen,<\/p>\n<p style=\"margin-top: 0px;margin-bottom: 2px;margin-left:20px;\">das einfache \u00c4ndern von<\/p>\n<p style=\"margin-top: 0px;margin-bottom: 2px;margin-left:25px;\">Aufzeichnungs- und Anzeigeparametern direkt <\/p>\n<p style=\"margin-top: 0px;margin-bottom: 4px;margin-left:25px;\">am Ger\u00e4t &#8211; ohne Beeintr\u00e4chtigung eines gleichzeitigen Loggens,<\/p>\n<p style=\"margin-top: 0px;margin-bottom: 2px;margin-left:20px;\">die in der Herstellersoftware allerdings nicht <br \/>&#160;vorgesehene M\u00f6glichkeit, die GPS-Points mit <br \/>&#160;Audio-Tracks zu erg\u00e4nzen, <\/p>\n<p style=\"margin-top: 0px;margin-bottom: 2px;margin-left:20px;\">sowie der gegen\u00fcber den bisher eingesetzten Ger\u00e4ten<\/p>\n<p style=\"margin-top: 0px;margin-bottom: 2px;margin-left:20px;\">WBT-100 und iBlue747 modernere GPS-Chip<\/p>\n<p style=\"margin-top: 0px;margin-bottom: 8px;\">inbetracht.<\/p>\n<p style=\"margin-top: 0px;margin-bottom: 6px;\">Weiterhin vorteilhaft (dieser Zusammenhang erschlie\u00dft sich allerdings erst mit Kenntnis der Auslegung des Speichers): Den Player-\/Recorder-Funktionen geschuldet ist der weitaus gr\u00f6\u00dfte Teil des 2-GB-Speichers des &#34;PocketGPS_S1&#34; als USB-Massenspeicher organisiert &#8211; als eine Voraussetzung f\u00fcr den einfachen Austausch der Audio-Daten, der so per Dateimanager erm\u00f6glicht wird. In genau dieses Dateimanagement ist aber auch der Austausch der GPS-Daten einbezogen, der vom Ger\u00e4t aufgezeichneten, aber auch der auf Wunsch f\u00fcr die Anzeige im Display in das Ger\u00e4t zu \u00fcbertragenden. Diese Art der Datenschnittstelle macht die Nutzung des Loggers weitgehend unabh\u00e4ngig vom Betriebssystem des Anwenders.<\/p>\n<p style=\"margin-top: 0px;margin-bottom: 24px;\">Zu erwarten waren eine Anf\u00e4lligkeit des GPS-Loggers gegen eindringende N\u00e4sse und St\u00f6rungen durch einfallendes Fremdlicht beim Ablesen des Displays. Bei der Fortbewegung als Fu\u00dfg\u00e4nger spielt aber beides eine geringere Rolle als etwa beim sportlichen Radfahren.<\/p>\n<p style=\"margin-top: 0px;margin-bottom: 26px;\">Suchmaschinen fanden schon bald in Japan Anbieter des PocketGPS S1 (dort oft als PG-S1 abgek\u00fcrzt; wie man in <a href=\"https:\/\/www.flickr.com\/photos\/bike-gps\/6193656248\/in\/photostream\/\" target=\"_blank\" rel=\"noopener\">diesem Bildbeispiel<\/a> sehen kann, auch mit entsprechend angepasstem Verkaufs-Layout), und auch auf der koreanischen Seite beim Hersteller gab es einen Shop (Anfang 2O12 beendet). Aber entweder waren die Angebote nicht f\u00fcr ausl\u00e4ndische Kunden vorgesehen, auch allein schon aus sprachlichen Gr\u00fcnden kaum f\u00fcr sie geeignet, oder die Lieferung nach Deutschland musste zu umst\u00e4ndlich erscheinen. Und vor\u00fcbergehend war bei einem japanischen Online-H\u00e4ndler sogar zu lesen &#34;SALE&#34; (September 2O11). Au\u00dferhalb Koreas und Japans gab es nach wie vor keine Anbieter (Stand Oktober 2O11 \/ August 2O12)<a href=\"#fuss_cuub_international\"><sup><b>Anm2)<\/b><\/sup><\/a>.<\/p>\n<p>Das PocketGPS S1 blickte 2O11 auf eine bereits mehrj\u00e4hrige Weiterentwicklung zur\u00fcck. Sie betrifft (etwas voneinander abweichende Geh\u00e4useansichten lassen das vermuten) das Geh\u00e4use nur in ganz kleinen Details. Zu etwaigen Ma\u00dfnahmen bei der Elektronik war nichts bekannt geworden, auch nicht vonseiten der mehrfach &#8211; teils in Abst\u00e4nden weniger Monate &#8211; \u00fcberarbeiteten Firmware. Wie aus Beitr\u00e4gen im Board von Cuu:B zu schlie\u00dfen ist, hatte es jedoch 2O1O eine Aktualisierung mit &#8211; wohl auf Anregung von Anwendern &#8211; erheblichen Umstellungen der Strukturierung und besonders der Inhalte der Display-Darstellungen gegeben. Die Firmware-Aktualisierungen endeten mit dem Stand &#8221;11.08.16&#8221; &#8211; gleichbedeutend mit dem Erscheinungsdatum 16.08.2O11. In einigen Anwendungen f\u00fcr GPS-Logger mit MediaTek-GPS-Modul (Cuu:B empfiehlt im Board &#34;GPSview&#34; von Transystem Inc.; aktuell im August&#160;2O12 als V&nbsp;2.0.19)  wird die Firmwareversion als &#8221;AXN_1.30.0000,&nbsp;,&#8221; erkannt.<\/p>\n<p>Auf eine freundliche Korrespondenz mit dem Hersteller per e-Mail hin traf im Oktober 2O11 schlie\u00dflich als Ergebnis eines etwas unkonventionellen Internetgesch\u00e4fts<a href=\"#fuss_support\"><sup><b>Anm3)<\/b><sup><\/a> nach einem dank DHL Express Shipment 51-st\u00fcndigen Transport ein Paket mit zwei PocketGPS S1 ein.<\/p>\n<p><!-- Das Ger\u00e4t 1 (SN CSS1&#160;0912&#160;xxx961) und das Ger\u00e4t 2 (SN CSS1&#160;0912&#160;xxx786). --><\/p>\n<p style=\"text-align:center;\"><img decoding=\"async\" src=\"https:\/\/gps.hillclimb.de\/wp-content\/uploads\/2011\/11\/PGS1_Paket.jpg\" alt=\"\" title=\"Das Paket mit dem PocketGPS_S1\" width=\"287\"> <img decoding=\"async\" src=\"https:\/\/gps.hillclimb.de\/wp-content\/uploads\/2011\/11\/PGS1undHalter.jpg\" alt=\"\" width=\"160\" ><br \/>Hier zu sehen das Paket und die<br \/>Verkaufsverpackung mit dem PG-S1 und die Klammer f\u00fcr die Fahrradhalterung.<\/p>\n<p style=\"text-align:center;\"><img decoding=\"async\" src=\"https:\/\/gps.hillclimb.de\/wp-content\/uploads\/2011\/11\/PGS1_Zubehoer.jpg\" alt=\"\" title=\"Das Zubeh\u00f6r zum PG-S1\" width=\"320\" ><br \/>Hier ist weiteres Zubeh\u00f6r aus dem Lieferumfang zu sehen: <br \/>ein USB-Kabel (A-Stecker \/ Mini-B-Buchse), eine Handschlaufe<br \/> und eine Kurz-Bedienanleitung (koreanisch). <\/p>\n<p style=\"margin-top: 0px;margin-bottom: 24px;\">Die exemplarbezogenen Angaben in der &#34;GPS-Ecke&#34; beruhen auf einem dieser beiden Ger\u00e4te<a href=\"#fuss_4\"><sup><b>Anm4)<\/b><\/sup><\/a>.<\/p>\n<p>Geliefert wurde der Logger betriebsbereit. Auch ohne Bedienanleitung (die aktuelle Version ist im Logger gespeichert) kann man damit sofort loggen. Schnell wird man auch herausfinden, wie man in den auf Englisch (alternativ zu Koreanisch) voreingestellten Menues navigieren kann &#8211; der erfahrene Logger-Benutzer wird diese Angebote zumindest weitgehend als selbsterkl\u00e4rend finden. Dennoch kann ungewohntes, in der Firmware so vorgesehenes Reagieren des Ger\u00e4ts f\u00fcr \u00dcberraschungen sorgen. Der Zugang zu einigen der vielf\u00e4ltigen weiteren Funktionen bedarf aber schon noch zus\u00e4tzlicher Informationen. Dazu soll hier in mehreren Eintr\u00e4gen, die gelegentlich aktualisiert sowie ab und an durch weitere erg\u00e4nzt werden, berichtet werden.\n<\/p>\n<p>In deutscher Sprache scheint es au\u00dfer der ganz vereinzelt anzutreffenden Wiedergabe von Pressemitteilungen des Herstellers vom Fr\u00fchjahr 2O1O wohl keine Ver\u00f6ffentlichungen zum &#8222;PocketGPS S1&#8220; zu geben. Zahlreicher waren Funde in Englisch, Koreanisch, Japanisch &#8211; seinerzeit vor allem beim koreanischen Hersteller Cuu:B selbst und \u00fcber viele Jahre bei einigen japanischen Online-H\u00e4ndlern.<\/p>\n<p style=\"margin-top: 12px;margin-bottom: 8px;\">Leider war seitens CuuB (Antwort vom Oktober 2O12 auf eine User-Anfrage im User-Board von Cuu:B [<a href=\"#verweis_1\">1<\/a>]) kein weiteres Firmware-Update f\u00fcr das PocketGPS S1 vorgesehen, wie auch alles darauf hindeutete &#8211; das Verschwinden aus den Angeboten der Shops und nicht zuletzt die mehr und mehr auftauchenden Einschr\u00e4nkungen im Web-Auftritt von Cuu:B (siehe Eintrag in der &#34;GPS-Ecke&#34; &#34;<a href=\"https:\/\/gps.hillclimb.de\/?page_id=906\">Tipps zu Informationsm\u00f6glichkeiten &#8230;<\/a>&#34;) &#8211;, dass das &#34;PocketGPS_S1&#34; zum Auslaufmodell ohne Nachfolger geworden war.<\/p>\n<h3 style=\"margin-top: 20px;margin-bottom: 2px;\">Anmerkungen <\/h3>\n<hr style=\"margin-top: 0px;margin-bottom: 12px;\">\n<p style=\"margin-top: 0px;margin-bottom: 8px;margin-left: 15px;text-indent: -15px;\"><a id=\"fuss_loco_walker\"><\/a><strong><sup>Anm1<\/sup><\/strong>&#160; Ein GPS-Display-Logger mit \u00e4hnlich gro\u00dfem Speicher, wie beim &#8222;PocketGPS_S1&#8220;, ebenfalls 2O1O erschienen, aber auf Basis des SIRF StarIII und ohne Beschleunigungs-Sensor und ohne barometrische H\u00f6henmessung, \u00fcbrigens mit entnehmbarer AA-Batterie, war der &#34;<a href=\"https:\/\/www.locosystech.com\/de\/product\/gps-walker.html\" target=\"_blank\" rel=\"noopener\">LOCOSYS Walker<\/a>&#34; (bei LOCOSYS ausgelaufen).<\/p>\n<p style=\"margin-top: 0px;margin-bottom: 8px;margin-left: 15px;text-indent: -15px;\"><a id=\"fuss_cuub_international\"><\/a><strong><sup>Anm2<\/sup><\/strong>&#160; Trotz der offensichtlich erfolgreichen FCC-Zulassung 2O11 lie\u00df seit Anfang 2O12 insbesondere der Cuu:B-Webauftritt vermuten, dass \u00fcber Japan hinausgehende internationale Aktivit\u00e4ten nicht beabsichtigt sind.\n<\/p>\n<p style=\"margin-top: 0px;margin-bottom: 8px;margin-left: 15px;text-indent: -15px;\"><a id=\"fuss_support\"><\/a><strong><sup>Anm3<\/sup><\/strong>&#160; &#8211; auf diese Art freilich auf eigenes Risiko, n\u00e4mlich ohne Zusagen von Gew\u00e4hrleistung (allein schon wegen Versandkosten schwierig) oder wenigstens Support. <\/p>\n<p style=\"margin-top: 0px;margin-bottom: 8px;margin-left: 15px;text-indent: -15px;\"><a id=\"fuss_4\"><\/a><strong><sup>Anm4<\/sup><\/strong>&#160; Seriennummer: &#8230;961. <\/p>\n<h3 style=\"margin-top: 20px;margin-bottom: 2px;\">Verweise <\/h3>\n<hr style=\"margin-top: 0px;margin-bottom: 12px;\">\n<p style=\"margin-top: 0px;margin-bottom: 8px;padding-left:20px;\"><a id=\"verweis_1\"><\/a>[1] Ehemaliges Posting Nr. 1268 im User-Board von Cuu:B (Die Webpr\u00e4senz von Cuu:B ist seit Fr\u00fchjahr 2O14 nicht mehr erreichbar).<\/p>\n<hr style=\"margin-top: 24px;margin-bottom: 6px;text-align:left;margin-left:0;width:30%;\">\n<p style=\"margin-top: 0px;margin-bottom: 12px;\">Klaus Dannowski &#8211; <a href=\"https:\/\/gps.hillclimb.de\/?page_id=9788\">Klaus&#8216; GPS-Ecke<\/a> <br \/><small>31.1O.2O11<\/small> <\/p>\n<p>&#34;PocketGPS S1 (PG-S1) &#8211; a multifunctional Mini GPS device from Cuu:B Lab&#34;<\/p>\n","protected":false},"excerpt":{"rendered":"<p>Stand 06.12.2023 Nach wie vor kann ein GPS-Logger interessant sein, wenn es bei wochenlangen sportlichen Wandertouren um deren Aufzeichnen zum nachfolgenden Auswerten sowie das Visualisieren zusammen mit der geografischen Einordnung der dabei aufgenommenen Fotos, z. B. in Google Earth, geht. Ein guter Ansatz, unterwegs auf das Gewicht zus\u00e4tzlicher Technik oder den Internetzugang, leitungsgebunden oder \u00fcber [&hellip;]<\/p>\n","protected":false},"author":2,"featured_media":0,"parent":0,"menu_order":3,"comment_status":"closed","ping_status":"open","template":"","meta":{"footnotes":""},"class_list":["post-642","page","type-page","status-publish","hentry"],"_links":{"self":[{"href":"https:\/\/gps.hillclimb.de\/index.php?rest_route=\/wp\/v2\/pages\/642","targetHints":{"allow":["GET"]}}],"collection":[{"href":"https:\/\/gps.hillclimb.de\/index.php?rest_route=\/wp\/v2\/pages"}],"about":[{"href":"https:\/\/gps.hillclimb.de\/index.php?rest_route=\/wp\/v2\/types\/page"}],"author":[{"embeddable":true,"href":"https:\/\/gps.hillclimb.de\/index.php?rest_route=\/wp\/v2\/users\/2"}],"replies":[{"embeddable":true,"href":"https:\/\/gps.hillclimb.de\/index.php?rest_route=%2Fwp%2Fv2%2Fcomments&post=642"}],"version-history":[{"count":10,"href":"https:\/\/gps.hillclimb.de\/index.php?rest_route=\/wp\/v2\/pages\/642\/revisions"}],"predecessor-version":[{"id":11205,"href":"https:\/\/gps.hillclimb.de\/index.php?rest_route=\/wp\/v2\/pages\/642\/revisions\/11205"}],"wp:attachment":[{"href":"https:\/\/gps.hillclimb.de\/index.php?rest_route=%2Fwp%2Fv2%2Fmedia&parent=642"}],"curies":[{"name":"wp","href":"https:\/\/api.w.org\/{rel}","templated":true}]}}