{"id":661,"date":"2011-11-03T19:10:27","date_gmt":"2011-11-03T18:10:27","guid":{"rendered":"http:\/\/gps.hillclimb.de\/?page_id=661"},"modified":"2023-11-17T14:21:24","modified_gmt":"2023-11-17T13:21:24","slug":"demnachst","status":"publish","type":"page","link":"https:\/\/gps.hillclimb.de\/?page_id=661","title":{"rendered":"Das LookAt-Objekt &#8211; auch gegen die Schr&auml;g-Ansicht der Google Earth kml-Datei"},"content":{"rendered":"<p style=\"margin-top: -12px;margin-bottom: 0px;font-size:0.7em;\">Letzte \u00c4nderung am 17.11.2023 <\/p>\n<p style=\"margin-top: 0px;margin-bottom: 0px\"><strong>LookAt<\/strong> &#8211; dt. <strong><em>ansehen<\/em><\/strong>&thinsp;;  <\/p>\n<p style=\"margin-top: 0px;margin-bottom: 20px;margin-left: 12px;\">bei Google&#160;Earth&#8211;Versionen in Deutsch: <strong><em>Ansicht<\/em><\/strong>&thinsp;. <\/p>\n<table style=\"border: 0px;border-spacing:0px;width:98%;margin-bottom: 0px;margin-bottom: 6px;\">\n<tr>\n<td style=\"width:50%;vertical-align:middle;vertical-align:top;\">\n<p style=\"margin-top: 0px;margin-bottom: 0px;\">Google&#160;Earth-Schr\u00e4gansicht vorab einschr\u00e4nken: <\/p>\n<p style=\"margin-top: 0px;margin-bottom: 0px;margin-left: 15px;\">In &#34;Tools&#160;&gt;&#160;Optionen&#8230;&#160;&gt;&#160; Navigation&#34; <\/p>\n<p style=\"margin-top: 0px;margin-bottom: 8px;margin-left: 15px;\">die Neigen-Automatik deaktivieren\/ausschalten.<\/p>\n<\/td>\n<td style=\"padding-top:0px;padding-left:0px;vertical-align:middle;\">\n<p style=\"margin-top: 0px;margin-bottom: 0px;\"><a href=\"https:\/\/gps.hillclimb.de\/uploads\/ge_zoom_nichtautom.jpg\"><img loading=\"lazy\" decoding=\"async\" src=\"https:\/\/gps.hillclimb.de\/uploads\/ge_zoom_nichtautom-300x207.jpg\" alt=\"\" title=\"In &#34;Tools &gt; Optionen... &gt; Navigation&#34; die Neigen-Automatik deaktivieren\" width=\"207\" height=\"300\" ><\/a><\/p>\n<p style=\"margin-top: -4px;margin-bottom: 0px;font-size:0.7em;\">F\u00fcr gr\u00f6\u00dfere Ansicht Klick in das Bild  <\/p>\n<\/td>\n<\/tr>\n<\/table>\n<p style=\"margin-top: 10px;margin-bottom: 0px;\">Beim Neuerstellen von Google&#160;Earth-Dateien <\/p>\n<p style=\"margin-top: 0px;margin-bottom: 0px;margin-left: 12px;\">l\u00e4sst sich die Schr\u00e4gansicht durch Einf\u00fcgen eines LookAt-Objekts verhindern. <\/p>\n<p style=\"margin-top: 0px;margin-bottom: 10px;margin-left: 12px;\">Auch als Nachbearbeitung, sogar mit einem Texteditor m\u00f6glich <\/p>\n<p class=\"para-header\">Das &lt;LookAt&gt;-Objekt f\u00fcr kml-Dateien<\/p>\n<p style=\"margin-top: 0px;margin-bottom: 8px;\">Die eingegrauten Zeilen im nachfolgenden Ausschnitt aus einer Original-kml-Datei sollen die Unterbringung des &lt;LookAt&gt;-Objekts in der GPS-Datei verdeutlichen: <\/p>\n<p style=\"margin-top: 0px;margin-bottom: 4px;margin-left: 10px\">in der N\u00e4he des &lt;Document&gt;-Beginns, noch vor den Format-Angaben (&lt;StyleMap&gt;) f\u00fcr die &lt;Placemark&gt;&#8217;s: <\/p>\n<div style=\"margin-top: 0px;margin-bottom: 6px;margin-left:10px;margin-right:250px;color:#888899;font-size:0.8em;line-height:1.2em;\">\n<pre>\r\n. . . \r\n&lt;Document&gt;\r\n&lt;name&gt;121019_Maxen&lt;\/name&gt;\r\n&lt;open&gt;1&lt;\/open&gt;\r\n. . . \r\n<span style=\"color:#000000;\">&lt;LookAt&gt;\r\n&#160;&#160;&lt;longitude&gt;13.8088033&lt;\/longitude&gt;\r\n&#160;&#160;&lt;latitude&gt;50.9362933&lt;\/latitude&gt;\r\n&#160;&#160;&lt;altitude&gt;0&lt;\/altitude&gt;\r\n&#160;&#160;&lt;heading&gt;0&lt;\/heading&gt;\r\n&#160;&#160;&lt;tilt&gt;0&lt;\/tilt&gt;\r\n&#160;&#160;&lt;range&gt;17879.88379951155&lt;\/range&gt;\r\n&lt;\/LookAt&gt;<\/span><br \/><span style=\"font-color:#888899;\">. . .\r\n&lt;StyleMap id=\"PointStyle_kml_hdgpfeil\"&gt;\r\n. . . <\/span>\r\n<\/pre>\n<\/div>\n<p style=\"margin-top: 0px;margin-bottom: 8px;\">Die Bedeutung der Parameter kann in <a href=\"https:\/\/developers.google.com\/kml\/documentation\/kmlreference?hl=de#lookat\" target=\"_blank\" rel=\"noopener\">Googles kml-Referenz &#8211; Stichwort &#34;LookAt&#34;<\/a> ausf\u00fchrlich nachgelesen werden. Sie entsprechen somit der Position einer Kamera, die auf das im 3D-Viewer-Fenster angezeigte Objekt (hier auf einen Track) gerichtet ist, bezogen auf den Ort des Objekts. <\/p>\n<p style=\"margin-top: 0px;margin-bottom: 8px;\">Im Default-Modus von &#34;&lt;LookAt&gt;&#34; gilt:<\/p>\n<ul style=\"margin-top: 0px;margin-bottom: 8px;\">\n<li>Die Felder &#34;&lt;longitude&gt;&#34; und &#34;&lt;latitude&gt;&#34; benennen die<br \/> Koordinaten der Viewer-Fenster-Mitte.<\/li>\n<li> Die Senkrecht-Ansicht des Viewer-Fensters wird von<br \/>&#34;&lt;tilt&gt;0&lt;\/tilt&gt;&#34; (&#34;Neigung&#34; &#8211; 0&#8230;90) bewirkt. <\/li>\n<li>Den Darstellungsma\u00dfstab bestimmt der Wert in<br \/> &#34;&lt;range&gt;&#8230;&lt;\/range&gt;&#34; (&#34;Sichth\u00f6he&#34; &#8211; Meter)&#8201;<a href=\"#anm_sichthoehe\"><b><sup>Anm1)<\/sup><\/b><\/a>.<\/li>\n<\/ul>\n<p style=\"margin-top: 0px;margin-bottom: 8px;\"> Die Felder &#34;&lt;longitude&gt;&#34;, &#34;&lt;latitude&gt;&#34; und &#34;&lt;range&gt;&#34; <em>m\u00fcssen belegt sein<\/em>. Fehlende sind (in der Spezifikation nicht n\u00e4her ausgef\u00fchrt) mit dem Wert 0 wirksam: Mit einem LookAt-Objekt ohne &#34;&lt;longitude&gt;&#34; und &#34;&lt;latitude&gt;&#34; w\u00fcrde man am \u00c4quator &#34;landen&#34;, ohne &#34;&lt;range&gt;&#34; nahe dem Erdboden. Ebenso liefert ein fehlender Eintrag f\u00fcr &#34;&lt;tilt&gt;&#34; die Senkrecht-Ansicht. Weniger bedeutsam ist &lt;heading&gt;. Sein Wert zwischen 0 und 360 gibt die Himmelsrichtung in Grad an &#8211; im Uhrzeigersinn ab Nord &#8211;, in die sich das Objekt im Viewerfenster einstellt. Fehlt das Feld, wird der Vorgabewert 0\u00b0 wirksam &#8211; die \u00fcbliche Nord-Ausrichtung von Karten. <\/p>\n<p style=\"margin-top: 0px;margin-bottom: 8px;\">Auf das &lt;LookAt&gt;-Objekt reagiert Google&#160;Earth auch, wenn es Bestandteil eines Point-Placemarks oder LineString-Placemarks ist. Im Fall der Darstellung von Routen oder Tracks f\u00fchrt das aber h\u00f6chstens bei Anwendung auf mehrere aufeinanderfolgende Points, das zugeh\u00f6rige LineString-Placemark eingeschlossen, zu einem sinnvollen Ergebnis. F\u00fcr diesen Fall sieht das kml-Datei-Format eine Positionierung der oben dargestellten Art &#8211; innerhalb von &lt;Document&gt;. . . &lt;\/Document&gt; vor. <\/p>\n<p style=\"margin-top: 0px;margin-bottom: 8px;\">Vorteilhaft wird &lt;LookAt&gt; auch angewendet, um das Verhalten des Zeitschiebereglers zu beeinflussen. <\/p>\n<p class=\"para-header\">Google&#160;Earth in Schr\u00e4gansicht? Beheben! <\/p>\n<p style=\"margin-top: 0px;margin-bottom: 8px;\">Nicht selten kommt es dazu, dass beim \u00d6ffnen einer kml-Datei bzw. kmz-Datei in Google Earth die Ansicht im GE-Ansichts-Fenster  in der Schr\u00e4gansicht, um 45\u00b0 schr\u00e4g nach hinten gekippt, also im 3D-Modus, erscheint. <\/p>\n<p style=\"margin-top: 0px;margin-bottom: 8px;\">Genauer: Selbst wenn sich das Viewer-Fenster zun\u00e4chst als (senkrechte) 2D-Ansicht (Neigung 0\u00b0) zeigt, wechselt es im Zuge des Aufbaus der Darstellung eines Path-Verlaufs (bzw. bei Wegpunkten mit Zeitbezug wie etwa bei der Darstellung eines Tracks) z\u00fcgig in die (schr\u00e4ge) 3D-Ansicht. <\/p>\n<p style=\"margin-top: 0px;margin-bottom: 8px;\">Gerade bei der Darstellung der Tracks zur\u00fcckgelegter Touren ist das wegen der damit einhergehenden Einbu\u00dfe an \u00dcbersichtlichkeit, anders als etwa bei der Darstellung von Flugbewegungen, gar nicht g\u00fcnstig. <\/p>\n<p style=\"margin-top: 0px;margin-bottom: 8px;\">Beim Verfolgen der Ursachen der Fenster-Neigung war aufgefallen, dass der Viewer kml-Dateien, die Google Earth im Zuge des Imports von Log-Dateien z.&#160;B. des gpx-Formats erzeugt hatte, in der Senkrecht-Ansicht \u00f6ffnet&#8201;<a href=\"#ge_import\"><b><sup>Anm2)<\/sup><\/b><\/a>. Besichtigen dieser Google Earth-Dateien mit dem Text-Betrachter offenbart als Unterschied gegen\u00fcber herk\u00f6mmlichen kml-Dateien rasch eine Erweiterung des kml-Codes um einen zus\u00e4tzlichen Abschnitt. Es ist das &lt;LookAt&gt;-Objekt &#8211; vgl. <a href=\"https:\/\/developers.google.com\/kml\/documentation\/kmlreference?hl=de#lookat\" target=\"_blank\" rel=\"noopener\">Google: KML-Referenz &#8211; Stichwort &#34;LookAt&#34;<\/a>). <\/p>\n<p class=\"para-header\">Abhilfe gegen die gekippte Darstellung einer ge\u00f6ffneten Datei <\/p>\n<p style=\"margin-top: 0px;margin-bottom: 6px;\"><strong>Einzelne oder nur wenige Dateien<\/strong><\/p>\n<p style=\"margin-top: 0px;margin-bottom: 8px;margin-left:8px;\">F\u00fcr den Fall nur weniger, eher nur gelegentlich zu betrachtender Google Earth-Dateien bietet es sich an, nachdem z.&#160;B. die zu bearbeitende Datei in der Listenansicht im Ortefenster durch einen Doppelklick aktiviert, also im Viewer-Fenster ge\u00f6ffnet ist, auf Wunsch einfach den jeweiligen 3D-Modus abzuschalten, indem man das Viewer-Fenster dadurch in die Senkrecht-Ansicht (zur\u00fcck) bewegt, dass man zun\u00e4chst mit der linken Maus-Taste in das Viewer-Fenster klickt und dann die (ganz normale) Taste f\u00fcr den (Klein-)Buchstaben &#34;r&#34; dr\u00fcckt &#8211; siehe <a href=\"https:\/\/support.google.com\/earth\/answer\/148115?hl=de\" target=\"_blank\" rel=\"noopener\">diese \u00dcbersicht<\/a> zu den Tastaturk\u00fcrzeln bei Google Earth. <\/p>\n<p style=\"margin-top: 0px;margin-bottom: 8px;\">Zum gleichen Ziel, allerdings weniger z\u00fcgig, f\u00fchren nach einem Klick mit der linken Maus-Taste in das Viewer-Fenster ein paar einfache Tastendr\u00fccke: <\/p>\n<p style=\"margin-top: 0px;margin-bottom: 8px;margin-left:8px;\">Bei gedr\u00fcckt gehaltener &#34;Gro\u00df\/Klein-Umschalt&#34;-Taste (&#34;Shift&#34;-Taste) l\u00e4sst sich mit Tastendr\u00fccken auf &#34;Zeile nach oben&#34; und  &#34;Zeile nach unten&#34; die Neigung einer ge\u00f6ffneten Darstellung (zun\u00e4chst vor\u00fcbergehend) einstellen. Mit Dr\u00fccken der &#34;Zeile nach <em>unten<\/em>&#34;-Taste <em>neigt<\/em> sich der Inhalt des <em>oberen<\/em> Bildrandes nach <em>unten<\/em> &#8211; aus einer anf\u00e4nglichen 2D-Ansicht wird eine 3D-Ansicht. Umgekehrt &#8211; wie im Fall einer nicht gew\u00fcnschten anf\u00e4nglichen Schr\u00e4g-Ansicht &#8211; gelangt man mit mehrmaligem Dr\u00fccken oder einfach Gedr\u00fcckthalten der &#34;Zeile nach oben&#34;-Taste zur der Senkrecht-Ansicht entsprechenden 2D-Ansicht. <\/p>\n<p style=\"margin-top: 0px;margin-bottom: 6px;\"><strong>Abhilfe &#34;auf Dauer&#34;<\/strong>  <\/p>\n<p style=\"margin-top: 0px;margin-bottom: 8px;margin-left:8px;\">Modifizieren der vorhandenen Datei und nachfolgendes Speichern &#8211; <br \/>beides direkt in Google Earth (= &#34;Erweitern um ein LookAt&#34;) <\/p>\n<table style=\"border-spacing:15px;width:98%;margin-bottom: 0px;\">\n<tr>\n<td style=\"width:52%;vertical-align:middle;\">Dazu aktiviert man im GE-Orte-Fenster die zu modifizierende Datei (mit dem Maus-Cursor auf den Eintrag dieser Datei gehen &#8211; Hintergrund-Farbe des Eintrags wechselt zu Blau). <br \/>Sodann w\u00e4hlt man im Kontext-Men\u00fc (rechte Maus-Taste) mit dem Links-Klick &#34;Eigenschaften&#34;. <br \/>Im sich \u00f6ffnenden Fenster &#8211; siehe Bild rechts &#8211; \u00f6ffnet man den Reiter &#34;Ansicht&#34;. <br \/>Nun hat man die Wahl, entweder einen eventuell in &#34;Neigung&#34; eingetragenen Wert durch &#34;0&#34; zu ersetzen oder mit Links auf &#34;Zur\u00fccksetzen&#34; zu klicken, woraufhin in allen Eingaben Zahlenwerte erscheinen. Zugleich wechselt das Viewer-Fenster in die Senkrecht-Ansicht. Mit dem abschlie\u00dfenden Klick auf &#34;OK&#34; wird dieser Zustand dauerhaft in die zu modifizierende Datei \u00fcbernommen.\n<\/td>\n<td style=\"padding-top:4px;padding-left:8px;vertical-align:middle;\"><a href=\"https:\/\/gps.hillclimb.de\/uploads\/GEview_reset.jpg\"><img loading=\"lazy\" decoding=\"async\" src=\"https:\/\/gps.hillclimb.de\/uploads\/GEview_reset-277x300.jpg\" alt=\"\" title=\"Das Fenster &#34;Bearbeiten des kml-\/kmz-Ordners&#34; &#8211;&gt; &#34;Ansicht&#34;\" width=\"277\" height=\"300\" ><\/a><\/p>\n<p style=\"margin-top: -4px;margin-bottom: 0px;font-size:0.7em;\">F\u00fcr gr\u00f6\u00dferes Bild Klick hier oben<\/p>\n<p><a id=\"lookat_fenster\"><\/a><\/td>\n<\/tr>\n<\/table>\n<p style=\"margin-top: 0px;margin-bottom: 8px;\">Sie enth\u00e4lt nun ein &lt;LookAt&gt;-Objekt mit den zuvor angezeigten Werten als Parameter.<\/p>\n<p><p style=\"margin-top: 0px;margin-bottom: 8px;\">Zum gleichen Ziel kommt man schneller, indem man im Kontext-Men\u00fc nicht mehr, wie im voranstehend beschriebenen Vorschlag, zun\u00e4chst auf &#34;Eigenschaften&#34; klickt, sondern gleich einfach auf &#34;Aktuelle Ansicht \u00fcbernehmen&#34; .<\/p>\n<p><!--    --><\/p>\n<p style=\"margin-top: 0px;margin-bottom: 6px;\"><strong>Anpassen mit dem Texteditor<\/strong> <\/p>\n<p style=\"margin-top: 0px;margin-bottom: 6px;margin-left:8px;\">kml-Dateien sind &#34;reine&#34; Textdateien. Man kann sie im Texteditor \u00f6ffnen, bearbeiten und in der ver\u00e4nderten Fassung speichern. So l\u00e4sst sich das Klicken in speziellen Google&#160;Earth-Fenstern umgehen. Dazu \u00f6ffnet man die kml-Datei im Texteditor, um in der N\u00e4he des Datei-Anfangs die LookAt-Zeilen einzutragen &#8211; am einfachsten per Copy\/Paste vom Anfang dieses Eintrags oder aus einem einmal angelegten Musterfile. F\u00fcr einen optimalen Anblick bleibt es erforderlich, die LookAt-Parameter gem\u00e4\u00df den obigen Hinweisen anzupassen. \u00dcberpr\u00fcft wird der erreichte Stand in Google&#160;Earth.  <\/p>\n<p style=\"margin-top: 0px;margin-bottom: 6px;margin-left:8px;\">Besonders leicht kann das wie folgt geschehen. Zu einer ge\u00f6ffneten kml-Datei geh\u00f6rt im Orte-Fenster links des dort angezeigten, in der kml-Datei vorgegebenen Dateinamens ein <\/p>\n<p style=\"margin-top: 0px;margin-bottom: 4px;margin-left:8px;\"><em>K\u00e4stchen f\u00fcr das Aktivieren\/Deaktivieren<\/em> <\/p>\n<p style=\"margin-top: 0px;margin-bottom: 8px;margin-left:8px;\">der betreffenden Google-Earth-Datei. Mit einem Links-Klick in das K\u00e4stchen verschwindet das H\u00e4kchen und als Ergebnis auch der kml-Track aus dem Viewer-Fenster. Klickt man erneut mit links in das (geleerte) Viewer-Fenster, so liest die Anwendung die zugeh\u00f6rige kml-Datei ein &#8211; nun mit den unterdessen vorgenommenen \u00c4nderungen. <\/p>\n<p style=\"margin-top: 0px;margin-bottom: 6px;\"><strong>Speichern der modifizierten Datei<\/strong> <\/p>\n<p style=\"margin-top: 0px;margin-bottom: 8px;margin-left:8px;\">Das Speichern dieser Datei oder auch einer &#8211; \u00e4hnlich wie weiter oben beschrieben &#8211; zun\u00e4chst vor\u00fcbergehend modifizierten Datei als eine dauerhaft modifizierte GE-Datei erfolgt \u00fcber die Wahl von &#34;<em>Ort speichern unter &#8230;<\/em>&#34; im Kontext-Men\u00fc der Datei im Orte-Fenster. <\/p>\n<p style=\"margin-top: 0px;margin-bottom: 8px;\">Das \u00dcberschreiben der urspr\u00fcnglichen Datei l\u00e4sst sich vermeiden, indem man mindestens ein Zeichen des zum Speichern vorgeschlagenen Dateinamens (entspricht im Normalfall dem Namen der urspr\u00fcnglichen Datei) ab\u00e4ndert oder mindestens eines hinzuf\u00fcgt, falls daf\u00fcr nicht ohnehin ein anderer Datei-Ordner gew\u00e4hlt werden sollte. <\/p>\n<p class=\"para-header\">Neu zu erstellende kml-Dateien <\/p>\n<p style=\"margin-top: 0px;margin-bottom: 8px;\">Es bedarf wohl fast keines Hinweises, beim Neuerstellen von kml- bzw. kmz-Track-Dateien den &lt;LookAt&gt;-Abschnitt in der oben beschriebenen Weise von vornherein vorzusehen &#8211; am bequemsten mit aus den Log-Daten automatisch gewonnenen Parametern, zumindest aber auf dem Weg der obigen  &#34;Abhilfe auf Dauer&#34;.  <\/p>\n<p class=\"para-header\">Anmerkungen <\/p>\n<p style=\"margin-top: 0px;margin-bottom: 8px;margin-left: 15px;text-indent: -15px;\"><a id=\"anm_sichthoehe\"><\/a><strong><sup>Anm1<sup><\/strong>&#160;Zu kleinen Werten von &lt;range&gt; hin existieren Minimalwerte, auf die die diesbez\u00fcgliche Automatik von Google Earth die Sichth\u00f6he begrenzt: Zu kleine Datei-Werte werden ignoriert. Mit Maus-Links-Doppelklicks in das 3D-Viewer-Fenster, zweckm\u00e4\u00dfig auf eine Stelle des dargestellten Objekts, l\u00e4sst sich ein noch tieferes Hineinzoomen erreichen, allerdings ohne brauchbare Nachf\u00fchrung der Zahlenangaben f\u00fcr den Ma\u00dfstab und f\u00fcr die Sichth\u00f6he in der Statusleiste am unteren Rand des Browserfensters sowie unter Beibehaltung der aus den Serverdaten resultierenden Aufl\u00f6sung. <\/p>\n<p style=\"margin-top: 0px;margin-bottom: 8px;margin-left: 15px;text-indent: -15px;\"><a id=\"ge_import\"><\/a><strong>Anm2<\/strong>&#160; Das gilt auch f\u00fcr den Import weiterer Formate von GPS-Dateien, die Google seit der bereits vor einiger Zeit erfolgten Integration von GPSBabel zul\u00e4sst.<\/p>\n<p style=\"margin-top: 0px;margin-bottom: 8px;margin-left: 15px;text-indent: -15px;\">Hinweis: Die obigen Ausf\u00fchrungen beziehen sich auf die Windows-Versionen von  Google&#160;Earth&#160;(Pro). <\/p>\n<hr style=\"margin-top: 24px;margin-bottom: 6px;text-align:left;margin-left:0;width:30%;border-bottom: 1px solid black;\">\n<p>Klaus Dannowski &#8211; <a href=\"https:\/\/gps.hillclimb.de\/?page_id=9788\">Klaus&#8216; GPS-Ecke<\/a> <br \/><small>O3.11.2O11<\/small> <\/p>\n","protected":false},"excerpt":{"rendered":"<p>Letzte \u00c4nderung am 17.11.2023 LookAt &#8211; dt. ansehen&thinsp;; bei Google&#160;Earth&#8211;Versionen in Deutsch: Ansicht&thinsp;. Google&#160;Earth-Schr\u00e4gansicht vorab einschr\u00e4nken: In &#34;Tools&#160;&gt;&#160;Optionen&#8230;&#160;&gt;&#160; Navigation&#34; die Neigen-Automatik deaktivieren\/ausschalten. F\u00fcr gr\u00f6\u00dfere Ansicht Klick in das Bild Beim Neuerstellen von Google&#160;Earth-Dateien l\u00e4sst sich die Schr\u00e4gansicht durch Einf\u00fcgen eines LookAt-Objekts verhindern. Auch als Nachbearbeitung, sogar mit einem Texteditor m\u00f6glich Das &lt;LookAt&gt;-Objekt f\u00fcr kml-Dateien Die [&hellip;]<\/p>\n","protected":false},"author":2,"featured_media":0,"parent":701,"menu_order":35,"comment_status":"closed","ping_status":"open","template":"","meta":{"footnotes":""},"class_list":["post-661","page","type-page","status-publish","hentry"],"_links":{"self":[{"href":"https:\/\/gps.hillclimb.de\/index.php?rest_route=\/wp\/v2\/pages\/661","targetHints":{"allow":["GET"]}}],"collection":[{"href":"https:\/\/gps.hillclimb.de\/index.php?rest_route=\/wp\/v2\/pages"}],"about":[{"href":"https:\/\/gps.hillclimb.de\/index.php?rest_route=\/wp\/v2\/types\/page"}],"author":[{"embeddable":true,"href":"https:\/\/gps.hillclimb.de\/index.php?rest_route=\/wp\/v2\/users\/2"}],"replies":[{"embeddable":true,"href":"https:\/\/gps.hillclimb.de\/index.php?rest_route=%2Fwp%2Fv2%2Fcomments&post=661"}],"version-history":[{"count":10,"href":"https:\/\/gps.hillclimb.de\/index.php?rest_route=\/wp\/v2\/pages\/661\/revisions"}],"predecessor-version":[{"id":11133,"href":"https:\/\/gps.hillclimb.de\/index.php?rest_route=\/wp\/v2\/pages\/661\/revisions\/11133"}],"up":[{"embeddable":true,"href":"https:\/\/gps.hillclimb.de\/index.php?rest_route=\/wp\/v2\/pages\/701"}],"wp:attachment":[{"href":"https:\/\/gps.hillclimb.de\/index.php?rest_route=%2Fwp%2Fv2%2Fmedia&parent=661"}],"curies":[{"name":"wp","href":"https:\/\/api.w.org\/{rel}","templated":true}]}}