{"id":701,"date":"2011-11-04T22:28:06","date_gmt":"2011-11-04T21:28:06","guid":{"rendered":"http:\/\/gps.hillclimb.de\/?page_id=701"},"modified":"2022-11-05T20:17:45","modified_gmt":"2022-11-05T19:17:45","slug":"ideensammlung-zur-formatierung-von-gps-logdateien-im-kml-format","status":"publish","type":"page","link":"https:\/\/gps.hillclimb.de\/?page_id=701","title":{"rendered":"kml-Dateien &#8211; Anregungen zur Gestaltung"},"content":{"rendered":"<p style=\"margin-top: -12px;margin-bottom: 26px;font-size:0.7em;\">Letzte &Auml;nderung am 24.06.2019<\/p>\n<p style=\"margin-top: 0px;margin-bottom: 6px;\">Die meisten Hersteller von GPS-Loggern stellen dem Anwender Hilfsprogramme zur Umwandlung (meist mit &#8222;Export&#8220; bezeichnet) der im firmenspezifischen Format gespeicherten Logdateien in einige allgemein \u00fcbliche Formate von GPS-Dateien zur Verf\u00fcgung.<\/p>\n<p style=\"margin-top: 0px;margin-bottom: 6px;\">Zu diesen geh\u00f6ren<\/p>\n<ul style=\"margin-top: 0px;margin-bottom: 0px;\">\n<li style=\"margin-top: 0px;margin-bottom: 6px;\">das csv-Format, das vorzugsweise auf Auswertungen in Tabellenkalkulations-Programmen ausgerichtet ist,<\/li>\n<li style=\"margin-top: 0px;margin-bottom: 6px;\">das gpx-Format,<\/li>\n<li style=\"margin-top: 0px;margin-bottom: 6px;\">das kml-Format, das zusammen mit Google Earth bzw. Google Maps entstand<\/li>\n<\/ul>\n<p style=\"margin-top: 0px;margin-bottom: 6px;\">und<\/p>\n<ul style=\"margin-top: 0px;margin-bottom: 0px;\">\n<li style=\"margin-top: 0px;margin-bottom: 6px;\">das  kmz-Format.<\/li>\n<\/ul>\n<p style=\"margin-top: 0px;margin-bottom: 6px;\">Das gpx-Format folgt exakten, aber stark auf numerische Inhalte orientierten Vorgaben. Demgegen\u00fcber eignet sich das kml-Format zur Darstellung von Loggerdaten verkn\u00fcpft mit auf Web-Servern verf\u00fcgbaren Informationen, z. B. geografischen, bildlichen, lexikalischen Charakters.<\/p>\n<p style=\"margin-top: 0px;margin-bottom: 6px;\">Der Export mit den vom Hersteller dem Logger beigelegten Programmen liefert bei vielen Ger\u00e4ten kml-Dateien, mit denen Google Earth nur eine recht wenig befriedigende Darstellung der Loggerdaten liefert. Auch wenn jeglicher weiterer Komfort ohnehin einer individuellen Gestaltung vorbehalten ist, kann diese simple Art der Darstellungen in Google Earth durchaus zur nach wie vor geringeren Beliebtheit des kml-Formats mit seinen eigentlich sehr umfangreichen M\u00f6glichkeiten bei den Nutzern von GPS-Loggern beigetragen haben.<\/p>\n<p style=\"margin-top: 0px;margin-bottom: 6px;\">Mit den nachfolgend (und auch in der Seitenleiste &#8211; rechts) verlinkten Anregungen wird auf einige wohl weniger gel\u00e4ufige M\u00f6glichkeiten einer flexiblen Gestaltung zur Wiedergabe der Loggerdaten in Google Earth eingegangen. <\/p>\n<p style=\"margin-top: 16px;margin-bottom: 8px;padding-left: 10px;\"><strong>Die einzelnen Eintr\u00e4ge:<\/strong><\/p>\n<p style=\"margin-top: 0px;margin-bottom: 8px;padding-left: 24px;\"><a  href=\"https:\/\/gps.hillclimb.de\/?page_id=10\" ><strong>Google Earth und Google Maps<\/strong><\/a><\/p>\n<p style=\"margin-top: 0px;margin-bottom: 8px;padding-left: 24px;\"><a  href=\"https:\/\/gps.hillclimb.de\/?page_id=13\" ><strong>kml-Dateien mit ung\u00fcnstig konfigurierter Wegpunkt-Darstellung<\/strong><\/a><\/p>\n<p style=\"margin-top: 0px;margin-bottom: 8px;padding-left: 24px;\"><a  href=\"https:\/\/gps.hillclimb.de\/?page_id=37\" ><strong>Beeinflussung der Wegpunkte-Darstellung in Google Earth mittels &#34;IconStyle&#34; und &#34;LabelStyle&#34;<\/strong><\/a><\/p>\n<p style=\"margin-top: 0px;margin-bottom: 8px;padding-left: 24px;\"><a  href=\"https:\/\/gps.hillclimb.de\/?page_id=147\" ><strong>Icons von kml-Dateien &#8211; Verbessertes Erscheinungsbild<\/strong><\/a><\/p>\n<p style=\"margin-top: 0px;margin-bottom: 8px;padding-left: 24px;\"><a  href=\"https:\/\/gps.hillclimb.de\/?page_id=200\" ><strong>Beispiel-Dateien zur Gestaltung der kml-Wegpunkt-Icons<\/strong><\/a><\/p>\n<p style=\"margin-top: 0px;margin-bottom: 8px;padding-left: 24px;\"><a  href=\"https:\/\/gps.hillclimb.de\/?page_id=218\" ><strong>Bilder zu den kml-Beispielen<\/strong><\/a><\/p>\n<p style=\"margin-top: 0px;margin-bottom: 8px;padding-left: 24px;\"><a  href=\"https:\/\/gps.hillclimb.de\/?page_id=661\" ><strong>Google Earth \u00f6ffnet kml-Datei in Schr\u00e4g-Ansicht \u2013 Abhilfe: LookAt-Objekt einf\u00fcgen<\/strong><\/a><\/p>\n<p style=\"margin-top: 0px;margin-bottom: 8px;padding-left: 24px;\"><a  href=\"https:\/\/gps.hillclimb.de\/?page_id=9433\" ><strong>Der Zeitschieberegler von Google Earth<\/strong><\/a><\/p>\n<h3 style=\"margin-top: 20px;margin-bottom: 2px;\">Anmerkung <\/h3>\n<hr style=\"margin-top: 0px;margin-bottom: 12px;\">\n<p style=\"margin-top: 0px;margin-bottom: 8px;padding-left:24px;\"><a id=\"anme\"><\/a>Weiterentwicklungen bei Google bringen es mit sich, dass Links gelegentlich veraltet sind bevor sie in diesen Eintr\u00e4gen aktualisiert werden konnten; dann ggf. mit dem jeweiligen Begriff ausgehend von der <a href=\"https:\/\/support.google.com\/earth\/?hl=de\" target=\"_blank\" rel=\"noopener\">Startseite der Google&#160;Earth-Hilfe<\/a> (in Deutsch) suchen &#8211; dazu den Suchbegriff oben (noch oberhalb von &#8221;Earth-Hilfe&#8221;) eingeben. Oder, falls dieser Link eben auch Probleme bereiten sollte, die <em>Google&#160;Earth-Hilfe<\/em> direkt in der ge\u00f6ffneten Google&#160;Earth-Anwendung mit den Maus-Klicks &#8221;Men\u00fcleiste &gt; Hilfe &gt; Hilferesourcen&#8221; anw\u00e4hlen. <\/p>\n<hr style=\"margin-top: 24px;margin-bottom: 6px;text-align:left;margin-left:0;width:30%;\">\n<p style=\"margin-top: 0px;margin-bottom: 12px;\">Klaus Dannowski &#8211; <a href=\"https:\/\/gps.hillclimb.de\/?page_id=9788\">Klaus&#8216; GPS-Ecke<\/a> <br \/><small>O4.11.2O11<\/small> <\/p>\n","protected":false},"excerpt":{"rendered":"<p>Letzte &Auml;nderung am 24.06.2019 Die meisten Hersteller von GPS-Loggern stellen dem Anwender Hilfsprogramme zur Umwandlung (meist mit &#8222;Export&#8220; bezeichnet) der im firmenspezifischen Format gespeicherten Logdateien in einige allgemein \u00fcbliche Formate von GPS-Dateien zur Verf\u00fcgung. Zu diesen geh\u00f6ren das csv-Format, das vorzugsweise auf Auswertungen in Tabellenkalkulations-Programmen ausgerichtet ist, das gpx-Format, das kml-Format, das zusammen mit Google [&hellip;]<\/p>\n","protected":false},"author":2,"featured_media":0,"parent":0,"menu_order":35,"comment_status":"closed","ping_status":"open","template":"","meta":{"footnotes":""},"class_list":["post-701","page","type-page","status-publish","hentry"],"_links":{"self":[{"href":"https:\/\/gps.hillclimb.de\/index.php?rest_route=\/wp\/v2\/pages\/701","targetHints":{"allow":["GET"]}}],"collection":[{"href":"https:\/\/gps.hillclimb.de\/index.php?rest_route=\/wp\/v2\/pages"}],"about":[{"href":"https:\/\/gps.hillclimb.de\/index.php?rest_route=\/wp\/v2\/types\/page"}],"author":[{"embeddable":true,"href":"https:\/\/gps.hillclimb.de\/index.php?rest_route=\/wp\/v2\/users\/2"}],"replies":[{"embeddable":true,"href":"https:\/\/gps.hillclimb.de\/index.php?rest_route=%2Fwp%2Fv2%2Fcomments&post=701"}],"version-history":[{"count":10,"href":"https:\/\/gps.hillclimb.de\/index.php?rest_route=\/wp\/v2\/pages\/701\/revisions"}],"predecessor-version":[{"id":10702,"href":"https:\/\/gps.hillclimb.de\/index.php?rest_route=\/wp\/v2\/pages\/701\/revisions\/10702"}],"wp:attachment":[{"href":"https:\/\/gps.hillclimb.de\/index.php?rest_route=%2Fwp%2Fv2%2Fmedia&parent=701"}],"curies":[{"name":"wp","href":"https:\/\/api.w.org\/{rel}","templated":true}]}}