{"id":7660,"date":"2015-09-21T16:36:17","date_gmt":"2015-09-21T14:36:17","guid":{"rendered":"http:\/\/gps.hillclimb.de\/?page_id=7660"},"modified":"2025-02-22T16:47:32","modified_gmt":"2025-02-22T15:47:32","slug":"gps-mehrwege-empfang","status":"publish","type":"page","link":"https:\/\/gps.hillclimb.de\/?page_id=7660","title":{"rendered":"Beeinflussung der Signale von Navigationssatelliten durch Mehrwegeempfang"},"content":{"rendered":"<p style=\"margin-top: -12px;margin-bottom: 26px;font-size:0.7em;\">Zuletzt ge\u00e4ndert am 21.11.2023 <\/p>\n<p class=\"para-header\">Mehrwege-Empfang bei Ger\u00e4ten der Satelliten-Navigation <\/p>\n<p style=\"margin-top: 0px;margin-bottom: 6px;\">(engl.: <em>Multipath reception<\/em>) f\u00fchrt stets zu Beeintr\u00e4chtigungen. Die Empfangs-Module einfacher GPS\/GNSS-Logger und GPS\/GNSS-Empf\u00e4nger verf\u00fcgen kaum \u00fcber Ma\u00dfnahmen um durch Umweg-Beitr\u00e4ge verf\u00e4lschte Satelliten-Signale oder gar die Umweg-Beitr\u00e4ge selbst zu eliminieren, sodass sie darauf besonders empfindlich reagieren, indem so auch mit Fehlern behaftete interne Teilergebnisse mit in die aufgezeichnete Log-Datei eingehen oder in ein vom Empf\u00e4nger mit Positionsdaten versorgtes Auswerteger\u00e4t \u00fcbernommen werden. Oft beziffern die hier \u00fcblichen NMEA-Sequenzen zwar Qualit\u00e4tsmerkmale der einzelnen beteiligten Satellitensignale &#8211; in Gestalt des Signal\/Noise Ratio, in das auch Mehrwege-Einfl\u00fcsse eingehen <em>k\u00f6nnen<\/em> (neben den allein aus der jeweiligen momentanen Satellitengeometrie abgeleiteten Fehlerbewertungsfaktoren PDOP, VDOP, HDOP) &#8211;. Eine Einflussnahme auf die Positions-Genauigkeit erm\u00f6glichen sie mangels Verf\u00fcgbarkeit \/ Einbeziehung weiterer Rohdaten jedoch nicht. (Anders bei mit \u00e4hnlichen Empfangs-Modulen ausgestatteten, aber etwas komplexeren Ger\u00e4ten wie Navigationsger\u00e4te oder Smartphones, die \u00fcber in vielen Situationen wirksame zus\u00e4tzliche terrestrische Orientierungshilfen verf\u00fcgen). <\/p>\n<p style=\"margin-top: 6px;margin-bottom: 6px;\">In das Ausma\u00df der Positions-Abweichungen gehen sowohl<\/p>\n<ul style=\"margin-top: 0px;margin-bottom: 0px;padding-left:10px;\">\n<li>die Art und Gr\u00f6\u00dfe der Ver\u00e4nderungen der Satellitensignale abh\u00e4ngig von den beteiligten Umwegen &#8211; Einfluss des <em>Umfeldes<\/em> der jeweiligen Position des GPS\/GNSS-Ger\u00e4ts &#8211;<\/li>\n<\/ul>\n<p style=\"margin-top: 0px;margin-bottom: 0px;\">ein als auch<\/p>\n<ul style=\"margin-top: 0px;margin-bottom: 8px;padding-left:10px;\">\n<li style=\"margin-top: 0px;\">die Art, in der der Logger&thinsp;\/&thinsp;Empf\u00e4nger auf diese Ver\u00e4nderungen reagiert &#8211; Abh\u00e4ngigkeit von der <em>Auslegung<\/em> von Antenne und Modul bzw. Chipsatz.<\/li>\n<\/ul>\n<p style=\"margin-top: 0px;margin-bottom: 6px;\">Bei &#34;Art und Gr\u00f6\u00dfe der Ver\u00e4nderungen&#34; handelt es sich jeweils um<\/p>\n<ul style=\"margin-top: 0px;margin-bottom: 0px;padding-left:10px;\">\n<li>die Betr\u00e4ge der Verz\u00f6gerungen&thinsp;\/&thinsp;Laufzeitunterschiede (&Delta;&thinsp;<em>t<\/em>, <em>&tau;<\/em>) der Signalbeitr\u00e4ge und<\/li>\n<li style=\"margin-top: 0px;\">deren Pegelunterschiede (&Delta;&thinsp;<em>p<\/em>, oft auch angegeben als D\u00e4mpfungen&nbsp;<em>a<\/em>&zwj;&thinsp;&zwj;<sub>b<\/sub>) gegen\u00fcber dem LOS-Signal (LOS engl.: Line Of Sight &#8211; direktes Signal),<\/li>\n<p style=\"margin-top: 0px;margin-bottom: 0px;\">und &#8211; unter anderem &#8211;<\/p>\n<li style=\"margin-top: 0px;\">die Lage der Momentanfrequenzen der Signalbeitr\u00e4ge (<em>Doppler-Effekt<\/em>),<\/li>\n<\/ul>\n<ul style=\"margin-top: 0px;margin-bottom: 0px;padding-left:10px;\">\n<\/ul>\n<p style=\"margin-top: 0px;margin-bottom: 6px;\">zu <span style=\"text-decoration: underline;\">Verz\u00f6gerungen und D\u00e4mpfungen<\/span><\/p>\n<p style=\"margin-top: 0px;margin-bottom: 8px;margin-left: 10px;\">Ma\u00dfgeblich ist hier die Beschaffenheit der Signale, die die Empfangsantenne an den Antennenanschluss des Empfangs-Teils liefert &#8211; es gehen sowohl die geometrischen Gegebenheiten der Umgebung der Antenne als auch (im Zusammenhang mit der \/komplexen\/ Richtcharakteristik der Antenne) die Ausrichtung der Antenne ein. Au\u00dfer den f\u00fcr die Positionsbestimmung ben\u00f6tigten direkt vom Satelliten empfangenen (LOS-)Signalen wird die Empfangsantenne fast immer auch von NLOS-Signalen (NLOS &#8211; Non LOS; Signalwege abseits der Sichtlinie) getroffen, die dorthin \u00fcber Objekte der <em>Umgebung des Empf\u00e4ngers<\/em>, auf Umwegen, somit gegen\u00fcber dem Originalsignal verz\u00f6gert (Echo-Signale), gelangen. Infolge der Abschattung durch in der Sichtlinie zwischen Satellit und Empfangsantenne befindliche Objekte k\u00f6nnen dabei die LOS-Signale einzelner Satelliten sogar bis zu ihrem Ausfall abgeschw\u00e4cht sein. Als Folge der \u00dcberlagerung unterschiedlich verz\u00f6gerter Signalbeitr\u00e4ge am Empf\u00e4nger-Eingang kommt es zu spektralen Veranderungen des Empf\u00e4nger-Eingangssignals in Gestalt abgesenkter, auch angehobener, Frequenzabschnitte &#8211; im Fall von zwei beteiligten Beitr\u00e4gen umso st\u00e4rker ausgepr\u00e4gt, je geringer deren Pegelunterschied und umso breitbandiger, je kleiner dabei ihr Laufzeit-Unterschied ist. <\/p>\n<p style=\"margin-top: 0px;margin-bottom: 0px;\">zu <span style=\"text-decoration: underline;\">Lage der Momentanfrequenzen der Signalbeitr\u00e4ge (<em>Doppler-Effekt<\/em>)<\/span><\/p>\n<p style=\"margin-top: 0px;margin-bottom: 8px;margin-left: 10px;\">Oft befinden sich Objekte der Umgebung und noch \u00f6fter das mobile GPS-\/GNSS-Ger\u00e4t wie z.&#160;B. der GPS-\/GNSS-Logger und nicht zuletzt &#8211; prinzipbedingt st\u00e4ndig &#8211; die Satelliten in Bewegung mit der Folge von Laufzeit\u00e4nderungen. <\/p>\n<p style=\"margin-top: 0px;margin-bottom: 0px;margin-left: 10px;\">Im Ergebnis resultieren diese mit den \u00c4nderungen der Geometrie verbundenen \u00c4nderungen der zugeh\u00f6rigen Umwege aufgrund der sich aus dem Doppler-Effekt ergebenden Frequenzverlagerungen in unterschiedlichen Momentanfrequenzen dieser Anteile. Bekanntlich ist dabei <\/p>\n<p style=\"margin-top: 0px;margin-bottom: 0px;margin-left: 30px;\">der Wert <em>f<\/em><sub>D<\/sub> der Frequenzverlagerung, gemessen in Hertz,  <\/p>\n<p style=\"margin-top: 0px;margin-bottom: 0px;margin-left: 10px;\">gleich dem Negativen der <\/p>\n<p style=\"margin-top: 0px;margin-bottom: 0px;margin-left: 30px;\">\u00c4nderung &Delta;<em>d<\/em> des zwischen Sender und Empf\u00e4nger durchlaufenen  <\/p>\n<p style=\"margin-top: 0px;margin-bottom: 0px;margin-left: 30px;\">Weges <em>d<\/em> , angegeben in <\/p>\n<p style=\"margin-top: 0px;margin-bottom: 0px;margin-left: 30px;\">Wellenl\u00e4ngen &lambda;, je Sekunde. <\/p>\n<p style=\"margin-top: 0px;margin-bottom: 8px;margin-left: 10px;\">Daraus folgt als allgemeine Beziehung f\u00fcr die Frequenz\u00e4nderung: <\/p>\n<p style=\"margin-top: 0px;margin-bottom: 0px;margin-left: 20px;\">&#160;&#160;&#160;&#160;<em>f<\/em><sub>D<\/sub>&#160;[Hz] &#160;=&#160; -&#160;&Delta;<em>d<\/em>&#160;[LE\/s]&#160;\/&#160;&lambda;&#160;[LE] &#160;  <\/p>\n<p style=\"margin-top: -8px;margin-bottom: 8px;margin-left: 50px;\">LE ist die jeweils verwendete, <em>beliebige<\/em> L\u00e4ngen-Einheit <a href=\"#doppler\"><b><sup>Anm1)<\/sup><\/b><\/a> <\/p>\n<p style=\"margin-top: 0px;margin-bottom: 0px;margin-left: 10px;\">Im Fall der Frequenz\u00e4nderung eines <em>reflektierten<\/em> Signalbeitrags ist das  <\/p>\n<p style=\"margin-top: 0px;margin-bottom: 0px;margin-left: 30px;\">die \u00c4nderung &Delta;<em>d<\/em> der <em>L\u00e4nge des Umwegs<\/em>. <\/p>\n<p style=\"margin-top: 0px;margin-bottom: 0px;margin-left: 10px;\">Die resultiert aus Positions\u00e4nderungen <br \/> &#160; 1. wiederum des Satelliten, \u00fcberall und zu jeder Zeit, <br \/> &#160; 2. des Reflektors, <br \/> &#160; &#160;  2.1 fest: z.&#160;B. Geb\u00e4ude, Gel\u00e4nde, <br \/> &#160;  &#160; 2.2 ver\u00e4nderlich: z.&#160;B. Fahrzeuge, <br \/>&#160; 3. des Empf\u00e4ngers.  <\/p>\n<p style=\"margin-top: 0px;margin-bottom: 8px;margin-left: 10px;\">Besonders interessant ist hier der Beitrag des Empf\u00e4ngers im Fall des Betriebs in einem Fahrzeug. Mit der Fahrgeschwindigkeit nehmen die Betr\u00e4ge der Frequenzablagen <em>f<\/em><sub>D<\/sub> der Umwegsignale gegen\u00fcber dem direkten Signalbeitrag zu; umso mehr, je weniger die Einfallsrichtung des Umwegsignals von der des Fahrtwegs abweicht (&alpha;; cos&thinsp;&alpha;). Bei erfolgreicher Frequenznachf\u00fchrung des Empfangsteils auf die Frequenz eines (dazu idealer Weise dominierenden direkten) Satellitensignals tragen die Umwegsignale zunehmend lediglich als Verschlechterung des Signal\/Rauschabstands wirkende Spontanwerte zur ermittelten Signallaufzeit bei. So etwa ist wohl die Beobachtung zu erkl\u00e4ren, dass der Verlauf der aufgezeichneten Strecke (auch ohne die oft eingesetzten Ma\u00dfnahmen zur Gl\u00e4ttung) bei Fahrten mit h\u00f6heren Geschwindigkeiten stabiler wirkt.   <\/p>\n<p class=\"para-header\">Untersuchungen zu den <br \/>Ver\u00e4nderungen der Satellitensignale infolge der Umwege <\/p>\n<p style=\"margin-top: 0px;margin-bottom: 6px;\">Lange Zeit war man bei der Bewertung dieser Ver\u00e4nderungen der Signale allein auf das Anwenden der Wellen- sowie geometrischen Optik in Verbindung mit Erkenntnissen aus Fachgebieten wie z. B. Radartechnik, Geofernerkundung angewiesen. Dem liegt zugrunde, dass diese Erkenntnisse f\u00fcr viele Situationen&#8201;<a href=\"#aus_nahmen\"><b><sup>Anm2)<\/sup><\/b><\/a> unabh\u00e4ngig von der Wellenl\u00e4nge relevant sind, sie also sowohl f\u00fcr Licht- als auch f\u00fcr Funkwellen gelten &#8211; bei an die jeweilige Wellenl\u00e4nge angepasstem Gr\u00f6\u00dfenma\u00dfstab der beteiligten Objekte. <\/p>\n<p style=\"margin-top: 0px;margin-bottom: 8px;\">F\u00fcr einen \u00dcberblick zu den Betrachtungsweisen ist hier z. B. die aus neuerer Zeit stammende sehr umfassende, aber kompakte Zusammenstellung in der eigentlich mit Pr\u00e4zisionsanwendungen der Satelliten-Ortung in der Geod\u00e4sie befassten und damit weit \u00fcber die Problematik bei GPS-Tracks hinausgehenden Dissertation Rost [ <a href=\"#rost_2011\" >Rost&#160;2011<\/a> ], Seiten 51 &#8211;&#160;69, zu empfehlen.<\/p>\n<p style=\"margin-top: 0px;margin-bottom: 6px;\">Bereits etwas l\u00e4nger liegt die Arbeit [<a href=\"#hannah_2001\" >Hannah&#160;2001<\/a>] zur\u00fcck. In mehreren Kapiteln werden f\u00fcr eine Vielzahl von Konstellationen der Komponenten &#34;Satellitenposition, Geometrie der Empf\u00e4ngerumgebung, Reflexionseigenschaften der Hindernisse&#34; die sich aufgrund der Interferenz von direkten und reflektierten Signalbeitr\u00e4gen ergebenden zeitlichen \u00c4nderungen von Betrag und Phase (Stichworte: Fading, Doppler) sowie Verz\u00f6gerung des im GPS-Empf\u00e4nger eintreffenden Empfangssignals analysiert. Dabei sind auch die Besonderheiten ber\u00fccksichtigt, die sich aus der bei Satellitensignalen \u00fcblichen Anwendung der zirkularen Polarisation der Funkwellen ergeben. <\/p>\n<p style=\"margin-top: 0px;margin-bottom: 12px;\">Zwar ist eine wirkliche rechnerische Erfassung der Einfl\u00fcsse der Hindernisse in einer konkreten Empfangsumgebung kaum m\u00f6glich und ohnehin nicht lohnend. Dennoch k\u00f6nnen bei der Beurteilung von Empfangs-Beeintr\u00e4chtigungen ungef\u00e4hre Gr\u00f6\u00dfenvorstellungen von Nutzen sein.  <\/p>\n<p style=\"margin-top: 0px;margin-bottom: 6px;\">Besonders wichtig sind Zahlenwerte aber f\u00fcr die Schaffung m\u00f6glichst realit\u00e4tsnaher Ausbreitungsmodelle, die dann bei der Optimierung von Modulationsarten und Auswerteverfahren neuer Anwendungen zum Einsatz kommen. <\/p>\n<p class=\"para-header\">Navigations-Satelliten-Messkampagne 2002 des DLR <\/p>\n<p style=\"margin-top: 0px;margin-bottom: 8px;\">im Rahmen der Vorarbeiten f\u00fcr das GALILEO-Satelliten-Navigationssystem mit auch f\u00fcr viele anderweitige breitbandige Satelliten-Anwendungen relevanten Resultaten. <\/p>\n<p style=\"margin-top: 0px;margin-bottom: 8px;\">Nachdem im Lauf der Jahre eine f\u00fcr die Untersuchung von Echosignalen hinsichtlich der Intensit\u00e4t, der Verz\u00f6gerung und der Doppler-Verschiebung geeignete, hochaufl\u00f6sende Messtechnik entstanden war&#8201;<a href=\"#galileo_tech\"><b><sup>Anm3)<\/sup><\/b><\/a>, konnte im Jahr 2OO2 vom <em>Institut f\u00fcr Kommunikation und Navigation (KN)<\/em> im <em>Deutschen Zentrum f\u00fcr Luft- und Raumfahrt (DLR)<\/em> im Raum M\u00fcnchen eine Mehrwegekanal-Messkampagne durchgef\u00fchrt werden.  <\/p>\n<p style=\"margin-top: 0px;margin-bottom: 4px;\">Dazu wurden <\/p>\n<p style=\"margin-top: 0px;margin-bottom: 0px;padding-left:10px;\">der Satellit <\/p>\n<p style=\"margin-top: 0px;margin-bottom: 4px;padding-left:20px;\">durch einen von einem Zeppelin getragenen Spezialsender und <\/p>\n<p style=\"margin-top: 0px;margin-bottom: 0px;padding-left:10px;\">der GPS-Empf\u00e4nger <\/p>\n<p style=\"margin-top: 0px;margin-bottom: 8px;padding-left:20px;\">durch einen Messempf\u00e4nger nachgebildet, der in einem Messfahrzeug untergebracht war.  <\/p>\n<p style=\"margin-top: 0px;margin-bottom: 8px;\">Mit dem Messfahrzeug wurden typische Stra\u00dfen der Innenstadt und der Umgebung M\u00fcnchens durchfahren. Zur Simulation einer Vielzahl wichtiger Satellitenpositionen wurde der Zeppelin durch Steuern von Richtung, Entfernung (mehrere Kilometer) und H\u00f6he \u00fcber Grund, unterst\u00fctzt durch das im Zeppelin empfangene Bild einer am Boden befindlichen Kamera so bewegt, dass die jeweils gew\u00fcnschte Satellitenposition auch bei der Fortbewegung des Messfahrzeugs erhalten blieb. Das spezielle Messsignal erhielt der Empf\u00e4nger direkt von einer auf dem Fahrzeug montierten Antenne oder von einer von einem Fu\u00dfg\u00e4nger in Schrittgeschwindigkeit neben dem Fahrzeug getragenen Antenne, deren Empfangssignal \u00fcber ein l\u00e4ngeres HF-Kabel in das Messfahrzeug gelangte (siehe Figure&#160;4 in [<a href=\"#Lehner_Steingass_2014\" >Lehner, Steingass 2O14<\/a>]). Mit Hilfe des Empf\u00e4ngers wurde das dort eintreffende Messsignal digitalisiert und gespeichert.  <\/p>\n<p style=\"margin-top: 0px;margin-bottom: 20px;\">Die nachfolgenden Auswertungen lieferten neben zeitlichen bzw. der durchfahrenen Strecke zugeordneten Verl\u00e4ufen z.&#160;B. der Betr\u00e4ge und Verz\u00f6gerungen oder auch der Dopplerverschiebungen der einzelnen Mehrwegeanteile im empfangenen Messsignal insbesondere auch deren zur Modellierung des \u00dcbertragungsverhaltens ben\u00f6tigte Zufallsparameter. So konnten die theoretischen Resultate zur Beschaffenheit der vom Satelliten empfangenen Signale durch umfassende konkrete Messergebnisse untermauert bzw. pr\u00e4zisiert werden. <\/p>\n<p class=\"para-header\">Anmerkungen <\/p>\n<p style=\"margin-top: 0px;margin-bottom: 8px;\"><a id=\"doppler\"><\/a><strong><sup>Anm1<\/sup><\/strong>&#160; Zahlenbeispiel: Ein Empf\u00e4nger bewegt sich mit 1&#160;m\/sec auf einen feststehenden Sender mit einer Wellenl\u00e4nge von 20&#160;cm zu. Dann nimmt er eine um 5&#160;Hz erh\u00f6hte Frequenz wahr.  <\/p>\n<p style=\"margin-top: 0px;margin-bottom: 8px;\"><a id=\"aus_nahmen\"><\/a><strong><sup>Anm2<\/sup><\/strong>&#160; Beispiele f\u00fcr Ausnahmen: <\/p>\n<ul style=\"margin-top: 0px;margin-bottom: 4px;padding-left:8px;text-indent:-12px;\">\n<li>&#160;&#160; F\u00fcr Funk-Antennen &#8211; hier der Empfangsantenne &#8211; und deren Wechselwirkung mit der engeren Umgebung, <br \/> (Stichwort &#34;Effekte im Nahfeld-Bereich&#34;) gibt es bei Licht keine technische Entsprechung.<\/li>\n<li style=\"margin-top: 0px;margin-bottom: 12px;\">&#160;&#160; F\u00fcr den Fall der Kantenbeugung von Licht wird in [<a href=\"#nieke_phil\" >Nieke 1997p<\/a>] \/ [<a href=\"#nieke_1997\">Nieke&#160;1997<\/a>] diskutiert, einige Widerspr\u00fcche herk\u00f6mmlicher theoretischer Ans\u00e4tze zur quantitativen Beschreibung der Beugungsbilder gegen\u00fcber dem experimentellen Befund durch Anwendung eines quantenmechanischen Ansatzes aufzul\u00f6sen.<br \/>Wegen der gegen\u00fcber Licht viel kleineren Frequenzen (Verh\u00e4ltnis in der Gr\u00f6\u00dfenordnung &gt;10<sup>5<\/sup>) spielen Quanteneffekte bei Funkwellen keine Rolle.<\/li>\n<\/ul>\n<p style=\"margin-top: 0px;margin-bottom: 8px;\"><a id=\"galileo_tech\"><\/a><strong><sup>Anm3<\/sup><\/strong> Ausf\u00fchrlichere Angaben <br \/>&#8211; <span style=\"text-decoration: underline;\">zur Messkampagne und zu Modellen<\/span> z.&#160;B. unter der DLR &#34;SatNav Model Page&#34;,<\/p>\n<p style=\"margin-top: 0px;margin-bottom: 8px;\">&#8211; <span style=\"text-decoration: underline;\">zur Messtechnik<\/span> in der nachfolgenden Tabelle.<\/p>\n<table style=\"vertical-align:top; border-spacing:6px;width:95%;margin-bottom:6px;border:1px solid black; margin-left:12px;\">\n<tr>\n<td style=\"border: 1px solid black;padding:5px;\"><small>Messprinzip<\/small><\/td>\n<td style=\"border: 1px solid black;width:55%;padding:5px;\"><small>Korrelationsverfahren mit <br \/>speziellem Messsignal (Multisinussignal)<\/small><\/td>\n<td style=\"border: 1px solid black;padding:5px;\"><\/td>\n<\/tr>\n<tr>\n<td  style=\"border:1px solid black;padding:5px;\"><small>Mess-Equipment<\/small><\/td>\n<td style=\"border: 1px solid black;padding:5px;\"><small>RUSKDLR Channel Sounder (MEDAV GmbH)<\/small><\/td>\n<td style=\"border:1px solid black;padding:5px;\"><small>[<a href=\"#Lehner_Steingass_2014\">Lehner, Steingass 2O14<\/a>]<br \/>S.&#160;2 und&#160;3<br \/>[<a href=\"#raedler_2009\">Raedler&#160;2OO9<\/a>], Seite&#160;15<\/small><\/td>\n<\/tr>\n<tr>\n<td style=\"border: 1px solid black;padding:5px;\"><small>Messsignal<\/small><\/td>\n<td style=\"border:1px solid black;padding:5px;\"><small>Mittenfrequenz: 1510&#160;MHz<br \/>Bandbreite: 100&#160;MHz<br \/>\nZeitliche Aufl\u00f6sung: 10&#160;ns \/ 1&#160;ns (mit &#34;ESPRIT&#34; <em>super resolution algorithm<\/em>)<br \/>Sendeleistung: 10&#160;W<\/small><\/td>\n<td style=\"border: 1px solid black;padding:5px;\"><small>[<a href=\"#Lehner_Steingass_2014\">Lehner, Steingass 2O14<\/a>]<br \/>[<a href=\"#Steingass_Lehner_2004\">Steinga\u00df, Lehner 2OO4<\/a>]<\/small><\/td>\n<\/tr>\n<tr>\n<td style=\"border: 1px solid black;padding:5px;border:1px solid black;\"><small>Messstrecke<\/small><\/td>\n<td style=\"border: 1px solid black;padding:5px;border:1px solid black;\"><small>Entfernung<br \/>&#160;&#160;Sender (im Zeppelin) &#8211; Empf\u00e4nger: 1500 &#8211; 4000&#160;m <br \/>Positionsabweichung: <em>r<\/em>&#160;&lt;&#160;20&#160;m<\/small><\/td>\n<td style=\"border: 1px solid black;padding:5px;\"><small>&#160;<\/small><\/td>\n<\/tr>\n<\/table>\n<p class=\"para-header\">Verweise <\/p>\n<p style=\"margin-top: 0px;margin-bottom: 6px;text-indent:-12px;margin-left:22px;\"> <a id=\"rost_2011\" ><\/a>[Rost 2011] Rost, Ch.: Phasenmehrwegereduzierung basierend auf Signalqualit\u00e4tsmessungen geod\u00e4tischer GNSS-Empf\u00e4nger, Diss. TU Dresden 2011&#34; Deutsche Geod\u00e4tische Kommission bei der Bayerischen Akademie der Wissenschaften, Reihe C: Dissertationen, H. 665, M\u00fcnchen 2011 &#8211; siehe auch <a href=\"https:\/\/tu-dresden.de\/bu\/umwelt\/geo\/gi\/gg\/ressourcen\/dateien\/veroeffentlichungen\/Promotion-Rost.PDF?lang=de\" target=\"_blank\" rel=\"noopener\"> Web-Link&#160;(PDF)<\/a>\n<\/p>\n<p style=\"margin-top: 0px;margin-bottom: 6px;text-indent:-12px;margin-left:22px;\"> <a id=\"hannah_2001\" ><\/a>[Hannah 2001] Hannah, Bruce M: Modelling and simulation of GPS multipath propagation. Ph.D. Thesis. Queensland University of Technology, Brisbane (Australien), 2001 &#8211; siehe auch: Hannah, B. M.; K. Kubik; R. A. Walker: Propagation Modelling of GPS Signals, Uni Stuttgart (<a href=\"https:\/\/ifpwww.ifp.uni-stuttgart.de\/publications\/schriftenreihe\/quo_vadis\/pdf\/hannah.pdf\" target=\"_blank\" rel=\"noopener\">PDF-Link<\/a>)<\/p>\n<p style=\"margin-top: 0px;margin-bottom: 6px;text-indent:-12px;margin-left:22px;\"><a id=\"nieke_phil\" ><\/a>[Nieke 1997p] Nieke, H.: Newtons Beugungsexperimente und ihre historischen und philosophischen Folgerungen. Halle (Saale), Germany : H. Nieke, 1997 &#8211; <a href=\"http:\/\/www.gebeugtes-licht.de\/downloads\/phil1.pdf\" target=\"_blank\" rel=\"noopener\">Web-Link&#160;(PDF)<\/a><\/p>\n<p style=\"margin-top: 0px;margin-bottom: 6px;text-indent:-12px;margin-left:22px;\"><a id=\"nieke_1997\" ><\/a>[Nieke&#160;1997] Nieke, H.: Newtons Beugungsexperimente und ihre Weiterf\u00fchrung &#8211; Arbeit&#160;01 &#34;Die Newtonschen und Fresnelschen Beugungsexperimente&#34; (1997 \/ Dateidatum&#160;2007) &#8211; <a href=\"http:\/\/www.gebeugtes-licht.de\/downloads\/ARBEIT1.pdf\" target=\"_blank\" rel=\"noopener\">Web-Link&#160;(PDF)<\/a> <\/p>\n<p style=\"margin-top: 0px;margin-bottom: 6px;text-indent:-12px;margin-left:22px;\"><a id=\"Lehner_Steingass_2014\" ><\/a>[Lehner, Steingass 2014] Lehner, A.; Steinga\u00df, A.: Spatial Dynamic Wideband Modeling of the MIMO Satellite-to-Earth Channel. International Journal of Antennas and Propagation Volume 2014; Hindawi Publishing Corporation, Kairo 2014 &#8211; PDF-Download 1 (Hindawi &#8211; Creative Commons Attribution License) \/ <a href=\"https:\/\/elib.dlr.de\/89490\/1\/102754_final.pdf\" target=\"_blank\" rel=\"noopener\">PDF-Download 2<\/a> (DLR &#8211; Open access Article &#8211; Copyright \u00a9 2014 A. Lehner and A. Steinga\u00df)<\/p>\n<p style=\"margin-top: 0px;margin-bottom: 6px;text-indent:-12px;margin-left:22px;\"><a id=\"raedler_2009\" ><\/a>[Raedler 2009] R\u00e4dler, L.: Visualisation of Channel Measurement Data. Studienarbeit. Lehrstuhl f\u00fcr Medientechnik, Technische Universtit\u00e4t M\u00fcnchen, 2009 &#8211; Web-Link&#160;(PDF)  (EISLab, Uni Passau)<\/p>\n<p style=\"margin-top: 0px;margin-bottom: 6px;text-indent:-12px;margin-left:22px;\"><a id=\"Steingass_Lehner_2004\" ><\/a>[Steinga\u00df, Lehner 2004] Steingass, A.; Lehner, A.: Measurement of the Navigation Multipath Channel &#8211; A Statistical Analysis. Proceedings. ION GNSS 2004, Long Beach, CA, USA<\/p>\n<hr style=\"margin-top: 24px;margin-bottom: 6px;text-align:left;margin-left:0;width:30%;\">\n<p style=\"margin-top: 0px;margin-bottom: 6px;\">Klaus Dannowski &#8211; <a href=\"https:\/\/gps.hillclimb.de\/?page_id=9788\">Klaus&#8216; GPS-Ecke<\/a> <br \/><small>O1.12.2O11<\/small> <\/p>\n","protected":false},"excerpt":{"rendered":"<p>Zuletzt ge\u00e4ndert am 21.11.2023 Mehrwege-Empfang bei Ger\u00e4ten der Satelliten-Navigation (engl.: Multipath reception) f\u00fchrt stets zu Beeintr\u00e4chtigungen. Die Empfangs-Module einfacher GPS\/GNSS-Logger und GPS\/GNSS-Empf\u00e4nger verf\u00fcgen kaum \u00fcber Ma\u00dfnahmen um durch Umweg-Beitr\u00e4ge verf\u00e4lschte Satelliten-Signale oder gar die Umweg-Beitr\u00e4ge selbst zu eliminieren, sodass sie darauf besonders empfindlich reagieren, indem so auch mit Fehlern behaftete interne Teilergebnisse mit in die [&hellip;]<\/p>\n","protected":false},"author":2,"featured_media":0,"parent":8221,"menu_order":4,"comment_status":"closed","ping_status":"closed","template":"","meta":{"footnotes":""},"class_list":["post-7660","page","type-page","status-publish","hentry"],"_links":{"self":[{"href":"https:\/\/gps.hillclimb.de\/index.php?rest_route=\/wp\/v2\/pages\/7660","targetHints":{"allow":["GET"]}}],"collection":[{"href":"https:\/\/gps.hillclimb.de\/index.php?rest_route=\/wp\/v2\/pages"}],"about":[{"href":"https:\/\/gps.hillclimb.de\/index.php?rest_route=\/wp\/v2\/types\/page"}],"author":[{"embeddable":true,"href":"https:\/\/gps.hillclimb.de\/index.php?rest_route=\/wp\/v2\/users\/2"}],"replies":[{"embeddable":true,"href":"https:\/\/gps.hillclimb.de\/index.php?rest_route=%2Fwp%2Fv2%2Fcomments&post=7660"}],"version-history":[{"count":10,"href":"https:\/\/gps.hillclimb.de\/index.php?rest_route=\/wp\/v2\/pages\/7660\/revisions"}],"predecessor-version":[{"id":11308,"href":"https:\/\/gps.hillclimb.de\/index.php?rest_route=\/wp\/v2\/pages\/7660\/revisions\/11308"}],"up":[{"embeddable":true,"href":"https:\/\/gps.hillclimb.de\/index.php?rest_route=\/wp\/v2\/pages\/8221"}],"wp:attachment":[{"href":"https:\/\/gps.hillclimb.de\/index.php?rest_route=%2Fwp%2Fv2%2Fmedia&parent=7660"}],"curies":[{"name":"wp","href":"https:\/\/api.w.org\/{rel}","templated":true}]}}