{"id":7916,"date":"2016-01-13T15:21:47","date_gmt":"2016-01-13T14:21:47","guid":{"rendered":"http:\/\/gps.hillclimb.de\/?page_id=7916"},"modified":"2023-11-15T17:56:06","modified_gmt":"2023-11-15T16:56:06","slug":"pocketgps-s1-pg-s1-dateisystem-und-log-format","status":"publish","type":"page","link":"https:\/\/gps.hillclimb.de\/?page_id=7916","title":{"rendered":"PocketGPS S1 \/ PG-S1: Dateisystem und Log-Format"},"content":{"rendered":"<p style=\"margin-top: -12px;margin-bottom: 26px;font-size:0.7em;\">Letzte &Auml;nderung am 26.02.2017<\/p>\n<p style=\"margin-top: 0px;margin-bottom: 8px;\">Die Speicherkapazit\u00e4t, die dem PocketGPS&#160;S1 zur Verf\u00fcgung steht, ist bei dessen Erscheinen um ein Vielfaches gr\u00f6\u00dfer als bei den meisten GPS-Loggern mit MediaTek-Chipsatz. Der ca. 1600&#160;MByte gro\u00dfe Anwender-Speicher macht bei einem Logger ebenfalls Funktionen m\u00f6glich (<a href=\"https:\/\/gps.hillclimb.de\/?page_id=642#funktionen\" >hier aufgez\u00e4hlt<\/a>), die man bis dahin eher von gr\u00f6\u00dferen GPS-Ger\u00e4ten kannte.<\/p>\n<table style=\"float:right;border:0;margin:14px 8px 6px 12px;\">\n<tr>\n<td style=\"width:125px;line-height:90%;\"><a href=\"https:\/\/gps.hillclimb.de\/wp-content\/uploads\/2012\/01\/S1-Folder.jpg\" ><img decoding=\"async\" src=\"https:\/\/gps.hillclimb.de\/wp-content\/uploads\/2012\/01\/S1-Folder.jpg\" alt=\"Die Ordnerstruktur des PocketGPS_S1\" title=\"Die Ordnerstruktur des Anwenderspeichers des PocketGPS_S1&#160;\/&#160;PG-S1 \" width=\"118\" ><\/a><br \/><small>&#160;Bild&#160;1: Ordnerstruktur des 1,6&#160;GB-Anwenderspeichers <br \/>des CuuB-Loggers<\/small><\/td>\n<\/tr>\n<\/table>\n<p style=\"margin-top: 0px;margin-bottom: 8px;\">Als GPS-<em>Logger<\/em> betrieben, schreibt das &#34;PocketGPS&#160;S1&#34; \/ &#34;PG-S1&#34; die GPS-Daten in seinen (nichtfl\u00fcchtigen) Speicher, aus dem sie nach dem Ende der Aufzeichnung jederzeit gelesen werden k\u00f6nnen, wobei der Speicher als USB-Massenspeicher organisiert ist. Dessen Ordnerstruktur ist aus dem Bild&#160;1 (rechts) ersichtlich. &#8221;GPS&#8221; ist der Ordner mit den Log-Dateien.<\/p>\n<p style=\"margin-top: 0px;margin-bottom: 12px;\">Die GPS-Angaben werden im Log als NMEA-Sentenzen&#8201;<a href=\"#beschreib_nmea\"><strong><sup><b>Anm1<\/b><\/sup><\/strong><\/a> &#8211; im Einzelnen $GPGGA, $GPGSA, $GPGSV, $GPRMC &#8211; abgelegt. Komfort-Angaben wie Wegpunkt- und <a id=\"dateiaufbau\" ><\/a>LAP-Kennzeichnungen (Kennungen @WPRMC und @LPRMC), sowie Zusatzangaben  und Statusangaben (@CBDBG f\u00fcr barometrisch ermittelte relative H\u00f6hen, Batteriespannung, verf\u00fcgbaren Speicherplatz) sind in den Log-Dateien ebenfalls in Zeilen mit durch Kommata getrennten Angaben eingetragen.<\/p>\n<p style=\"margin-top: 0px;margin-bottom: 6px;\"><a id=\"log_ausschnitte\"><\/a>Der Aufbau der Log-Dateien folgt diesen Ausschnitten:<\/p>\n<p style=\"margin-top: 6px;margin-bottom: 6px;\"><strong>&#8211; Datei-Anfang<\/strong><\/p>\n<p style=\"margin-top: 0px;margin-bottom: 0px;padding-left:20px;\"><code>$CUUB GPS-S1 11.08.16<\/code><\/p>\n<p style=\"margin-top: 0px;margin-bottom: 6px;padding-left:20px\">(Hinweis auf den Hersteller, das Modell und die Firmware-Version)<\/p>\n<p style=\"margin-top: 0px;margin-bottom: 0px;padding-left:20px;\"><code>@CBSET,21,01,0E,00,00,01,02,... <\/code><\/p>\n<p style=\"margin-top: 0px;margin-bottom: 6px;padding-left:20px;\">(Angaben zur Konfiguration, wie z.&nbsp;B. Nr. des Startbildschirms, Nr. des Log-Zeitrasters usw. &#8211; nicht dokumentiert; f\u00fcr den Anwender wohl mehr so als beil\u00e4ufige Info)<\/p>\n<p style=\"margin-top: 0px;margin-bottom: 6px;\"><strong><a id=\"abfolge\" ><\/a>&#8211; Abfolge in den Datens\u00e4tzen<\/strong><\/p>\n<p style=\"margin-top: 0px;margin-bottom: 6px;padding-left:20px;\"><code>...<br \/>$GPRMC,125640.000,A,5055.2699,N,01344.9969,E,1.48,203.37,171111,,,A*68<br \/>\n@CBDBG,3,415,364,651<br \/>\n$GPGGA,125800.000,5055.2615,N,01344.9698,E,1,13,0.69,476.0,M,45.8,M,,*6A<br \/>\n$GPGSA,A,3,03,21,19,15,08,06,11,16,18,22,01,32,0.95,0.69,0.66*0D<br \/>\n$GPGSV,4,1,15,19,70,287,45,22,67,104,40,03,65,172,46,06,56,153,42*79<br \/>\n$GPGSV,4,2,15,37,41,168,,18,34,056,31,11,25,275,45,16,19,199,32*73<br \/>\n$GPGSV,4,3,15,14,15,132,27,21,12,082,24,01,10,266,40,08,06,308,40*75<br \/>\n$GPGSV,4,4,15,15,06,025,28,32,05,209,31,28,02,338,39*45<br \/>\n$GPRMC,125800.000,A,5055.2615,N,01344.9698,E,0.08,220.74,171111,,,A*64<br \/>\n@CBDBG,3,415,364,651<br \/>\n$GPGGA,125828.000,5055.2520,N,01344.9792,E,1,13,0.69,476.8,M,45.8,M,,*66<br \/>...<\/code><\/p>\n<p style=\"margin-top: 0px;margin-bottom: 0px;\"><strong>&#8211; Waypoint<\/strong> &#8211; Wegpunkt-Markierung: @WPRMC<\/p>\n<p style=\"margin-top: 0px;margin-bottom: 6px;padding-left:20px;\">\n<code>@WPRMC,151342.000,A,5055.2615,N,01344.9698,E,0.27,180.62,201011,,,A*6C<\/code><\/p>\n<p style=\"margin-top: 0px;margin-bottom: 0px;\"><strong>&#8211; Lappoint<\/strong> &#8211; Lap-Markierung: @LPRMC<\/p>\n<p style=\"margin-top: 0px;margin-bottom: 0px;padding-left:20px;\"><code>@LPRMC,092416.000,A,5055.2615,N,01344.9698,E,1.09,30.43,161111,,,A*58<\/code><\/p>\n<p style=\"margin-top: 0px;margin-bottom: 6px;padding-left:20px;\">(so wie auch bei &#8221;Waypoint&#8221; eigentlich eine GPRMC-Zeile mit ge\u00e4nderter Kennung; wird im Anschluss an die GPRMC-Zeile ausgegeben)<\/p>\n<p style=\"margin-top: 0px;margin-bottom: 0px;\"><strong>&#8211; Zusatzangaben<\/strong>&#160;<a href=\"#beschreib_cbdbg\"><sup><b>Anm2<\/b><\/sup><\/a><\/p>\n<p style=\"margin-top: 0px;margin-bottom: 4px;padding-left:20px;\"><code>@CBDBG,3,415,364,651<\/code><\/p>\n<p style=\"margin-top: 0px;margin-bottom: 8px;padding-left:30px;\">3 = ?<br \/>\n415 = Barometrische H\u00f6he&nbsp;\/&nbsp;m (\u00fc. See) &#8211; bezogen auf 15&nbsp;\u2103 und 1013,25&nbsp;hPa<br \/>\n364 = 100 * V<sub>batt<\/sub>&nbsp;\/&nbsp;V<br \/>\n651 = Restlicher Speicherplatz&nbsp;\/&nbsp;MByte\n<\/p>\n<h3 style=\"margin-top: 20px;margin-bottom: 2px;\">Anmerkungen <\/h3>\n<hr style=\"margin-top: 0px;margin-bottom: 12px;\">\n<p style=\"margin-top: 0px;margin-bottom: 8px;margin-left: 15px;text-indent: -15px;\"><a id=\"beschreib_nmea\"><\/a><strong><sup>Anm1<\/sup><\/strong>&#160;&#160;Angaben zu Inhalt und Aufbau der NMEA-Sentenzen k\u00f6nnen z.&#160;B. bei kowoma.de: Das NMEA-0183 Datenformat oder direkt bei <a href=\"http:\/\/www.nmea.de\/nmea0183datensaetze.html\" target=\"_blank\" rel=\"noopener\">NMEA.de <\/a> nachgelesen werden.    <\/p>\n<p style=\"margin-top: 0px;margin-bottom: 8px;margin-left: 15px;text-indent: -15px;\"><a id=\"beschreib_cbdbg\"><\/a><strong><sup>Anm2<\/sup><\/strong>&#160;&#160;Aus einem nicht mehr zug\u00e4nglichen Hinweis von K. Kawano (alias &#34;4river&#34;) im japanischen PC GPS Forum (&#34;www.gps-forum.org\/xoops\/modules\/newbb\/viewtopic.php?topic_id=195&#038;forum=5&#34;). <\/p>\n<hr style=\"margin-top: 24px;margin-bottom: 6px;text-align:left;margin-left:0;width:30%;\">\n<p style=\"margin-top: 0px;margin-bottom: 12px;\">Klaus Dannowski &#8211; <a href=\"https:\/\/gps.hillclimb.de\/?page_id=9788\">Klaus&#8216; GPS-Ecke<\/a> <br \/><small>3O.O1.2O12<\/small> <\/p>\n","protected":false},"excerpt":{"rendered":"<p>Letzte &Auml;nderung am 26.02.2017 Die Speicherkapazit\u00e4t, die dem PocketGPS&#160;S1 zur Verf\u00fcgung steht, ist bei dessen Erscheinen um ein Vielfaches gr\u00f6\u00dfer als bei den meisten GPS-Loggern mit MediaTek-Chipsatz. Der ca. 1600&#160;MByte gro\u00dfe Anwender-Speicher macht bei einem Logger ebenfalls Funktionen m\u00f6glich (hier aufgez\u00e4hlt), die man bis dahin eher von gr\u00f6\u00dferen GPS-Ger\u00e4ten kannte. &#160;Bild&#160;1: Ordnerstruktur des 1,6&#160;GB-Anwenderspeichers des [&hellip;]<\/p>\n","protected":false},"author":2,"featured_media":0,"parent":642,"menu_order":35,"comment_status":"closed","ping_status":"closed","template":"","meta":{"footnotes":""},"class_list":["post-7916","page","type-page","status-publish","hentry"],"_links":{"self":[{"href":"https:\/\/gps.hillclimb.de\/index.php?rest_route=\/wp\/v2\/pages\/7916","targetHints":{"allow":["GET"]}}],"collection":[{"href":"https:\/\/gps.hillclimb.de\/index.php?rest_route=\/wp\/v2\/pages"}],"about":[{"href":"https:\/\/gps.hillclimb.de\/index.php?rest_route=\/wp\/v2\/types\/page"}],"author":[{"embeddable":true,"href":"https:\/\/gps.hillclimb.de\/index.php?rest_route=\/wp\/v2\/users\/2"}],"replies":[{"embeddable":true,"href":"https:\/\/gps.hillclimb.de\/index.php?rest_route=%2Fwp%2Fv2%2Fcomments&post=7916"}],"version-history":[{"count":10,"href":"https:\/\/gps.hillclimb.de\/index.php?rest_route=\/wp\/v2\/pages\/7916\/revisions"}],"predecessor-version":[{"id":11091,"href":"https:\/\/gps.hillclimb.de\/index.php?rest_route=\/wp\/v2\/pages\/7916\/revisions\/11091"}],"up":[{"embeddable":true,"href":"https:\/\/gps.hillclimb.de\/index.php?rest_route=\/wp\/v2\/pages\/642"}],"wp:attachment":[{"href":"https:\/\/gps.hillclimb.de\/index.php?rest_route=%2Fwp%2Fv2%2Fmedia&parent=7916"}],"curies":[{"name":"wp","href":"https:\/\/api.w.org\/{rel}","templated":true}]}}