{"id":8221,"date":"2017-01-07T22:21:33","date_gmt":"2017-01-07T21:21:33","guid":{"rendered":"http:\/\/gps.hillclimb.de\/?page_id=8221"},"modified":"2023-12-13T11:17:55","modified_gmt":"2023-12-13T10:17:55","slug":"empfang-von-gps-mehrwegesignalen-ideensammlung","status":"publish","type":"page","link":"https:\/\/gps.hillclimb.de\/?page_id=8221","title":{"rendered":"Gegebenheiten beim Empfang von GPS-Mehrwegesignalen \u2013 Ideensammlung"},"content":{"rendered":"<p style=\"margin-top: -12px;margin-bottom: 26px;font-size:0.7em;\">Letzte &Auml;nderung am 13.12.2023 <\/p>\n<p style=\"margin-top: 0px;margin-bottom: 12px;font-size:0.9em;\">(Anmerkung 0&#8201;<a href=\"#anm_ideen\"><strong><sup><b>Anm0)<\/b><\/sup><\/strong><\/a>)<\/p>\n<p style=\"margin-top: 0px;margin-bottom: 12px;padding-left: 10px;\"><strong>&#8211; die Eintr\u00e4ge:<\/strong><\/p>\n<p style=\"margin-top: 0px;margin-bottom: 8px;padding-left: 24px;\"><a href=\"https:\/\/gps.hillclimb.de\/?page_id=2617\"><strong>Mehrwegeempfang bei GPS-Loggern<\/strong><\/a><\/p>\n<p style=\"margin-top: 0px;margin-bottom: 8px;padding-left: 24px;\"><a  href=\"https:\/\/gps.hillclimb.de\/?page_id=7660\"><strong>Beeinflussung der Signale von Navigationssatelliten durch Mehrwegeempfang<\/strong><\/a><\/p>\n<p style=\"margin-top: 0px;margin-bottom: 8px;padding-left: 24px;\"><a  href=\"https:\/\/gps.hillclimb.de\/?page_id=4977\"><strong>Mechanismen der Weitergabe der GPS-Signale \u00fcber Objekte der Umgebung<\/strong><\/a> <\/p>\n<p style=\"margin-top: 0px;margin-bottom: 8px;padding-left: 24px;\"><a  href=\"https:\/\/gps.hillclimb.de\/?page_id=4979\"><strong>Gerichtete und diffuse Reflexion von GPS-Signalen<\/strong><\/a> <\/p>\n<p style=\"margin-top: 0px;margin-bottom: 8px;padding-left: 24px;\"><a  href=\"https:\/\/gps.hillclimb.de\/?page_id=4534\"><strong>Beugung der GPS-Signale an Kanten abschattender Hindernisse<\/strong><\/a> <\/p>\n<p style=\"margin-top: 0px;margin-bottom: 8px;padding-left: 24px;\"><a  href=\"https:\/\/gps.hillclimb.de\/?page_id=3735\"><strong>Weitergabe der GPS-Signale an r\u00e4umlich begrenzten Objekten<\/strong><\/a> <\/p>\n<p style=\"margin-top: 0px;margin-bottom: 8px;padding-left: 24px;\"><a  href=\"https:\/\/gps.hillclimb.de\/?page_id=2939\"><strong>GPS-Empfang bei der Fortbewegung als Fu\u00dfg\u00e4nger<\/strong><\/a> <\/p>\n<p class=\"para-header\">Anmerkungen <\/p>\n<p style=\"margin-top: 0px;margin-bottom: 8px;margin-left: 15px;text-indent: -15px;\"><a id=\"anm_ideen\"><\/a><strong><sup>Anm0<\/sup><\/strong>&#160; &#34;Ideensammlung&#34; &#8211; ausf\u00fchrlicher sollte die \u00dcberschrift dieses Eintrags, dem weitere Eintr\u00e4ge untergeordnet sind (siehe Seitenleiste oben rechts), vielleicht hei\u00dfen:<\/p>\n<p style=\"margin-top: 0px;margin-bottom: 8px;margin-left: 15px\"> &#34;Einige Ideen und Ans\u00e4tze zu theoretischen Zusammenh\u00e4ngen von Erscheinungen beim GPS-Empfang in Situationen mit Beteiligung von Umwegsignalen&#34;<\/p>\n<p style=\"margin-top: 0px;margin-bottom: 8px;margin-left: 15px\"> &#34;Ideen, Denkans\u00e4tze &#34; k\u00f6nnen im Unterschied zu best\u00e4tigten Theorien mehr oder weniger ungenau sein, sich bei wiederholtem erneutem Betrachten als g\u00e4nzlich fehlerhaft oder gar irrt\u00fcmlich erweisen d\u00fcrfen oder aber sich dabei auch z.&#160;B. zu Fassungen mit gr\u00f6\u00dferer Genauigkeit und Glaubw\u00fcrdigkeit entwickeln.<\/p>\n<p style=\"margin-top: 0px;margin-bottom: 8px;margin-left: 15px\"> Folglich wird nicht alles hier unver\u00e4ndert bleiben. Manches wird vielleicht infragegestellt, vielleicht sogar verschwinden, anderes daf\u00fcr neu formuliert jeweils vorangegangene Fassungen, wenn auch nur in einzelnen S\u00e4tzen oder Abs\u00e4tzen, ersetzen &#8211; ohne Versionshistory: Allein das neue Datum bei &#34;Letzte \u00c4nderung am&#34; weist dann auf kleinere oder auch gr\u00f6\u00dfere \u00c4nderungen hin. <\/p>\n<hr style=\"margin-top: 24px;margin-bottom: 6px;text-align:left;margin-left:0;width:30%;\">\n<p style=\"margin-top: 0px;margin-bottom: 6px;\">Klaus Dannowski &#8211; <a href=\"https:\/\/gps.hillclimb.de\/?page_id=9788\">Klaus&#8216; GPS-Ecke<\/a> <br \/><small>O7.O1.2O17<\/small> <\/p>\n","protected":false},"excerpt":{"rendered":"<p>Letzte &Auml;nderung am 13.12.2023 (Anmerkung 0&#8201;Anm0)) &#8211; die Eintr\u00e4ge: Mehrwegeempfang bei GPS-Loggern Beeinflussung der Signale von Navigationssatelliten durch Mehrwegeempfang Mechanismen der Weitergabe der GPS-Signale \u00fcber Objekte der Umgebung Gerichtete und diffuse Reflexion von GPS-Signalen Beugung der GPS-Signale an Kanten abschattender Hindernisse Weitergabe der GPS-Signale an r\u00e4umlich begrenzten Objekten GPS-Empfang bei der Fortbewegung als Fu\u00dfg\u00e4nger Anmerkungen [&hellip;]<\/p>\n","protected":false},"author":2,"featured_media":0,"parent":0,"menu_order":0,"comment_status":"closed","ping_status":"closed","template":"","meta":{"footnotes":""},"class_list":["post-8221","page","type-page","status-publish","hentry"],"_links":{"self":[{"href":"https:\/\/gps.hillclimb.de\/index.php?rest_route=\/wp\/v2\/pages\/8221","targetHints":{"allow":["GET"]}}],"collection":[{"href":"https:\/\/gps.hillclimb.de\/index.php?rest_route=\/wp\/v2\/pages"}],"about":[{"href":"https:\/\/gps.hillclimb.de\/index.php?rest_route=\/wp\/v2\/types\/page"}],"author":[{"embeddable":true,"href":"https:\/\/gps.hillclimb.de\/index.php?rest_route=\/wp\/v2\/users\/2"}],"replies":[{"embeddable":true,"href":"https:\/\/gps.hillclimb.de\/index.php?rest_route=%2Fwp%2Fv2%2Fcomments&post=8221"}],"version-history":[{"count":10,"href":"https:\/\/gps.hillclimb.de\/index.php?rest_route=\/wp\/v2\/pages\/8221\/revisions"}],"predecessor-version":[{"id":11210,"href":"https:\/\/gps.hillclimb.de\/index.php?rest_route=\/wp\/v2\/pages\/8221\/revisions\/11210"}],"wp:attachment":[{"href":"https:\/\/gps.hillclimb.de\/index.php?rest_route=%2Fwp%2Fv2%2Fmedia&parent=8221"}],"curies":[{"name":"wp","href":"https:\/\/api.w.org\/{rel}","templated":true}]}}