{"id":906,"date":"2011-12-12T17:38:55","date_gmt":"2011-12-12T16:38:55","guid":{"rendered":"http:\/\/gps.hillclimb.de\/?page_id=906"},"modified":"2022-11-05T20:23:09","modified_gmt":"2022-11-05T19:23:09","slug":"tipps-zu-informationsmglichkeiten","status":"publish","type":"page","link":"https:\/\/gps.hillclimb.de\/?page_id=906","title":{"rendered":"PocketGPS S1 (PG-S1) \u2013 Tipps zu Informationsm\u00f6glichkeiten &#8211; &#8222;ohne Cuu:B&#8220;"},"content":{"rendered":"<p style=\"margin-top: -12px;margin-bottom: 26px;font-size:0.7em;\">Zuletzt ge\u00e4ndert am 12.01.2022 <\/p>\n<p style=\"margin-top: 0px;margin-bottom: 8px;\">\n<p class=\"para-header\">Vorab: Die Internetpr\u00e4senz von Cuu:B, koreanischer Hersteller des GPS-Loggers &#34;PocketGPS&#160;S1&#34; (in Japan unter &#34;PG-S1&#34; bekannt) ist weggefallen &#8211; einschlie\u00dflich der Inhalte zum Ger\u00e4t. <\/p>\n<p style=\"margin-top: 0px;margin-bottom: 8px;\">Seit dem Fr\u00fchjahr 2O14 ist die Internetpr\u00e4senz von Cuu:B komplett nicht mehr erreichbar. Eine Zeit lang erschien dann noch der Text &#34;\ud648\ud398\uc774\uc9c0 \uacf5\uc0ac\uc911\uc785\ub2c8\ub2e4&#34; (auf deutsch: &#34;Webseite ist im Aufbau&#34;), allerdings ohne Bezug zum &#34;PocketGPS&#160;S1&#34; (&#34;PG-S1&#34;). Im Internet sind nunmehr zu diesem GPS-Logger nur noch wenige, verstreute Informationen verf\u00fcgbar (Web-Translator, vorzugsweise zur \u00dcbersetzung ins Englische, benutzen).<\/p>\n<p class=\"para-header\">Tipps <\/p>\n<p>Weil das &#34;Storyish PocketGPS S1&#34; &#8211; als &#34;PG-S1&#34; &#8211; auch das Warensortiment der japanischen Onlineh\u00e4ndler bereichert hatte, finden sich auch auf deren japanischen Seiten Angaben in etwa des Umfangs des englischen Auftritts des Herstellers ,<\/p>\n<p style=\"margin-top: 0px;margin-bottom: 8px;\">so zur Benutzung des Loggers auf den Seiten des japanischen Interneth\u00e4ndlers <a href=\"http:\/\/www.hanwha-japan.com\/products\/pgs1\/howtouse.php\" target=\"_blank\" rel=\"noopener\">Hanwha<\/a> (so gesehen am 12.O1.2O22). <\/p>\n<p style=\"margin-top: 0px;margin-bottom: 8px;\">Falls das im Auslieferzustand im Logger selbst enthaltene Storyish Programm (das &#34;Storyish PC Tool&#34;) verloren gegangen ist, kann es als Version V1.4.08 (am weitesten fortgeschrittener Stand) ebenfalls bei <a href=\"http:\/\/www.hanwha-japan.com\/products\/pgs1\/firmware\/Storyish_PCProgram_V1.4.08.zip\" target=\"_blank\" rel=\"noopener\">Hanhwa<\/a> oder auch <a href=\"http:\/\/cfile8.uf.tistory.com\/attach\/270A85485229C19505C090\" target=\"_blank\" rel=\"noopener\">hier<\/a> heruntergeladen werden. Sie entspricht voll dem Stand, der auch einigen Eintr\u00e4gen der &#34;GPS-Ecke&#34; zugrundeliegt.<\/p>\n<p style=\"margin-top: 0px;margin-bottom: 8px;\">Schlecht stehen die Chancen, m\u00fcsste die Loggerfirmware neu aufgebracht werden: Lediglich eine etwas \u00e4ltere Version, V.11.03.02, ist noch bei <a href=\"http:\/\/www.hanwha-japan.com\/products\/pgs1\/firmware\/PocketGPS_S1_110302_JPN.zip\" target=\"_blank\" rel=\"noopener\">Hanhwa<\/a> verlinkt. Eigene Erfahrungen mit dieser Version, insbesondere auch zu den damit im Logger verf\u00fcgbaren Spracheinstellungen, liegen nicht vor. Aktuell w\u00e4re V.11.08.16.<\/p>\n<p>Erw\u00e4hnt sei noch der Bericht <a href=\"https:\/\/dc.watch.impress.co.jp\/docs\/review\/item\/379120.html\" target=\"_blank\" rel=\"noopener\">dc.watch.impress.co.jp\/docs\/review\/item\/379120.html<\/a>, den &#34;Google Translate&#34; in ein recht weitgehend lesbares Englisch \u00fcbersetzt.<\/p>\n<p>Anregung zur Nutzung koreanischer und japanischer Webeintr\u00e4ge: <br \/>&#34;Google Translate&#34; sowie &#34;Microsoft Translator&#34; k\u00f6nnen, vorzugsweise in der Einstellung &#34;Korean to English&#34;, als unbedingt ben\u00f6tigte Hilfen gelten. Einer intensiveren Nutzung solcher Texte k\u00f6nnen sich allerdings auch damit noch immer einige H\u00fcrden entgegenstellen. Aus Gr\u00fcnden des \u00fcblicher Weise nicht westeurop\u00e4ischen Zeichensatzes ist eine Suche sowohl innerhalb des Originals als auch in der \u00dcbersetzung fast nur erfolgreich, wenn man den gesuchten Begriff, auch wenn er einzig lateinische Buchstaben enth\u00e4lt, \u00fcber die Zwischenablage aus dem Originaltext in das Suche-Fenster \u00fcbertragen kann. <\/p>\n<hr style=\"margin-top: 24px;margin-bottom: 6px;text-align:left;margin-left:0;width:30%;\">\n<p style=\"margin-top: 0px;margin-bottom: 12px;\">Klaus Dannowski &#8211; <a href=\"https:\/\/gps.hillclimb.de\/?page_id=9788\">Klaus&#8216; GPS-Ecke<\/a> <br \/><small>O1.12.2O11<\/small> <\/p>\n<p>&#34;Tips to sources of information&#34;<\/p>\n","protected":false},"excerpt":{"rendered":"<p>Zuletzt ge\u00e4ndert am 12.01.2022 Vorab: Die Internetpr\u00e4senz von Cuu:B, koreanischer Hersteller des GPS-Loggers &#34;PocketGPS&#160;S1&#34; (in Japan unter &#34;PG-S1&#34; bekannt) ist weggefallen &#8211; einschlie\u00dflich der Inhalte zum Ger\u00e4t. Seit dem Fr\u00fchjahr 2O14 ist die Internetpr\u00e4senz von Cuu:B komplett nicht mehr erreichbar. Eine Zeit lang erschien dann noch der Text &#34;\ud648\ud398\uc774\uc9c0 \uacf5\uc0ac\uc911\uc785\ub2c8\ub2e4&#34; (auf deutsch: &#34;Webseite ist im [&hellip;]<\/p>\n","protected":false},"author":2,"featured_media":0,"parent":642,"menu_order":11,"comment_status":"closed","ping_status":"open","template":"","meta":{"footnotes":""},"class_list":["post-906","page","type-page","status-publish","hentry"],"_links":{"self":[{"href":"https:\/\/gps.hillclimb.de\/index.php?rest_route=\/wp\/v2\/pages\/906","targetHints":{"allow":["GET"]}}],"collection":[{"href":"https:\/\/gps.hillclimb.de\/index.php?rest_route=\/wp\/v2\/pages"}],"about":[{"href":"https:\/\/gps.hillclimb.de\/index.php?rest_route=\/wp\/v2\/types\/page"}],"author":[{"embeddable":true,"href":"https:\/\/gps.hillclimb.de\/index.php?rest_route=\/wp\/v2\/users\/2"}],"replies":[{"embeddable":true,"href":"https:\/\/gps.hillclimb.de\/index.php?rest_route=%2Fwp%2Fv2%2Fcomments&post=906"}],"version-history":[{"count":10,"href":"https:\/\/gps.hillclimb.de\/index.php?rest_route=\/wp\/v2\/pages\/906\/revisions"}],"predecessor-version":[{"id":10706,"href":"https:\/\/gps.hillclimb.de\/index.php?rest_route=\/wp\/v2\/pages\/906\/revisions\/10706"}],"up":[{"embeddable":true,"href":"https:\/\/gps.hillclimb.de\/index.php?rest_route=\/wp\/v2\/pages\/642"}],"wp:attachment":[{"href":"https:\/\/gps.hillclimb.de\/index.php?rest_route=%2Fwp%2Fv2%2Fmedia&parent=906"}],"curies":[{"name":"wp","href":"https:\/\/api.w.org\/{rel}","templated":true}]}}